{"id":757606,"date":"2025-08-28T07:40:20","date_gmt":"2025-08-28T04:40:20","guid":{"rendered":"https:\/\/roveyayinevi.com.tr\/index.php\/urun\/feminist-mercekten-guzide-bir-arayis\/"},"modified":"2026-04-16T03:10:44","modified_gmt":"2026-04-16T00:10:44","slug":"feminist-mercekten-guzide-bir-arayis","status":"publish","type":"product","link":"https:\/\/roveyayinevi.com.tr\/index.php\/urun\/feminist-mercekten-guzide-bir-arayis\/","title":{"rendered":"Feminist Mercekten G\u00fczide Bir Aray\u0131\u015f"},"content":{"rendered":"<p>Son d\u00f6nem Osmanl\u0131 ve erken Cumhuriyet devri edebiyat\u00e7\u0131lar\u0131ndan biri olan G\u00fczide Osman, feminist aktiviteleri ve edebi \u00fcretimi dolay\u0131s\u0131yla anti-feminist literat\u00fcr\u00fcn hedef ald\u0131\u011f\u0131 isimlerin aras\u0131nda olmu\u015ftur. Zeynep Tek\u2019in \u201cG\u00fczide Han\u0131m\u201d\u0131n kim oldu\u011fu sorusunun pe\u015finden giderken Harvard \u00dcniversitesi\u2019nin k\u00fct\u00fcphanesinde Nezihe Muhittin\u2019in \u201cG\u00fczide Osman Han\u0131mefendiye\u201d imzalad\u0131\u011f\u0131 kitaba tesad\u00fcfen dokunu\u015fu, bu kitab\u0131 \u00f6ren ilk ilmiktir. 1924\u2019te Nezihe Muhittin\u2019in temelini att\u0131\u011f\u0131 Kad\u0131n Birli\u011fi\u2019nin kurucular\u0131ndan olan G\u00fczide Osman (1902-1974) sehven G\u00fczide Sabri\u2019nin (1883-1945) m\u00fcstear ad\u0131 olarak ge\u00e7er. Feminist Mercekten G\u00fczide Bir Aray\u0131\u015f iki G\u00fczide\u2019nin tarihinin nas\u0131l birle\u015fti\u011fini ve ayr\u0131laca\u011f\u0131n\u0131 anlamaya \u00e7al\u0131\u015f\u0131yor. Bir yandan feminist biyografi ekseninde G\u00fczide Osman\u2019\u0131n izlerini kaynaklarda s\u00fcrerken G\u00fczide Sabri\u2019nin m\u00fckerrer hatalarla yaz\u0131lan biyografisini tashih ediyor, di\u011fer yandan metinlerini temel alarak G\u00fczide Osman\u2019\u0131n \u015fair, hik\u00e2ye yazar\u0131 ve tiyatro ele\u015ftirmeni kimliklerini toplumsal cinsiyet, hastal\u0131k, milliyet\u00e7ilik ve mizah ekseninde anlamland\u0131r\u0131yor. \u00d6zellikle romantik \u015fiir ve mensurelerde, divan \u015fiirinde oldu\u011fu gibi, toplumsal cinsiyet kimlikleri aras\u0131nda \u201csal\u0131ncak\u201d kuran ne eril ne di\u015fil (hem eril hem di\u015fil) s\u00f6yleme \u00f6zel bir \u00f6nem atfediyor. Feminist bir biyografi ortaya koyman\u0131n \u00f6tesinde, tarihin unuttu\u011fu ve unutturdu\u011fu bir kad\u0131n yazar ve \u015faire iadei itibar, hatta iadei \u015fahsiyet ediyor.<\/p>\n","protected":false},"excerpt":{"rendered":"<p>Son d\u00f6nem Osmanl\u0131 ve erken Cumhuriyet devri edebiyat\u00e7\u0131lar\u0131ndan biri olan G\u00fczide Osman, feminist aktiviteleri ve edebi \u00fcretimi dolay\u0131s\u0131yla anti-feminist literat\u00fcr\u00fcn hedef ald\u0131\u011f\u0131 isimlerin aras\u0131nda olmu\u015ftur. Zeynep<span class=\"excerpt-hellip\"> [\u2026]<\/span><\/p>\n","protected":false},"featured_media":0,"template":"","meta":{"_monsterinsights_skip_tracking":false,"_monsterinsights_sitenote_active":false,"_monsterinsights_sitenote_note":"","_monsterinsights_sitenote_category":0},"product_brand":[],"product_cat":[14741,13488],"product_tag":[],"class_list":{"0":"post-757606","1":"product","2":"type-product","3":"status-publish","5":"product_cat-kadin-sorunlari-feminizm","6":"product_cat-toplum-ve-insan","7":"pa_cilt-ciltsiz","8":"pa_tur-kitap","9":"pa_yayinevi-iletisim-yayinlari","10":"pa_yazar-zeynep-tek","12":"first","13":"instock","14":"sale","15":"shipping-taxable","16":"purchasable","17":"product-type-simple"},"_links":{"self":[{"href":"https:\/\/roveyayinevi.com.tr\/index.php\/wp-json\/wp\/v2\/product\/757606","targetHints":{"allow":["GET"]}}],"collection":[{"href":"https:\/\/roveyayinevi.com.tr\/index.php\/wp-json\/wp\/v2\/product"}],"about":[{"href":"https:\/\/roveyayinevi.com.tr\/index.php\/wp-json\/wp\/v2\/types\/product"}],"wp:attachment":[{"href":"https:\/\/roveyayinevi.com.tr\/index.php\/wp-json\/wp\/v2\/media?parent=757606"}],"wp:term":[{"taxonomy":"product_brand","embeddable":true,"href":"https:\/\/roveyayinevi.com.tr\/index.php\/wp-json\/wp\/v2\/product_brand?post=757606"},{"taxonomy":"product_cat","embeddable":true,"href":"https:\/\/roveyayinevi.com.tr\/index.php\/wp-json\/wp\/v2\/product_cat?post=757606"},{"taxonomy":"product_tag","embeddable":true,"href":"https:\/\/roveyayinevi.com.tr\/index.php\/wp-json\/wp\/v2\/product_tag?post=757606"}],"curies":[{"name":"wp","href":"https:\/\/api.w.org\/{rel}","templated":true}]}}