{"id":757605,"date":"2025-08-28T07:40:19","date_gmt":"2025-08-28T04:40:19","guid":{"rendered":"https:\/\/roveyayinevi.com.tr\/index.php\/urun\/ibn-haldun-metodu-ve-siyaset-teorisi-2\/"},"modified":"2026-04-16T03:10:44","modified_gmt":"2026-04-16T00:10:44","slug":"ibn-haldun-metodu-ve-siyaset-teorisi-2","status":"publish","type":"product","link":"https:\/\/roveyayinevi.com.tr\/index.php\/urun\/ibn-haldun-metodu-ve-siyaset-teorisi-2\/","title":{"rendered":"\u0130bn Haldun Metodu ve Siyaset Teorisi"},"content":{"rendered":"<p>\u201c\u0130bn Haldun\u2019un kahr-tagall\u00fcb\u2019\u00fcn h\u00fckm\u2019\u00fc do\u011furdu\u011funu ve M\u00fclk-Devlet\u2019in h\u00fckm ile var oldu\u011funun teorik konumunu ger\u00e7ekle\u015ftiri\u015finden beridir, hele 20. y\u00fczy\u0131lda, d\u00fc\u015f\u00fcn\u00fcr, hep, \u2013yukar\u0131da k\u0131saca hat\u0131rlatt\u0131\u011f\u0131m\u0131z \u00fczere\u2013 devrev\u00ee gidi\u015f nazariyat\u00e7\u0131s\u0131 olarak, ya da organizmac\u0131 nazariyat\u00e7\u0131 \u015feklinde, tabi\u00ee en koyu bi\u00e7imde de, devrev\u00ee\u2019ci ve organizmac\u0131 olarak sapt\u0131r\u0131lmaya \u00e7al\u0131\u015f\u0131lm\u0131\u015ft\u0131r.\u201d \u0130bn Haldun, 14. y\u00fczy\u0131lda modern sosyolojinin ve tarih\u00e7ili\u011fin, hatta iktisat biliminin \u00f6nc\u00fclerinden oldu\u011fu ileri s\u00fcr\u00fclen, devlet ve siyaset teorisinde Machiavelli\u2019ye \u201ce\u015f ko\u015fulan\u201d bir d\u00fc\u015f\u00fcn\u00fcr. \u00dcmit Hassan\u2019\u0131n, \u0130bn Haldun\u2019un b\u00fcy\u00fck klasi\u011fi Mukaddime\u2019sinin \u00f6z\u00fct\u00fcn\u00fc \u00e7\u0131kard\u0131\u011f\u0131 bu eseri de, \u00e7a\u011fda\u015f literat\u00fcrde bir klasiktir. Hassan, Mukaddime\u2019yi ve onun kilit kavramlar\u0131n\u0131, hadariler (yerle\u015fikler)-bedeviler \u00e7eli\u015fkisini, toplumsal birlik ba\u011f\u0131n\u0131 anlatan asabiyye\u2019yi, zevkli \u00fcsl\u00fbbuyla, ele\u015ftirel bir analize tabi tutar. Kitab\u0131, b\u00fct\u00fcnc\u00fcl bir sosyal teori tart\u0131\u015fmas\u0131na vesile eder. Mukaddime\u2019yi esas olarak, devletin, tahakk\u00fcm\u00fcn, s\u0131n\u0131flar\u0131n olu\u015fumunun kadim tarihi a\u00e7\u0131s\u0131ndan ele al\u0131r. Orada devletlerin yozla\u015fma d\u00f6ng\u00fcs\u00fcne bakarken, zulm\u00fcn tarihsel kurumla\u015fmas\u0131n\u0131 izliyoruzdur bir yandan da. \u201cKitap, \u0130bn Haldun\u2019un \u00f6zg\u00fcn metodolojisi ve siyaset bilimine katk\u0131lar\u0131 \u00fczerinde durmakta, ama ayn\u0131 zamanda bir \u0130bn Haldun k\u00fclt\u00fcn\u00fcn olu\u015fmas\u0131na da kar\u015f\u0131 \u00e7\u0131kmakta, 14. y\u00fczy\u0131l\u0131n d\u00fc\u015f\u00fcn\u00fcr\u00fcn\u00fc sosyal bilimlerin, felsefenin, ele\u015ftirel d\u00fc\u015f\u00fcncenin kayna\u011f\u0131 ve ufku olarak g\u00f6rmeyi reddetmekteydi.\u201dHAM\u0130T BOZARSLAN<\/p>\n","protected":false},"excerpt":{"rendered":"<p>\u201c\u0130bn Haldun\u2019un kahr-tagall\u00fcb\u2019\u00fcn h\u00fckm\u2019\u00fc do\u011furdu\u011funu ve M\u00fclk-Devlet\u2019in h\u00fckm ile var oldu\u011funun teorik konumunu ger\u00e7ekle\u015ftiri\u015finden beridir, hele 20. y\u00fczy\u0131lda, d\u00fc\u015f\u00fcn\u00fcr, hep, \u2013yukar\u0131da k\u0131saca hat\u0131rlatt\u0131\u011f\u0131m\u0131z \u00fczere\u2013 devrev\u00ee gidi\u015f<span class=\"excerpt-hellip\"> [\u2026]<\/span><\/p>\n","protected":false},"featured_media":0,"template":"","meta":{"_monsterinsights_skip_tracking":false,"_monsterinsights_sitenote_active":false,"_monsterinsights_sitenote_note":"","_monsterinsights_sitenote_category":0},"product_brand":[],"product_cat":[12351,12324],"product_tag":[],"class_list":{"0":"post-757605","1":"product","2":"type-product","3":"status-publish","5":"product_cat-siyaset-sosyolojisi","6":"product_cat-sosyoloji","7":"pa_cilt-ciltsiz","8":"pa_tur-kitap","9":"pa_yayinevi-iletisim-yayinlari","10":"pa_yazar-umit-hassan","12":"first","13":"instock","14":"sale","15":"shipping-taxable","16":"purchasable","17":"product-type-simple"},"_links":{"self":[{"href":"https:\/\/roveyayinevi.com.tr\/index.php\/wp-json\/wp\/v2\/product\/757605","targetHints":{"allow":["GET"]}}],"collection":[{"href":"https:\/\/roveyayinevi.com.tr\/index.php\/wp-json\/wp\/v2\/product"}],"about":[{"href":"https:\/\/roveyayinevi.com.tr\/index.php\/wp-json\/wp\/v2\/types\/product"}],"wp:attachment":[{"href":"https:\/\/roveyayinevi.com.tr\/index.php\/wp-json\/wp\/v2\/media?parent=757605"}],"wp:term":[{"taxonomy":"product_brand","embeddable":true,"href":"https:\/\/roveyayinevi.com.tr\/index.php\/wp-json\/wp\/v2\/product_brand?post=757605"},{"taxonomy":"product_cat","embeddable":true,"href":"https:\/\/roveyayinevi.com.tr\/index.php\/wp-json\/wp\/v2\/product_cat?post=757605"},{"taxonomy":"product_tag","embeddable":true,"href":"https:\/\/roveyayinevi.com.tr\/index.php\/wp-json\/wp\/v2\/product_tag?post=757605"}],"curies":[{"name":"wp","href":"https:\/\/api.w.org\/{rel}","templated":true}]}}