{"id":757601,"date":"2025-08-28T07:40:12","date_gmt":"2025-08-28T04:40:12","guid":{"rendered":"https:\/\/roveyayinevi.com.tr\/index.php\/urun\/otobiyografi-3\/"},"modified":"2026-04-16T03:10:44","modified_gmt":"2026-04-16T00:10:44","slug":"otobiyografi-3","status":"publish","type":"product","link":"https:\/\/roveyayinevi.com.tr\/index.php\/urun\/otobiyografi-3\/","title":{"rendered":"Otobiyografi"},"content":{"rendered":"<p>On dokuzuncu y\u00fczy\u0131l\u0131n en b\u00fcy\u00fck filozoflar\u0131ndan biri olan John Stuart Mill (180673), yaln\u0131zca d\u00fc\u015f\u00fcnce ve ifade \u00f6zg\u00fcrl\u00fc\u011f\u00fc, kad\u0131nlar\u0131n \u00f6zg\u00fcrle\u015fmesi, mant\u0131k, ekonomi politik gibi bir\u00e7ok alanda put k\u0131r\u0131c\u0131 tezler ortaya atmam\u0131\u015f, ayn\u0131 zamanda \u201c\u00e7o\u011funlu\u011fun tiranl\u0131\u011f\u0131\u201d kavram\u0131yla modern demokrasinin radikal bir ele\u015ftirisini yapm\u0131\u015f, babas\u0131 James Mill ile onun en yak\u0131n dostu ve felsefi m\u00fcttefiki Jeremy Bentham\u2019\u0131n on sekizinci y\u00fczy\u0131l\u0131n Ayd\u0131nlanma d\u00fc\u015f\u00fcncesine dayanan faydac\u0131l\u0131k kuram\u0131n\u0131 on dokuzuncu y\u00fczy\u0131l\u0131n Romantizmi ve tarihselcili\u011fi ile harmanlayarak \u00e7ok daha y\u00fcksek bir a\u015famaya ta\u015f\u0131m\u0131\u015ft\u0131r. \u0130\u015fte siyasal d\u00fc\u015f\u00fcnce tarihindeki en berrak zihinlerden birinin d\u00fc\u015f\u00fcnme ve ya\u015fama deneyimini kendi kaleminden okuyucusunun hizmetine sunan Otobiyografi, Mill\u2019in \u00e7ocukluk y\u0131llar\u0131nda ald\u0131\u011f\u0131 ola\u011fan\u00fcst\u00fc e\u011fitimi, bu e\u011fitimin yol a\u00e7t\u0131\u011f\u0131 derin varolu\u015fsal buhran\u0131, s\u00fcrekli \u00f6\u011frenmeye a\u00e7\u0131k bir zihnin geli\u015fim evrelerini ve d\u00fc\u015f\u00fcnsel ve ahlaki anlamda beslendi\u011fi kaynaklar\u0131 duru bir dille hik\u00e2yele\u015ftiren kelimenin tam anlam\u0131yla klasik bir metindir.<\/p>\n","protected":false},"excerpt":{"rendered":"<p>On dokuzuncu y\u00fczy\u0131l\u0131n en b\u00fcy\u00fck filozoflar\u0131ndan biri olan John Stuart Mill (180673), yaln\u0131zca d\u00fc\u015f\u00fcnce ve ifade \u00f6zg\u00fcrl\u00fc\u011f\u00fc, kad\u0131nlar\u0131n \u00f6zg\u00fcrle\u015fmesi, mant\u0131k, ekonomi politik gibi bir\u00e7ok alanda put<span class=\"excerpt-hellip\"> [\u2026]<\/span><\/p>\n","protected":false},"featured_media":0,"template":"","meta":{"_monsterinsights_skip_tracking":false,"_monsterinsights_sitenote_active":false,"_monsterinsights_sitenote_note":"","_monsterinsights_sitenote_category":0},"product_brand":[],"product_cat":[14009,12291],"product_tag":[],"class_list":{"0":"post-757601","1":"product","2":"type-product","3":"status-publish","5":"product_cat-biyografi-otobiyografi-edebiyat","6":"product_cat-edebiyat","7":"pa_cilt-ciltsiz","8":"pa_tur-kitap","9":"pa_yayinevi-bilge-kultur-sanat","10":"pa_yazar-john-stuart-mill","12":"first","13":"instock","14":"sale","15":"shipping-taxable","16":"purchasable","17":"product-type-simple"},"_links":{"self":[{"href":"https:\/\/roveyayinevi.com.tr\/index.php\/wp-json\/wp\/v2\/product\/757601","targetHints":{"allow":["GET"]}}],"collection":[{"href":"https:\/\/roveyayinevi.com.tr\/index.php\/wp-json\/wp\/v2\/product"}],"about":[{"href":"https:\/\/roveyayinevi.com.tr\/index.php\/wp-json\/wp\/v2\/types\/product"}],"wp:attachment":[{"href":"https:\/\/roveyayinevi.com.tr\/index.php\/wp-json\/wp\/v2\/media?parent=757601"}],"wp:term":[{"taxonomy":"product_brand","embeddable":true,"href":"https:\/\/roveyayinevi.com.tr\/index.php\/wp-json\/wp\/v2\/product_brand?post=757601"},{"taxonomy":"product_cat","embeddable":true,"href":"https:\/\/roveyayinevi.com.tr\/index.php\/wp-json\/wp\/v2\/product_cat?post=757601"},{"taxonomy":"product_tag","embeddable":true,"href":"https:\/\/roveyayinevi.com.tr\/index.php\/wp-json\/wp\/v2\/product_tag?post=757601"}],"curies":[{"name":"wp","href":"https:\/\/api.w.org\/{rel}","templated":true}]}}