{"id":757600,"date":"2025-08-28T07:40:11","date_gmt":"2025-08-28T04:40:11","guid":{"rendered":"https:\/\/roveyayinevi.com.tr\/index.php\/urun\/bireysel-farkliliklarin-kilit-dusunurleri\/"},"modified":"2026-04-16T03:10:44","modified_gmt":"2026-04-16T00:10:44","slug":"bireysel-farkliliklarin-kilit-dusunurleri","status":"publish","type":"product","link":"https:\/\/roveyayinevi.com.tr\/index.php\/urun\/bireysel-farkliliklarin-kilit-dusunurleri\/","title":{"rendered":"Bireysel Farkl\u0131l\u0131klar\u0131n Kilit D\u00fc\u015f\u00fcn\u00fcrleri"},"content":{"rendered":"<p>\u201cBu kitap, ki\u015filik, zek\u00e2 ve bunlar\u0131n \u00f6l\u00e7\u00fcm\u00fc alan\u0131nda \u00e7al\u0131\u015fan yetkin psikologlar\u0131n ge\u00e7mi\u015flerine ve ki\u015fisel ya\u015famlar\u0131na bir perde aralamaktad\u0131r. Bu k\u0131sa eser, psikologlar\u0131n ge\u00e7mi\u015fleri ve \u00f6zel ya\u015famlar\u0131n\u0131n onlar\u0131n teorilerini ve s\u0131k s\u0131k patlak veren tart\u0131\u015fmalar\u0131 nas\u0131l ve neden etkilemi\u015f olabilece\u011fini anlamam\u0131za yard\u0131mc\u0131 olmaktad\u0131r. Kitap, Eysenck&#8217;in \u2018fizik k\u0131skan\u00e7l\u0131\u011f\u0131n\u0131\u2019 anlatmak gibi alayc\u0131, hafif bir dokunu\u015fla ve ilgi \u00e7ekici bir dille yaz\u0131lm\u0131\u015ft\u0131r. Alanda b\u00fcy\u00fck etki yaratm\u0131\u015f teoriler i\u00e7in b\u00fcy\u00fcleyici bir arka plan sa\u011flamaktad\u0131r. Bu nedenledir ki hem uzmanlar\u0131n hem de uzman olmayanlar\u0131n ilgisini \u00e7ekecektir.\u201d     \u2012 Colin Cooper, Psikoloji B\u00f6l\u00fcm\u00fc, Queen\u2019s \u00dcniversitesi, BelfastBireysel Farkl\u0131l\u0131klar\u0131n Kilit D\u00fc\u015f\u00fcn\u00fcrleri, zek\u00e2 ve ki\u015filik \u00f6l\u00e7\u00fcmlerini \u015fekillendiren ve geli\u015ftiren en etkili 25 ki\u015finin hayat\u0131n\u0131, \u00e7al\u0131\u015fmalar\u0131n\u0131 ve d\u00fc\u015f\u00fcncelerini tan\u0131t\u0131yor. Akademik olaylar\u0131n \u00f6zge\u00e7mi\u015finden yola \u00e7\u0131kan bu kitapta, psikologlar\u0131n sadece fikirlerini de\u011fil, onlar\u0131 \u015fekillendiren sosyal deneyimleri, a\u015fklar\u0131 ve kay\u0131plar\u0131n\u0131 da bir araya getirerek anlamland\u0131r\u0131yor.Forsythe, kronolojik bir yakla\u015f\u0131m benimseyerek, Charles Galton&#8217;\u0131n ne\u015fesi ve kat\u0131ks\u0131z dehas\u0131ndan, Hans Eysenck ve John Philippe Rushton&#8217;\u0131n oyunculu\u011fundan, Isabel Myers, Katherine Briggs ve Karen Horney gibi g\u00f6zden uzak kalm\u0131\u015f olan d\u00fc\u015f\u00fcn\u00fcrlere dek, onlar\u0131n d\u00fc\u015f\u00fcncelerinin arkas\u0131ndaki tarih\u00ee zemini ve ba\u011flam\u0131 sunuyor. Fenomenolojik bir mercekle, kitapta, bu d\u00fc\u015f\u00fcn\u00fcrlerin ge\u00e7mi\u015fleri, i\u00e7 ba\u011flant\u0131lar\u0131, tart\u0131\u015fmalar\u0131 ve sohbetleri \u00f6n plana \u00e7\u0131k\u0131yor.Bu bilgilendirici rehber, bireysel farkl\u0131l\u0131klar, ki\u015filik ve zek\u00e2 alan\u0131nda \u00e7al\u0131\u015fan, okuyan veya sadece bu konulardan etkilenenler i\u00e7in temel bir okuma oldu\u011fu gibi bireysel farkl\u0131l\u0131klar\u0131n ve psikolojinin tarihini \u00f6\u011frenmek isteyen herkes i\u00e7in de paha bi\u00e7ilmez bir kaynak olarak g\u00f6r\u00fclebilir.Alex Forsythe \u0130\u015f Psikolojisi Derne\u011fi Sertifikasyon Ba\u015fkan\u0131, Liverpool \u00dcniversitesinde Onursal K\u0131demli \u00d6\u011fretim \u00dcyesi ve Wolverhampton \u00dcniversitesinde Psikoloji B\u00f6l\u00fcm\u00fcn\u00fcn Ba\u015fkan\u0131d\u0131r. \u00c7e\u015fitli ba\u015far\u0131lar\u0131n\u0131n yan\u0131 s\u0131ra, Yeminli Mesleki Psikolog, BPS test kullan\u0131m\u0131 uzman\u0131 ve 2018&#8217;de hem Y\u00fcksek \u00d6\u011frenim Akademisi Asli Bursu hem de prestijli Ulusal \u00d6\u011fretim Bursu sahibidir. \u00d6zel, kamu ve g\u00f6n\u00fcll\u00fc sekt\u00f6rlerde \u00fcst d\u00fczeylerde \u00e7al\u0131\u015fan kapsaml\u0131 bir organizasyonel deneyime sahip olan Alex&#8217;in uzmanl\u0131\u011f\u0131, hedef belirleme yoluyla i\u015f performans\u0131n\u0131 iyile\u015ftirmeyi ve bireylerin sa\u011fl\u0131kl\u0131 \u00f6z-denetim davran\u0131\u015flar\u0131n\u0131 ve geri bildirimler vas\u0131tas\u0131yla ili\u015fkilerini geli\u015ftirmelerine yard\u0131mc\u0131 olmay\u0131 kapsamaktad\u0131r.<\/p>\n","protected":false},"excerpt":{"rendered":"<p>\u201cBu kitap, ki\u015filik, zek\u00e2 ve bunlar\u0131n \u00f6l\u00e7\u00fcm\u00fc alan\u0131nda \u00e7al\u0131\u015fan yetkin psikologlar\u0131n ge\u00e7mi\u015flerine ve ki\u015fisel ya\u015famlar\u0131na bir perde aralamaktad\u0131r. Bu k\u0131sa eser, psikologlar\u0131n ge\u00e7mi\u015fleri ve \u00f6zel ya\u015famlar\u0131n\u0131n<span class=\"excerpt-hellip\"> [\u2026]<\/span><\/p>\n","protected":false},"featured_media":0,"template":"","meta":{"_monsterinsights_skip_tracking":false,"_monsterinsights_sitenote_active":false,"_monsterinsights_sitenote_note":"","_monsterinsights_sitenote_category":0},"product_brand":[],"product_cat":[20502,12357],"product_tag":[],"class_list":{"0":"post-757600","1":"product","2":"type-product","3":"status-publish","5":"product_cat-basvuru-kitaplari-psikoloji","6":"product_cat-psikoloji","7":"pa_cilt-ciltsiz","8":"pa_tur-kitap","9":"pa_yayinevi-bilge-kultur-sanat","10":"pa_yazar-alex-forsythe","12":"first","13":"instock","14":"sale","15":"shipping-taxable","16":"purchasable","17":"product-type-simple"},"_links":{"self":[{"href":"https:\/\/roveyayinevi.com.tr\/index.php\/wp-json\/wp\/v2\/product\/757600","targetHints":{"allow":["GET"]}}],"collection":[{"href":"https:\/\/roveyayinevi.com.tr\/index.php\/wp-json\/wp\/v2\/product"}],"about":[{"href":"https:\/\/roveyayinevi.com.tr\/index.php\/wp-json\/wp\/v2\/types\/product"}],"wp:attachment":[{"href":"https:\/\/roveyayinevi.com.tr\/index.php\/wp-json\/wp\/v2\/media?parent=757600"}],"wp:term":[{"taxonomy":"product_brand","embeddable":true,"href":"https:\/\/roveyayinevi.com.tr\/index.php\/wp-json\/wp\/v2\/product_brand?post=757600"},{"taxonomy":"product_cat","embeddable":true,"href":"https:\/\/roveyayinevi.com.tr\/index.php\/wp-json\/wp\/v2\/product_cat?post=757600"},{"taxonomy":"product_tag","embeddable":true,"href":"https:\/\/roveyayinevi.com.tr\/index.php\/wp-json\/wp\/v2\/product_tag?post=757600"}],"curies":[{"name":"wp","href":"https:\/\/api.w.org\/{rel}","templated":true}]}}