{"id":757598,"date":"2025-08-28T07:40:07","date_gmt":"2025-08-28T04:40:07","guid":{"rendered":"https:\/\/roveyayinevi.com.tr\/index.php\/urun\/osman-yuksel-serdengecti-butun-siirleri\/"},"modified":"2026-04-16T03:10:44","modified_gmt":"2026-04-16T00:10:44","slug":"osman-yuksel-serdengecti-butun-siirleri","status":"publish","type":"product","link":"https:\/\/roveyayinevi.com.tr\/index.php\/urun\/osman-yuksel-serdengecti-butun-siirleri\/","title":{"rendered":"Osman Y\u00fcksel Serdenge\u00e7ti B\u00fct\u00fcn \u015eiirleri"},"content":{"rendered":"<p>Osman Y\u00fcksel Serdenge\u00e7ti (1917-1983) \u015fiirlerinde Karazor, Kara Osman, Pe\u015frevci, \u0131s\u0131rgan, Heccav, Mahkum, Ba\u011fr\u0131yan\u0131k Ozan, Garip A\u015f\u0131k gibi takma adlar kullanm\u0131\u015ft\u0131r.  Elinizdeki kitapta onun b\u00fct\u00fcn \u015fiirleri bir araya getirilmi\u015ftir. \u015eiirler, yay\u0131mlad\u0131\u011f\u0131 \u015fiir kitaplar\u0131 yan\u0131nda, s\u00fcreli yay\u0131nlardan ve yak\u0131n dostlar\u0131n\u0131n ar\u015fivlerinden temin edilmi\u015ftir. Hapishanede kendi el yaz\u0131s\u0131yla tuttu\u011fu bir \u015fiir defterinden de yararlan\u0131lm\u0131\u015ft\u0131r.  Kitaptaki \u015fiirler tarih s\u0131ras\u0131na g\u00f6re s\u0131ralanm\u0131\u015ft\u0131r. M\u00fcmk\u00fcn oldu\u011fu kadar ilk yay\u0131nlar\u0131 belirtilmi\u015f, sonraki yay\u0131nlarda yap\u0131lan de\u011fi\u015fiklikler g\u00f6sterilmi\u015ftir.  Bu \u015fiirler, Serdenge\u00e7ti&#8217;nin duygu ve d\u00fc\u015f\u00fcnce d\u00fcnyas\u0131n\u0131 anlamam\u0131za yard\u0131mc\u0131 olacak zenginliktedir.<\/p>\n","protected":false},"excerpt":{"rendered":"<p>Osman Y\u00fcksel Serdenge\u00e7ti (1917-1983) \u015fiirlerinde Karazor, Kara Osman, Pe\u015frevci, \u0131s\u0131rgan, Heccav, Mahkum, Ba\u011fr\u0131yan\u0131k Ozan, Garip A\u015f\u0131k gibi takma adlar kullanm\u0131\u015ft\u0131r. Elinizdeki kitapta onun b\u00fct\u00fcn \u015fiirleri bir<span class=\"excerpt-hellip\"> [\u2026]<\/span><\/p>\n","protected":false},"featured_media":0,"template":"","meta":{"_monsterinsights_skip_tracking":false,"_monsterinsights_sitenote_active":false,"_monsterinsights_sitenote_note":"","_monsterinsights_sitenote_category":0},"product_brand":[],"product_cat":[12291,12509],"product_tag":[],"class_list":{"0":"post-757598","1":"product","2":"type-product","3":"status-publish","5":"product_cat-edebiyat","6":"product_cat-siir","7":"pa_cilt-ciltsiz","8":"pa_tur-kitap","9":"pa_yayinevi-bilge-kultur-sanat","10":"pa_yazar-cemal-kurnaz","12":"first","13":"instock","14":"sale","15":"shipping-taxable","16":"purchasable","17":"product-type-simple"},"_links":{"self":[{"href":"https:\/\/roveyayinevi.com.tr\/index.php\/wp-json\/wp\/v2\/product\/757598","targetHints":{"allow":["GET"]}}],"collection":[{"href":"https:\/\/roveyayinevi.com.tr\/index.php\/wp-json\/wp\/v2\/product"}],"about":[{"href":"https:\/\/roveyayinevi.com.tr\/index.php\/wp-json\/wp\/v2\/types\/product"}],"wp:attachment":[{"href":"https:\/\/roveyayinevi.com.tr\/index.php\/wp-json\/wp\/v2\/media?parent=757598"}],"wp:term":[{"taxonomy":"product_brand","embeddable":true,"href":"https:\/\/roveyayinevi.com.tr\/index.php\/wp-json\/wp\/v2\/product_brand?post=757598"},{"taxonomy":"product_cat","embeddable":true,"href":"https:\/\/roveyayinevi.com.tr\/index.php\/wp-json\/wp\/v2\/product_cat?post=757598"},{"taxonomy":"product_tag","embeddable":true,"href":"https:\/\/roveyayinevi.com.tr\/index.php\/wp-json\/wp\/v2\/product_tag?post=757598"}],"curies":[{"name":"wp","href":"https:\/\/api.w.org\/{rel}","templated":true}]}}