{"id":757597,"date":"2025-08-28T07:40:05","date_gmt":"2025-08-28T04:40:05","guid":{"rendered":"https:\/\/roveyayinevi.com.tr\/index.php\/urun\/allahin-askerleri-seytan-karargahi-ortasindaki-kilic-2\/"},"modified":"2026-04-16T03:10:44","modified_gmt":"2026-04-16T00:10:44","slug":"allahin-askerleri-seytan-karargahi-ortasindaki-kilic-2","status":"publish","type":"product","link":"https:\/\/roveyayinevi.com.tr\/index.php\/urun\/allahin-askerleri-seytan-karargahi-ortasindaki-kilic-2\/","title":{"rendered":"Allah&#8217;\u0131n Askerleri &amp; \u015eeytan Karargah\u0131 Ortas\u0131ndaki K\u0131l\u0131\u00e7 2"},"content":{"rendered":"<p>Kitab\u0131m\u0131n G\u00fcvenlik Uzman\u0131 \u0130lahiyat\u00e7\u0131lar\u0131n anlayabilece\u011fi Kur\u2019\u00e2n\u2019\u0131n ve hayat\u0131n \u015fifrelerini g\u00fcvenlik uzmanl\u0131\u011f\u0131 ve ilahiyat e\u011fitimi de alm\u0131\u015f olan bunun yan\u0131 s\u0131ra Hz. \u0130brahim\u2019e dayanan soya\u011fac\u0131m da analiz ederek yaz\u0131lm\u0131\u015ft\u0131r. Allah\u2019\u0131n K\u0131l\u0131c\u0131 Mesihin ilahi Analizini de elden geldi\u011fince k\u0131sa s\u00fcrede haz\u0131rlad\u0131m. \u0130nsanl\u0131\u011fa arma\u011fan\u0131md\u0131r. Kitab\u0131m\u0131n gelirlerinin bir k\u0131sm\u0131 ihtiya\u00e7 sahiplerine ait oldu\u011fu unutulmamal\u0131d\u0131r. <\/p>\n","protected":false},"excerpt":{"rendered":"<p>Kitab\u0131m\u0131n G\u00fcvenlik Uzman\u0131 \u0130lahiyat\u00e7\u0131lar\u0131n anlayabilece\u011fi Kur\u2019\u00e2n\u2019\u0131n ve hayat\u0131n \u015fifrelerini g\u00fcvenlik uzmanl\u0131\u011f\u0131 ve ilahiyat e\u011fitimi de alm\u0131\u015f olan bunun yan\u0131 s\u0131ra Hz. \u0130brahim\u2019e dayanan soya\u011fac\u0131m da analiz<span class=\"excerpt-hellip\"> [\u2026]<\/span><\/p>\n","protected":false},"featured_media":0,"template":"","meta":{"_monsterinsights_skip_tracking":false,"_monsterinsights_sitenote_active":false,"_monsterinsights_sitenote_note":"","_monsterinsights_sitenote_category":0},"product_brand":[],"product_cat":[12291,104362],"product_tag":[],"class_list":{"0":"post-757597","1":"product","2":"type-product","3":"status-publish","5":"product_cat-edebiyat","6":"product_cat-makale","7":"pa_cilt-ciltsiz","8":"pa_tur-kitap","9":"pa_yayinevi-gulnar-yayinlari","10":"pa_yazar-orhan-kaya","12":"first","13":"instock","14":"sale","15":"shipping-taxable","16":"purchasable","17":"product-type-simple"},"_links":{"self":[{"href":"https:\/\/roveyayinevi.com.tr\/index.php\/wp-json\/wp\/v2\/product\/757597","targetHints":{"allow":["GET"]}}],"collection":[{"href":"https:\/\/roveyayinevi.com.tr\/index.php\/wp-json\/wp\/v2\/product"}],"about":[{"href":"https:\/\/roveyayinevi.com.tr\/index.php\/wp-json\/wp\/v2\/types\/product"}],"wp:attachment":[{"href":"https:\/\/roveyayinevi.com.tr\/index.php\/wp-json\/wp\/v2\/media?parent=757597"}],"wp:term":[{"taxonomy":"product_brand","embeddable":true,"href":"https:\/\/roveyayinevi.com.tr\/index.php\/wp-json\/wp\/v2\/product_brand?post=757597"},{"taxonomy":"product_cat","embeddable":true,"href":"https:\/\/roveyayinevi.com.tr\/index.php\/wp-json\/wp\/v2\/product_cat?post=757597"},{"taxonomy":"product_tag","embeddable":true,"href":"https:\/\/roveyayinevi.com.tr\/index.php\/wp-json\/wp\/v2\/product_tag?post=757597"}],"curies":[{"name":"wp","href":"https:\/\/api.w.org\/{rel}","templated":true}]}}