{"id":757595,"date":"2025-08-28T07:40:02","date_gmt":"2025-08-28T04:40:02","guid":{"rendered":"https:\/\/roveyayinevi.com.tr\/index.php\/urun\/felaket-ikili-2-simdi-daha-da-beter-fleksi-kapak\/"},"modified":"2026-04-16T03:10:44","modified_gmt":"2026-04-16T00:10:44","slug":"felaket-ikili-2-simdi-daha-da-beter-fleksi-kapak","status":"publish","type":"product","link":"https:\/\/roveyayinevi.com.tr\/index.php\/urun\/felaket-ikili-2-simdi-daha-da-beter-fleksi-kapak\/","title":{"rendered":"Felaket \u0130kili 2 &#8211; \u015eimdi Daha da Beter (Fleksi Kapak)"},"content":{"rendered":"<p>Felaket \u0130kili, Yawnee Vadisi Bilim Akademisi\u2019nin alt\u0131n\u0131 \u00fcst\u00fcne getirmeye h\u0131z kesmeden devam ediyor! \u015eakalar\u0131yla dostlar\u0131na, s\u0131n\u0131f arkada\u015flar\u0131na ne\u015fe sa\u00e7arken, d\u00fc\u015fmanlar\u0131na, yani asl\u0131nda ezeli d\u00fc\u015fmanlar\u0131 M\u00fcd\u00fcr Barkin\u2019e korku sal\u0131yorlar. Utan\u00e7tan renkten renge giren M\u00fcd\u00fcr Barkin ise \u015fakayla m\u00fccadelede etmekten bir g\u00fcn bile vazge\u00e7miyor. Ta ki o g\u00fcne kadar\u2026 Okulun foto\u011fraf g\u00fcn\u00fcnde, Milas ve Niles\u2019\u0131n \u015fakas\u0131 amac\u0131n\u0131 a\u015f\u0131yor, i\u015fler kontrolden \u00e7\u0131k\u0131yor ve M\u00fcd\u00fcr Barkin\u2019in i\u015finden olmas\u0131na sebep oluyor. M\u00fcd\u00fcr Barkin\u2019in yerine, babas\u0131 Bertrand Barkin ge\u00e7iyor ve i\u015fin rengi de\u011fi\u015fiyor. Okulun ne\u015fesi ka\u00e7\u0131yor. \u00c7ocuk c\u0131v\u0131lt\u0131lar\u0131 yerini uzun ve korku dolu sessizliklere b\u0131rak\u0131yor. Okulu biraz olsun e\u011flenceli k\u0131lan ne varsa hepsi bir anda yok oluyor. Peki bunlar olurken Felaket \u0130kili bo\u015f mu duruyor? Elbette hay\u0131r! Bakal\u0131m yeni m\u00fcd\u00fcr\u00fc can\u0131ndan bezdirmeleri ne kadar s\u00fcrecek!<\/p>\n","protected":false},"excerpt":{"rendered":"<p>Felaket \u0130kili, Yawnee Vadisi Bilim Akademisi\u2019nin alt\u0131n\u0131 \u00fcst\u00fcne getirmeye h\u0131z kesmeden devam ediyor! \u015eakalar\u0131yla dostlar\u0131na, s\u0131n\u0131f arkada\u015flar\u0131na ne\u015fe sa\u00e7arken, d\u00fc\u015fmanlar\u0131na, yani asl\u0131nda ezeli d\u00fc\u015fmanlar\u0131 M\u00fcd\u00fcr Barkin\u2019e<span class=\"excerpt-hellip\"> [\u2026]<\/span><\/p>\n","protected":false},"featured_media":0,"template":"","meta":{"_monsterinsights_skip_tracking":false,"_monsterinsights_sitenote_active":false,"_monsterinsights_sitenote_note":"","_monsterinsights_sitenote_category":0},"product_brand":[],"product_cat":[12274],"product_tag":[],"class_list":{"0":"post-757595","1":"product","2":"type-product","3":"status-publish","5":"product_cat-cocuk-ve-genclik-kitaplari","6":"pa_cilt-ciltsiz","7":"pa_tur-kitap","8":"pa_yayinevi-epsilon-yayinlari","9":"pa_yazar-mac-barnett-jory-john","11":"first","12":"instock","13":"sale","14":"shipping-taxable","15":"purchasable","16":"product-type-simple"},"_links":{"self":[{"href":"https:\/\/roveyayinevi.com.tr\/index.php\/wp-json\/wp\/v2\/product\/757595","targetHints":{"allow":["GET"]}}],"collection":[{"href":"https:\/\/roveyayinevi.com.tr\/index.php\/wp-json\/wp\/v2\/product"}],"about":[{"href":"https:\/\/roveyayinevi.com.tr\/index.php\/wp-json\/wp\/v2\/types\/product"}],"wp:attachment":[{"href":"https:\/\/roveyayinevi.com.tr\/index.php\/wp-json\/wp\/v2\/media?parent=757595"}],"wp:term":[{"taxonomy":"product_brand","embeddable":true,"href":"https:\/\/roveyayinevi.com.tr\/index.php\/wp-json\/wp\/v2\/product_brand?post=757595"},{"taxonomy":"product_cat","embeddable":true,"href":"https:\/\/roveyayinevi.com.tr\/index.php\/wp-json\/wp\/v2\/product_cat?post=757595"},{"taxonomy":"product_tag","embeddable":true,"href":"https:\/\/roveyayinevi.com.tr\/index.php\/wp-json\/wp\/v2\/product_tag?post=757595"}],"curies":[{"name":"wp","href":"https:\/\/api.w.org\/{rel}","templated":true}]}}