{"id":757592,"date":"2025-08-28T07:39:58","date_gmt":"2025-08-28T04:39:58","guid":{"rendered":"https:\/\/roveyayinevi.com.tr\/index.php\/urun\/10-000-exercices-de-grammaire-fransizca-dilbilgisi-alistirma-kitabi\/"},"modified":"2026-04-16T03:10:44","modified_gmt":"2026-04-16T00:10:44","slug":"10-000-exercices-de-grammaire-fransizca-dilbilgisi-alistirma-kitabi","status":"publish","type":"product","link":"https:\/\/roveyayinevi.com.tr\/index.php\/urun\/10-000-exercices-de-grammaire-fransizca-dilbilgisi-alistirma-kitabi\/","title":{"rendered":"10 000 Exercices de Grammaire Frans\u0131zca Dilbilgisi Al\u0131\u015ft\u0131rma Kitab\u0131"},"content":{"rendered":"<p>Frans\u0131zca Dilbilgisi Al\u0131\u015ft\u0131rma Kitab\u0131m\u0131zda konu ba\u015fl\u0131klar\u0131, basitten karma\u015f\u0131\u011fa do\u011fru sistematik olarak s\u0131ralanm\u0131\u015ft\u0131r. Ba\u015fl\u0131klar, Avrupa Konseyi Yabanc\u0131 Diller Ortak Ba\u015fvuru Metni\u2019nde yer alan A1, A2, B1, B2, C1 ve C2 d\u00fczeyleri g\u00f6zetilerek \u00f6\u011frenenin dildeki yap\u0131lar\u0131 kolaydan ba\u015flayarak zora do\u011fru ilerlemesini sa\u011flayacak \u015fekilde d\u00fczenlenmi\u015ftir. Soru t\u00fcrleri, konulara g\u00f6re de\u011fi\u015fkenlik g\u00f6stermekle birlikte yo\u011funluklu olarak bo\u015fluk doldurma, ba\u011f\u0131l c\u00fcmle kurma, e\u015fle\u015ftirme ve \u00e7oktan se\u00e7meli \u015feklinde da\u011f\u0131l\u0131m g\u00f6stermektedir. Gerek c\u00fcmle ve gerekse metin \u015feklinde sunulan sorular\u0131n her biri, yeni ifadeler ve kavramlar \u00f6\u011fretmeyi ama\u00e7larken, ge\u00e7mi\u015f konulardaki yap\u0131lar\u0131n ve kelimelerin peki\u015ftirilmesini sa\u011flayacak \u015fekilde b\u00fcy\u00fck bir \u00f6zenle haz\u0131rlanm\u0131\u015ft\u0131r. Kitab\u0131n kapa\u011f\u0131ndaki QR kod cep telefonuyla okutularak, cevap anahtar\u0131 PDF format\u0131nda kolayca indirilebilir. Frans\u0131zcan\u0131n dilbilgisine y\u00f6nelik olarak haz\u0131rlanm\u0131\u015f yay\u0131nlar aras\u0131nda, i\u00e7erdi\u011fi soru say\u0131s\u0131 bak\u0131m\u0131ndan en zengin al\u0131\u015ft\u0131rma kitab\u0131 olma \u00f6zelli\u011fi ta\u015f\u0131yan eser, geni\u015f bir konu \u00e7e\u015fitli\u011fi sundu\u011fundan kendi kendine veya herhangi bir e\u011fitim ortam\u0131nda Frans\u0131zca \u00f6\u011frenen herkes i\u00e7in e\u015fsiz bir kaynak niteli\u011findedir. <\/p>\n","protected":false},"excerpt":{"rendered":"<p>Frans\u0131zca Dilbilgisi Al\u0131\u015ft\u0131rma Kitab\u0131m\u0131zda konu ba\u015fl\u0131klar\u0131, basitten karma\u015f\u0131\u011fa do\u011fru sistematik olarak s\u0131ralanm\u0131\u015ft\u0131r. Ba\u015fl\u0131klar, Avrupa Konseyi Yabanc\u0131 Diller Ortak Ba\u015fvuru Metni\u2019nde yer alan A1, A2, B1, B2,<span class=\"excerpt-hellip\"> [\u2026]<\/span><\/p>\n","protected":false},"featured_media":0,"template":"","meta":{"_monsterinsights_skip_tracking":false,"_monsterinsights_sitenote_active":false,"_monsterinsights_sitenote_note":"","_monsterinsights_sitenote_category":0},"product_brand":[],"product_cat":[14597,12566],"product_tag":[],"class_list":{"0":"post-757592","1":"product","2":"type-product","3":"status-publish","5":"product_cat-dil-ogrenimi","6":"product_cat-egitim","7":"pa_cilt-ciltsiz","8":"pa_tur-kitap","9":"pa_yayinevi-delta-kultur-yayinevi","10":"pa_yazar-bayram-kose-sinan-darcan","12":"first","13":"instock","14":"sale","15":"shipping-taxable","16":"purchasable","17":"product-type-simple"},"_links":{"self":[{"href":"https:\/\/roveyayinevi.com.tr\/index.php\/wp-json\/wp\/v2\/product\/757592","targetHints":{"allow":["GET"]}}],"collection":[{"href":"https:\/\/roveyayinevi.com.tr\/index.php\/wp-json\/wp\/v2\/product"}],"about":[{"href":"https:\/\/roveyayinevi.com.tr\/index.php\/wp-json\/wp\/v2\/types\/product"}],"wp:attachment":[{"href":"https:\/\/roveyayinevi.com.tr\/index.php\/wp-json\/wp\/v2\/media?parent=757592"}],"wp:term":[{"taxonomy":"product_brand","embeddable":true,"href":"https:\/\/roveyayinevi.com.tr\/index.php\/wp-json\/wp\/v2\/product_brand?post=757592"},{"taxonomy":"product_cat","embeddable":true,"href":"https:\/\/roveyayinevi.com.tr\/index.php\/wp-json\/wp\/v2\/product_cat?post=757592"},{"taxonomy":"product_tag","embeddable":true,"href":"https:\/\/roveyayinevi.com.tr\/index.php\/wp-json\/wp\/v2\/product_tag?post=757592"}],"curies":[{"name":"wp","href":"https:\/\/api.w.org\/{rel}","templated":true}]}}