{"id":757589,"date":"2025-08-28T07:39:53","date_gmt":"2025-08-28T04:39:53","guid":{"rendered":"https:\/\/roveyayinevi.com.tr\/index.php\/urun\/dost\/"},"modified":"2026-04-16T03:10:43","modified_gmt":"2026-04-16T00:10:43","slug":"dost","status":"publish","type":"product","link":"https:\/\/roveyayinevi.com.tr\/index.php\/urun\/dost\/","title":{"rendered":"Dost"},"content":{"rendered":"<p>Annem, bug\u00fcn onu bir temiz d\u00f6vd\u00fc. Tabii d\u00f6ver. Misafir odam\u0131zdaki g\u00fczelim hal\u0131m\u0131z\u0131 kesmi\u015f. Deli mi ne? Annem: \u201cK\u0131z niye kestin hal\u0131y\u0131?\u201d dedi. O: \u201cKu\u015f var hal\u0131n\u0131n i\u00e7inde,\u201d dedi. \u201cBeyaz ku\u015f. Onu \u00e7\u0131kartacakt\u0131m.\u201d Bizi 50 ku\u015fa\u011f\u0131n\u0131n \u00f6nc\u00fclerinden ve modern edebiyat\u0131m\u0131z\u0131n k\u00fclt ya- zarlar\u0131ndan V\u00fcs\u2019at O. Bener\u2019le yani \u201cV\u00fcs\u2019at\u00ee bir ekol\u201dle tan\u0131\u015ft\u0131ran ilk \u00f6yk\u00fcler Dost\u2019ta. Karde\u015fi Erhan Bener, arkada\u015f grubundaki gen\u00e7 yazarlar\u0131n ha\u015fin ele\u015ftirmeni olan a\u011fabeyinin eline kalem tutu\u015fturup \u201c\u00c7ok ele\u015ftirdin, biraz da yaz!\u201d komutuyla onu adeta eve hapseder. Oradan elinde \u201cDost\u201d \u00f6yk\u00fcs\u00fcyle \u00e7\u0131kar V\u00fcs\u2019at O. Bener. Hemen ar- d\u0131ndan yazar\u0131n ilk \u00f6yk\u00fcleri Dost ad\u0131yla kitapla\u015f\u0131r. Yal\u0131n, anla\u015f\u0131l\u0131r, ak\u0131c\u0131 diyaloglar ve i\u00e7 sesler arac\u0131l\u0131\u011f\u0131yla karakterlerin ruh hallerini yans\u0131tan Bener, \u201cHavva\u201d ve \u201cK\u00f6m\u00fcr\u201d gibi en \u00e7ok ses getiren \u00f6yk\u00fclerinin de yer ald\u0131\u011f\u0131 bu ilk kitab\u0131nda bi\u00e7em fark\u0131n\u0131 ortaya koymu\u015f, edebiyat\u0131m\u0131- z\u0131n s\u0131rad\u0131\u015f\u0131 yazarlar\u0131ndan olaca\u011f\u0131na dair ilk sinyalleri vermi\u015ftir. \u201cV\u00fcs\u2019at O. Bener\u2019in kendine \u00f6zg\u00fcl\u00fc\u011f\u00fc ku\u015fkusuz yaln\u0131zca dilinden \u00f6t\u00fcr\u00fc de\u011fildir; bir de anlat\u0131m bi\u00e7imi, konular\u0131, ki\u015fileri, ki\u015fileri can- land\u0131rma bi\u00e7imi, \u00f6yk\u00fcye \u00f6yk\u00fc olarak kazand\u0131rd\u0131klar\u0131, ola\u011fan\u00fcst\u00fc ay- r\u0131nt\u0131c\u0131l\u0131\u011f\u0131, k\u0131l\u0131 k\u0131rk yararcas\u0131na g\u00f6sterdi\u011fi titizlik, sa\u011flam \u00f6yk\u00fc yap\u0131s\u0131 ve b\u00fct\u00fcn bunlardan sonra edindi\u011fi etkileyici \u00f6yk\u00fc d\u00fcnyas\u0131 var.\u201d \u2013Semih G\u00fcm\u00fc\u015f<\/p>\n","protected":false},"excerpt":{"rendered":"<p>Annem, bug\u00fcn onu bir temiz d\u00f6vd\u00fc. Tabii d\u00f6ver. Misafir odam\u0131zdaki g\u00fczelim hal\u0131m\u0131z\u0131 kesmi\u015f. Deli mi ne? Annem: \u201cK\u0131z niye kestin hal\u0131y\u0131?\u201d dedi. O: \u201cKu\u015f var hal\u0131n\u0131n<span class=\"excerpt-hellip\"> [\u2026]<\/span><\/p>\n","protected":false},"featured_media":0,"template":"","meta":{"_monsterinsights_skip_tracking":false,"_monsterinsights_sitenote_active":false,"_monsterinsights_sitenote_note":"","_monsterinsights_sitenote_category":0},"product_brand":[],"product_cat":[12291,18202],"product_tag":[],"class_list":{"0":"post-757589","1":"product","2":"type-product","3":"status-publish","5":"product_cat-edebiyat","6":"product_cat-hikaye","7":"pa_cilt-ciltsiz","8":"pa_tur-kitap","9":"pa_yayinevi-everest-yayinlari","10":"pa_yazar-vusat-o-bener","12":"first","13":"instock","14":"sale","15":"shipping-taxable","16":"purchasable","17":"product-type-simple"},"_links":{"self":[{"href":"https:\/\/roveyayinevi.com.tr\/index.php\/wp-json\/wp\/v2\/product\/757589","targetHints":{"allow":["GET"]}}],"collection":[{"href":"https:\/\/roveyayinevi.com.tr\/index.php\/wp-json\/wp\/v2\/product"}],"about":[{"href":"https:\/\/roveyayinevi.com.tr\/index.php\/wp-json\/wp\/v2\/types\/product"}],"wp:attachment":[{"href":"https:\/\/roveyayinevi.com.tr\/index.php\/wp-json\/wp\/v2\/media?parent=757589"}],"wp:term":[{"taxonomy":"product_brand","embeddable":true,"href":"https:\/\/roveyayinevi.com.tr\/index.php\/wp-json\/wp\/v2\/product_brand?post=757589"},{"taxonomy":"product_cat","embeddable":true,"href":"https:\/\/roveyayinevi.com.tr\/index.php\/wp-json\/wp\/v2\/product_cat?post=757589"},{"taxonomy":"product_tag","embeddable":true,"href":"https:\/\/roveyayinevi.com.tr\/index.php\/wp-json\/wp\/v2\/product_tag?post=757589"}],"curies":[{"name":"wp","href":"https:\/\/api.w.org\/{rel}","templated":true}]}}