{"id":757585,"date":"2025-08-28T07:39:44","date_gmt":"2025-08-28T04:39:44","guid":{"rendered":"https:\/\/roveyayinevi.com.tr\/index.php\/urun\/gunler-cozuldukce\/"},"modified":"2026-04-16T03:10:43","modified_gmt":"2026-04-16T00:10:43","slug":"gunler-cozuldukce","status":"publish","type":"product","link":"https:\/\/roveyayinevi.com.tr\/index.php\/urun\/gunler-cozuldukce\/","title":{"rendered":"G\u00fcnler \u00c7\u00f6z\u00fcld\u00fck\u00e7e"},"content":{"rendered":"<p>G\u00fcnler \u00c7\u00f6z\u00fcld\u00fck\u00e7e, a\u00e7\u0131ktan ve a\u00e7\u0131k\u00e7a Sezai Karako\u00e7\u2019u T\u00fcrk \u015fiirinin yarat\u0131c\u0131 ba\u011flam\u0131 i\u00e7inde ve modernizmin imkanlar\u0131n\u0131 kullanarak, y\u00fcceltme veya h\u00fck\u00fcm verme amac\u0131 ta\u015f\u0131madan insan olu\u015fumuzun ve bir hayat\u0131n i\u00e7inden saf\u00e7a ge\u00e7i\u015fimizin i\u00e7inden g\u00f6rmektir. Bir biyografi olmad\u0131\u011f\u0131 gibi yazan\u0131n hat\u0131ralar\u0131n\u0131n bir k\u0131sm\u0131 da de\u011fildir yazd\u0131\u011f\u0131m. Anekdotlar, konuyu a\u00e7mak ve geni\u015fletmek i\u00e7in se\u00e7ilmi\u015ftir. Pek \u00e7ok deftere yay\u0131lm\u0131\u015f, da\u011f\u0131n\u0131k Karako\u00e7 g\u00fcnl\u00fckleri belki bir g\u00fcn g\u00fcn y\u00fcz\u00fcne \u00e7\u0131kar. Her c\u00fcmlesi duyularak, d\u00fc\u015f\u00fcn\u00fclerek yaz\u0131lm\u0131\u015ft\u0131r. \u00d6ze yakla\u015f\u0131p zamana kristalize olmu\u015f yorumlar b\u0131rakabilmi\u015fse ayd\u0131nl\u0131\u011fa bir ad\u0131m daha var\u0131lm\u0131\u015f say\u0131l\u0131r.   \u00d6mer Erdem ge\u00e7mi\u015f g\u00fcnlerinin en vazge\u00e7ilmez ve etkili \u015fahsiyeti olarak nitelendirdi\u011fi Sezai Karako\u00e7\u2019un yan\u0131nda ge\u00e7en g\u00fcnlerini birer birer \u00e7\u00f6z\u00fcyor, \u00e7\u00f6z\u00fcml\u00fcyor\u2026 \u015eairle olan an\u0131lar\u0131n\u0131, onun \u015fahsiyeti \u00fczerine g\u00f6zlemlerini ve \u015fiiri  hakk\u0131ndaki de\u011ferlendirmelerini i\u00e7 i\u00e7e ge\u00e7irerek \u00e7ok katmanl\u0131 bir Sezai Karako\u00e7\u2019u g\u00f6zler \u00f6n\u00fcne seriyor. \u015eiirden hayata a\u00e7\u0131ktan dal\u0131\u015flar\u2026 <\/p>\n","protected":false},"excerpt":{"rendered":"<p>G\u00fcnler \u00c7\u00f6z\u00fcld\u00fck\u00e7e, a\u00e7\u0131ktan ve a\u00e7\u0131k\u00e7a Sezai Karako\u00e7\u2019u T\u00fcrk \u015fiirinin yarat\u0131c\u0131 ba\u011flam\u0131 i\u00e7inde ve modernizmin imkanlar\u0131n\u0131 kullanarak, y\u00fcceltme veya h\u00fck\u00fcm verme amac\u0131 ta\u015f\u0131madan insan olu\u015fumuzun ve bir<span class=\"excerpt-hellip\"> [\u2026]<\/span><\/p>\n","protected":false},"featured_media":0,"template":"","meta":{"_monsterinsights_skip_tracking":false,"_monsterinsights_sitenote_active":false,"_monsterinsights_sitenote_note":"","_monsterinsights_sitenote_category":0},"product_brand":[],"product_cat":[12777,12291],"product_tag":[],"class_list":{"0":"post-757585","1":"product","2":"type-product","3":"status-publish","5":"product_cat-deneme","6":"product_cat-edebiyat","7":"pa_cilt-ciltsiz","8":"pa_tur-kitap","9":"pa_yayinevi-everest-yayinlari","10":"pa_yazar-omer-erdem","12":"first","13":"instock","14":"sale","15":"shipping-taxable","16":"purchasable","17":"product-type-simple"},"_links":{"self":[{"href":"https:\/\/roveyayinevi.com.tr\/index.php\/wp-json\/wp\/v2\/product\/757585","targetHints":{"allow":["GET"]}}],"collection":[{"href":"https:\/\/roveyayinevi.com.tr\/index.php\/wp-json\/wp\/v2\/product"}],"about":[{"href":"https:\/\/roveyayinevi.com.tr\/index.php\/wp-json\/wp\/v2\/types\/product"}],"wp:attachment":[{"href":"https:\/\/roveyayinevi.com.tr\/index.php\/wp-json\/wp\/v2\/media?parent=757585"}],"wp:term":[{"taxonomy":"product_brand","embeddable":true,"href":"https:\/\/roveyayinevi.com.tr\/index.php\/wp-json\/wp\/v2\/product_brand?post=757585"},{"taxonomy":"product_cat","embeddable":true,"href":"https:\/\/roveyayinevi.com.tr\/index.php\/wp-json\/wp\/v2\/product_cat?post=757585"},{"taxonomy":"product_tag","embeddable":true,"href":"https:\/\/roveyayinevi.com.tr\/index.php\/wp-json\/wp\/v2\/product_tag?post=757585"}],"curies":[{"name":"wp","href":"https:\/\/api.w.org\/{rel}","templated":true}]}}