{"id":757581,"date":"2025-08-28T07:39:37","date_gmt":"2025-08-28T04:39:37","guid":{"rendered":"https:\/\/roveyayinevi.com.tr\/index.php\/urun\/kayikcinin-kizi\/"},"modified":"2026-04-16T03:10:43","modified_gmt":"2026-04-16T00:10:43","slug":"kayikcinin-kizi","status":"publish","type":"product","link":"https:\/\/roveyayinevi.com.tr\/index.php\/urun\/kayikcinin-kizi\/","title":{"rendered":"Kay\u0131k\u00e7\u0131n\u0131n K\u0131z\u0131"},"content":{"rendered":"<p>\u201cAte\u015f s\u00f6nmek \u00fczereydi; elini k\u00fcllerin \u00fcst\u00fcne koyabilirdi. K\u0131sac\u0131k bir s\u00fcre yine r\u00fcya g\u00f6rm\u00fc\u015ft\u00fc. \u00d6l\u00fc h\u00e2lde \u00e7imde yatan tek bir beyaz kumru&#8230;\u201d   Miranda Crabtree, kay\u0131k\u00e7\u0131 babas\u0131 \u00f6ld\u00fcr\u00fcld\u00fc\u011f\u00fcnde hen\u00fcz k\u00fc\u00e7\u00fcc\u00fck bir k\u0131z \u00e7ocu\u011fuydu. Babas\u0131n\u0131n \u00f6l\u00fcm\u00fcn\u00fcn ard\u0131ndan ger\u00e7ekle\u015fen t\u00fcyler \u00fcrpertici olaylar kar\u015f\u0131s\u0131nda bir ba\u015f\u0131na kal\u0131r. Hem hayatta kalmak hem de ya\u015fl\u0131 bir b\u00fcy\u00fcc\u00fcyle bir \u00e7ocu\u011fu koruyabilmek i\u00e7in sorgulamadan kasaban\u0131n deli vaizi i\u00e7in kay\u0131\u011f\u0131yla ka\u00e7ak mal ta\u015f\u0131maya ba\u015flar. Deli vaiz ger\u00e7eklikle t\u00fcm ba\u011flant\u0131s\u0131n\u0131 kesip ak\u0131lalmaz \u015feyler istemeye ba\u015flad\u0131\u011f\u0131nda, Miranda\u2019n\u0131n bir karar vermesi gerekir.Kendi elleriyle se\u00e7ti\u011fi ailesini g\u00fcvende tutmak i\u00e7in ne kadar ileriye gidebilecektir?<\/p>\n","protected":false},"excerpt":{"rendered":"<p>\u201cAte\u015f s\u00f6nmek \u00fczereydi; elini k\u00fcllerin \u00fcst\u00fcne koyabilirdi. K\u0131sac\u0131k bir s\u00fcre yine r\u00fcya g\u00f6rm\u00fc\u015ft\u00fc. \u00d6l\u00fc h\u00e2lde \u00e7imde yatan tek bir beyaz kumru&#8230;\u201d Miranda Crabtree, kay\u0131k\u00e7\u0131 babas\u0131 \u00f6ld\u00fcr\u00fcld\u00fc\u011f\u00fcnde<span class=\"excerpt-hellip\"> [\u2026]<\/span><\/p>\n","protected":false},"featured_media":0,"template":"","meta":{"_monsterinsights_skip_tracking":false,"_monsterinsights_sitenote_active":false,"_monsterinsights_sitenote_note":"","_monsterinsights_sitenote_category":0},"product_brand":[],"product_cat":[12291,17033],"product_tag":[],"class_list":{"0":"post-757581","1":"product","2":"type-product","3":"status-publish","5":"product_cat-edebiyat","6":"product_cat-korku-gerilim","7":"pa_cilt-ciltsiz","8":"pa_tur-kitap","9":"pa_yayinevi-epsilon-yayinlari","10":"pa_yazar-andy-davidson","12":"first","13":"instock","14":"sale","15":"shipping-taxable","16":"purchasable","17":"product-type-simple"},"_links":{"self":[{"href":"https:\/\/roveyayinevi.com.tr\/index.php\/wp-json\/wp\/v2\/product\/757581","targetHints":{"allow":["GET"]}}],"collection":[{"href":"https:\/\/roveyayinevi.com.tr\/index.php\/wp-json\/wp\/v2\/product"}],"about":[{"href":"https:\/\/roveyayinevi.com.tr\/index.php\/wp-json\/wp\/v2\/types\/product"}],"wp:attachment":[{"href":"https:\/\/roveyayinevi.com.tr\/index.php\/wp-json\/wp\/v2\/media?parent=757581"}],"wp:term":[{"taxonomy":"product_brand","embeddable":true,"href":"https:\/\/roveyayinevi.com.tr\/index.php\/wp-json\/wp\/v2\/product_brand?post=757581"},{"taxonomy":"product_cat","embeddable":true,"href":"https:\/\/roveyayinevi.com.tr\/index.php\/wp-json\/wp\/v2\/product_cat?post=757581"},{"taxonomy":"product_tag","embeddable":true,"href":"https:\/\/roveyayinevi.com.tr\/index.php\/wp-json\/wp\/v2\/product_tag?post=757581"}],"curies":[{"name":"wp","href":"https:\/\/api.w.org\/{rel}","templated":true}]}}