{"id":757580,"date":"2025-08-28T07:39:36","date_gmt":"2025-08-28T04:39:36","guid":{"rendered":"https:\/\/roveyayinevi.com.tr\/index.php\/urun\/hacilar-ve-sultanlar\/"},"modified":"2026-04-16T03:10:43","modified_gmt":"2026-04-16T00:10:43","slug":"hacilar-ve-sultanlar","status":"publish","type":"product","link":"https:\/\/roveyayinevi.com.tr\/index.php\/urun\/hacilar-ve-sultanlar\/","title":{"rendered":"Hac\u0131lar ve Sultanlar"},"content":{"rendered":"<p>Mekke&#8217;ye yap\u0131lan hac ziyareti \u0130slam dininin en \u00f6nemli unsurlar\u0131ndan biridir, ancak bu ziyaretin tarihine ya da \u0130slam d\u00fcnyas\u0131n\u0131n uzak b\u00f6lgelerinden binlerce hac\u0131n\u0131n Arap yar\u0131madas\u0131n\u0131n kalbine hangi ko\u015fullar alt\u0131nda seyahat etti\u011fine dair \u00e7ok az \u015fey yaz\u0131lm\u0131\u015ft\u0131r. Bu \u00f6nc\u00fc kitap, Mekke&#8217;nin Osmanl\u0131 sultanlar\u0131 taraf\u0131ndan y\u00f6netildi\u011fi on alt\u0131nc\u0131 ve on yedinci y\u00fczy\u0131llardaki hac yolculu\u011funa odaklanmaktad\u0131r. \u0130nananlar\u0131n \u00e7o\u011funlu\u011fu i\u00e7in yolculu\u011fun uzun, zorlu ve tehlikelerle dolu oldu\u011fu bir d\u00f6nemde, hac\u0131lara yiyecek, su, bar\u0131nak ve koruma sa\u011flanmas\u0131, geni\u015f Osmanl\u0131 \u0130mparatorlu\u011fu&#8217;nun ta\u015fra valileri i\u00e7in b\u00fcy\u00fck bir zorluk te\u015fkil ediyordu. Suraiya Faroqhi, Osmanl\u0131 y\u00f6neticilerinin b\u0131rakt\u0131\u011f\u0131 zengin belgelere ve hac\u0131lar\u0131n anlat\u0131lar\u0131na dayanarak, hacca gidenlerin g\u00fcndelik hayatlar\u0131nda ya\u015fad\u0131klar\u0131 zorluklara ve deneyimlere yeni bir \u0131\u015f\u0131k tutuyor.<\/p>\n","protected":false},"excerpt":{"rendered":"<p>Mekke&#8217;ye yap\u0131lan hac ziyareti \u0130slam dininin en \u00f6nemli unsurlar\u0131ndan biridir, ancak bu ziyaretin tarihine ya da \u0130slam d\u00fcnyas\u0131n\u0131n uzak b\u00f6lgelerinden binlerce hac\u0131n\u0131n Arap yar\u0131madas\u0131n\u0131n kalbine hangi<span class=\"excerpt-hellip\"> [\u2026]<\/span><\/p>\n","protected":false},"featured_media":0,"template":"","meta":{"_monsterinsights_skip_tracking":false,"_monsterinsights_sitenote_active":false,"_monsterinsights_sitenote_note":"","_monsterinsights_sitenote_category":0},"product_brand":[],"product_cat":[12304],"product_tag":[],"class_list":{"0":"post-757580","1":"product","2":"type-product","3":"status-publish","5":"product_cat-tarih","6":"pa_cilt-ciltsiz","7":"pa_tur-kitap","8":"pa_yayinevi-alfa-yayinlari","9":"pa_yazar-suraiya-faroqhi","11":"first","12":"instock","13":"sale","14":"shipping-taxable","15":"purchasable","16":"product-type-simple"},"_links":{"self":[{"href":"https:\/\/roveyayinevi.com.tr\/index.php\/wp-json\/wp\/v2\/product\/757580","targetHints":{"allow":["GET"]}}],"collection":[{"href":"https:\/\/roveyayinevi.com.tr\/index.php\/wp-json\/wp\/v2\/product"}],"about":[{"href":"https:\/\/roveyayinevi.com.tr\/index.php\/wp-json\/wp\/v2\/types\/product"}],"wp:attachment":[{"href":"https:\/\/roveyayinevi.com.tr\/index.php\/wp-json\/wp\/v2\/media?parent=757580"}],"wp:term":[{"taxonomy":"product_brand","embeddable":true,"href":"https:\/\/roveyayinevi.com.tr\/index.php\/wp-json\/wp\/v2\/product_brand?post=757580"},{"taxonomy":"product_cat","embeddable":true,"href":"https:\/\/roveyayinevi.com.tr\/index.php\/wp-json\/wp\/v2\/product_cat?post=757580"},{"taxonomy":"product_tag","embeddable":true,"href":"https:\/\/roveyayinevi.com.tr\/index.php\/wp-json\/wp\/v2\/product_tag?post=757580"}],"curies":[{"name":"wp","href":"https:\/\/api.w.org\/{rel}","templated":true}]}}