{"id":757579,"date":"2025-08-28T07:39:34","date_gmt":"2025-08-28T04:39:34","guid":{"rendered":"https:\/\/roveyayinevi.com.tr\/index.php\/urun\/bumcikiler-2-oylesine-bir-gun\/"},"modified":"2026-04-08T03:18:58","modified_gmt":"2026-04-08T00:18:58","slug":"bumcikiler-2-oylesine-bir-gun","status":"publish","type":"product","link":"https:\/\/roveyayinevi.com.tr\/index.php\/urun\/bumcikiler-2-oylesine-bir-gun\/","title":{"rendered":"Bum\u00e7ikiler 2 &#8211; \u00d6ylesine Bir G\u00fcn"},"content":{"rendered":"<p>Toprak \u00fclkesindeki bar\u0131nakta b\u00f6cekler sakin sakin ya\u015farken Bum\u00e7ikilerin do\u011fu\u015fuyla birlikte i\u015fler kar\u0131\u015f\u0131yor. M\u00fchim Han\u0131m Bum\u00e7ikiler i\u00e7in bar\u0131nakta kalacak yer ayarl\u0131yor, \u00d6nem Han\u0131m b\u00fct\u00fcn g\u00fcn Bum\u00e7ikilerle ilgileniyor. Ama Fatma Ana tedirgin; \u00e7\u00fcnk\u00fc kar g\u00fcnleri yakla\u015f\u0131yor ve Bum\u00e7ikiler i\u00e7in daha \u00e7ok erzak depolamak gerekiyor. \u00dcstelik battaniye, atk\u0131, kazak da laz\u0131m\u2026 \u00d6nem Han\u0131m ve Fatma Ana bu i\u015fleri hallederken Bum\u00e7ikilerle ilgilenmek M\u00fchim Han\u0131m\u2019a d\u00fc\u015f\u00fcyor. Neyse ki Bum\u00e7ikiler masal dinlemeyi \u00e7ok seviyor!   AAANLAT, BAM BAM BAM! MAASAL, \u00c7\u0130K\u0130 \u00c7\u0130K\u0130 \u00c7\u0130K\u0130!   EDA ALBAYRAK\u2019IN KIPIR KIPIR KALEM\u0130NDEN D\u00d6K\u00dcLEN BU D\u0130NAMIK MASALLARI \u00c7OCUKLAR Y\u00dcKSEK SESLE OKUMAYI \u00c7OK SEVECEK. ZEYNEP ERTUN\u00c7\u2019UN RENKLER\u0130YLE CANLANAN BUM\u00c7\u0130K\u0130LER SER\u0130S\u0130, \u0130LK OKUMA YOLCULU\u011eUNDA \u00c7OCUKLARA E\u011eLENCEL\u0130 B\u0130R YOL ARKADA\u015eI OLACAK. <\/p>\n","protected":false},"excerpt":{"rendered":"<p>Toprak \u00fclkesindeki bar\u0131nakta b\u00f6cekler sakin sakin ya\u015farken Bum\u00e7ikilerin do\u011fu\u015fuyla birlikte i\u015fler kar\u0131\u015f\u0131yor. M\u00fchim Han\u0131m Bum\u00e7ikiler i\u00e7in bar\u0131nakta kalacak yer ayarl\u0131yor, \u00d6nem Han\u0131m b\u00fct\u00fcn g\u00fcn Bum\u00e7ikilerle ilgileniyor.<span class=\"excerpt-hellip\"> [\u2026]<\/span><\/p>\n","protected":false},"featured_media":0,"template":"","meta":{"_monsterinsights_skip_tracking":false,"_monsterinsights_sitenote_active":false,"_monsterinsights_sitenote_note":"","_monsterinsights_sitenote_category":0},"product_brand":[],"product_cat":[12274,12284],"product_tag":[],"class_list":{"0":"post-757579","1":"product","2":"type-product","3":"status-publish","5":"product_cat-cocuk-ve-genclik-kitaplari","6":"product_cat-hikayeler","7":"pa_cilt-ciltsiz","8":"pa_tur-kitap","9":"pa_yayinevi-dogan-cocuk","10":"pa_yazar-eda-albayrak","12":"first","13":"instock","14":"sale","15":"shipping-taxable","16":"purchasable","17":"product-type-simple"},"_links":{"self":[{"href":"https:\/\/roveyayinevi.com.tr\/index.php\/wp-json\/wp\/v2\/product\/757579","targetHints":{"allow":["GET"]}}],"collection":[{"href":"https:\/\/roveyayinevi.com.tr\/index.php\/wp-json\/wp\/v2\/product"}],"about":[{"href":"https:\/\/roveyayinevi.com.tr\/index.php\/wp-json\/wp\/v2\/types\/product"}],"wp:attachment":[{"href":"https:\/\/roveyayinevi.com.tr\/index.php\/wp-json\/wp\/v2\/media?parent=757579"}],"wp:term":[{"taxonomy":"product_brand","embeddable":true,"href":"https:\/\/roveyayinevi.com.tr\/index.php\/wp-json\/wp\/v2\/product_brand?post=757579"},{"taxonomy":"product_cat","embeddable":true,"href":"https:\/\/roveyayinevi.com.tr\/index.php\/wp-json\/wp\/v2\/product_cat?post=757579"},{"taxonomy":"product_tag","embeddable":true,"href":"https:\/\/roveyayinevi.com.tr\/index.php\/wp-json\/wp\/v2\/product_tag?post=757579"}],"curies":[{"name":"wp","href":"https:\/\/api.w.org\/{rel}","templated":true}]}}