{"id":757578,"date":"2025-08-28T07:39:32","date_gmt":"2025-08-28T04:39:32","guid":{"rendered":"https:\/\/roveyayinevi.com.tr\/index.php\/urun\/doktor-olmak-istiyorum-degerler-egitimi-ilk-okuma-serisi\/"},"modified":"2026-04-16T03:10:43","modified_gmt":"2026-04-16T00:10:43","slug":"doktor-olmak-istiyorum-degerler-egitimi-ilk-okuma-serisi","status":"publish","type":"product","link":"https:\/\/roveyayinevi.com.tr\/index.php\/urun\/doktor-olmak-istiyorum-degerler-egitimi-ilk-okuma-serisi\/","title":{"rendered":"Doktor Olmak \u0130stiyorum De\u011ferler E\u011fitimi \u0130lk Okuma Serisi"},"content":{"rendered":"<p>Doktor Olmak \u0130stiyorum De\u011ferler E\u011fitimi \u0130lk Okuma Serisi&#8221;Doktor olmak istiyorum\u201d kitab\u0131nda, merakl\u0131 kaplan yavrusu Timka\u2019n\u0131n bir hastanenin polikliniklerinde ge\u00e7en komik maceralar\u0131n\u0131 bulacaks\u0131n\u0131z.\u00c7ocu\u011funuz her bir poliklinikte kaplan yavrusunun ba\u015f\u0131na gelen komik olaylara \u015fahit olacak ve yer yer kahkahalar atacakt\u0131r.Her bir poliklinikte farkl\u0131 doktorlarla tan\u0131\u015facak ve doktorlardan korkmamas\u0131 gerekti\u011fini anlayacakt\u0131r.Kaplan yavrusunun maceras\u0131 s\u0131ras\u0131nda hastal\u0131klardan kurtulma yollar\u0131 ve hastalanmamak i\u00e7in neler yapmam\u0131z gerekti\u011fi a\u00e7\u0131klan\u0131yor.Bu kitab\u0131 \u00e7ocu\u011funuza 7 ya\u015f\u0131na kadar siz okuyabilirsiniz.\u00c7ocu\u011funuz okumay\u0131 \u00f6\u011frendikten sonra kendisi okuyabilir.<\/p>\n","protected":false},"excerpt":{"rendered":"<p>Doktor Olmak \u0130stiyorum De\u011ferler E\u011fitimi \u0130lk Okuma Serisi&#8221;Doktor olmak istiyorum\u201d kitab\u0131nda, merakl\u0131 kaplan yavrusu Timka\u2019n\u0131n bir hastanenin polikliniklerinde ge\u00e7en komik maceralar\u0131n\u0131 bulacaks\u0131n\u0131z.\u00c7ocu\u011funuz her bir poliklinikte kaplan<span class=\"excerpt-hellip\"> [\u2026]<\/span><\/p>\n","protected":false},"featured_media":0,"template":"","meta":{"_monsterinsights_skip_tracking":false,"_monsterinsights_sitenote_active":false,"_monsterinsights_sitenote_note":"","_monsterinsights_sitenote_category":0},"product_brand":[],"product_cat":[12274,12284],"product_tag":[],"class_list":{"0":"post-757578","1":"product","2":"type-product","3":"status-publish","5":"product_cat-cocuk-ve-genclik-kitaplari","6":"product_cat-hikayeler","7":"pa_cilt-ciltsiz","8":"pa_tur-kitap","9":"pa_yayinevi-dikkat-atolyesi-yayinlari","10":"pa_yazar-elena-ulyeva","12":"first","13":"instock","14":"sale","15":"shipping-taxable","16":"purchasable","17":"product-type-simple"},"_links":{"self":[{"href":"https:\/\/roveyayinevi.com.tr\/index.php\/wp-json\/wp\/v2\/product\/757578","targetHints":{"allow":["GET"]}}],"collection":[{"href":"https:\/\/roveyayinevi.com.tr\/index.php\/wp-json\/wp\/v2\/product"}],"about":[{"href":"https:\/\/roveyayinevi.com.tr\/index.php\/wp-json\/wp\/v2\/types\/product"}],"wp:attachment":[{"href":"https:\/\/roveyayinevi.com.tr\/index.php\/wp-json\/wp\/v2\/media?parent=757578"}],"wp:term":[{"taxonomy":"product_brand","embeddable":true,"href":"https:\/\/roveyayinevi.com.tr\/index.php\/wp-json\/wp\/v2\/product_brand?post=757578"},{"taxonomy":"product_cat","embeddable":true,"href":"https:\/\/roveyayinevi.com.tr\/index.php\/wp-json\/wp\/v2\/product_cat?post=757578"},{"taxonomy":"product_tag","embeddable":true,"href":"https:\/\/roveyayinevi.com.tr\/index.php\/wp-json\/wp\/v2\/product_tag?post=757578"}],"curies":[{"name":"wp","href":"https:\/\/api.w.org\/{rel}","templated":true}]}}