{"id":757577,"date":"2025-08-28T07:39:30","date_gmt":"2025-08-28T04:39:30","guid":{"rendered":"https:\/\/roveyayinevi.com.tr\/index.php\/urun\/bumcikiler-1-bumcikiler-doguyor\/"},"modified":"2026-04-08T03:18:58","modified_gmt":"2026-04-08T00:18:58","slug":"bumcikiler-1-bumcikiler-doguyor","status":"publish","type":"product","link":"https:\/\/roveyayinevi.com.tr\/index.php\/urun\/bumcikiler-1-bumcikiler-doguyor\/","title":{"rendered":"Bum\u00e7ikiler 1- Bum\u00e7ikiler Do\u011fuyor"},"content":{"rendered":"<p>BUMM! \u00c7\u0130K\u0130 \u00c7\u0130K\u0130! BUMM! \u00c7\u0130K\u0130 \u00c7\u0130K\u0130! Neler oluyor? Bu ses nereden geliyor?     Toprak \u00fclkesinde ya\u015fayan b\u00f6cekler tela\u015fl\u0131. \u00d6nem Han\u0131m v\u0131z oraya, v\u0131z buraya u\u00e7uyor. Fatma Ana\u2019ya gidip neler oldu\u011funu soruyor. \u201c\u00c7abuk M\u00fchim k\u0131z\u0131ma haber ver! Bebekler geliyor!\u201d diyor Fatma Ana. Bunlar\u0131 duyunca kafas\u0131 kar\u0131\u015fan M\u00fchim Han\u0131m hemen bah\u00e7eye iniyor. Tam o s\u0131rada BUM \u00c7\u0130K\u0130 \u00c7\u0130K\u0130 sesleri tekrar duyuluyor. Bu kez M\u00fchim Han\u0131m, \u201cNe oluyor Fatma Ana?\u201d diye soruyor. Fatma Ana heyecanla cevap veriyor: \u201cBebekler geliyor dedim ya M\u00fchim k\u0131z\u0131m, bebekler geliyor!\u201d       EDA ALBAYRAK\u2019IN KIPIR KIPIR KALEM\u0130NDEN D\u00d6K\u00dcLEN BU D\u0130NAMIK MASALLARI \u00c7OCUKLAR Y\u00dcKSEK SESLE OKUMAYI \u00c7OK SEVECEK. ZEYNEP ERTUN\u00c7\u2019UN RENKLER\u0130YLE CANLANAN BUM\u00c7\u0130K\u0130LER SER\u0130S\u0130, \u0130LK OKUMA YOLCULU\u011eUNDA \u00c7OCUKLARA E\u011eLENCEL\u0130 B\u0130R YOL ARKADA\u015eI OLACAK. <\/p>\n","protected":false},"excerpt":{"rendered":"<p>BUMM! \u00c7\u0130K\u0130 \u00c7\u0130K\u0130! BUMM! \u00c7\u0130K\u0130 \u00c7\u0130K\u0130! Neler oluyor? Bu ses nereden geliyor? Toprak \u00fclkesinde ya\u015fayan b\u00f6cekler tela\u015fl\u0131. \u00d6nem Han\u0131m v\u0131z oraya, v\u0131z buraya u\u00e7uyor. Fatma Ana\u2019ya<span class=\"excerpt-hellip\"> [\u2026]<\/span><\/p>\n","protected":false},"featured_media":0,"template":"","meta":{"_monsterinsights_skip_tracking":false,"_monsterinsights_sitenote_active":false,"_monsterinsights_sitenote_note":"","_monsterinsights_sitenote_category":0},"product_brand":[],"product_cat":[12274,12284],"product_tag":[],"class_list":{"0":"post-757577","1":"product","2":"type-product","3":"status-publish","5":"product_cat-cocuk-ve-genclik-kitaplari","6":"product_cat-hikayeler","7":"pa_cilt-ciltsiz","8":"pa_tur-kitap","9":"pa_yayinevi-dogan-cocuk","10":"pa_yazar-eda-albayrak","12":"first","13":"instock","14":"sale","15":"shipping-taxable","16":"purchasable","17":"product-type-simple"},"_links":{"self":[{"href":"https:\/\/roveyayinevi.com.tr\/index.php\/wp-json\/wp\/v2\/product\/757577","targetHints":{"allow":["GET"]}}],"collection":[{"href":"https:\/\/roveyayinevi.com.tr\/index.php\/wp-json\/wp\/v2\/product"}],"about":[{"href":"https:\/\/roveyayinevi.com.tr\/index.php\/wp-json\/wp\/v2\/types\/product"}],"wp:attachment":[{"href":"https:\/\/roveyayinevi.com.tr\/index.php\/wp-json\/wp\/v2\/media?parent=757577"}],"wp:term":[{"taxonomy":"product_brand","embeddable":true,"href":"https:\/\/roveyayinevi.com.tr\/index.php\/wp-json\/wp\/v2\/product_brand?post=757577"},{"taxonomy":"product_cat","embeddable":true,"href":"https:\/\/roveyayinevi.com.tr\/index.php\/wp-json\/wp\/v2\/product_cat?post=757577"},{"taxonomy":"product_tag","embeddable":true,"href":"https:\/\/roveyayinevi.com.tr\/index.php\/wp-json\/wp\/v2\/product_tag?post=757577"}],"curies":[{"name":"wp","href":"https:\/\/api.w.org\/{rel}","templated":true}]}}