{"id":757576,"date":"2025-08-28T07:39:28","date_gmt":"2025-08-28T04:39:28","guid":{"rendered":"https:\/\/roveyayinevi.com.tr\/index.php\/urun\/deniz-aygirina-kaptirdiginiz-kanepenizi-kurtarma-rehberi\/"},"modified":"2026-04-16T03:10:43","modified_gmt":"2026-04-16T00:10:43","slug":"deniz-aygirina-kaptirdiginiz-kanepenizi-kurtarma-rehberi","status":"publish","type":"product","link":"https:\/\/roveyayinevi.com.tr\/index.php\/urun\/deniz-aygirina-kaptirdiginiz-kanepenizi-kurtarma-rehberi\/","title":{"rendered":"Deniz Ayg\u0131r\u0131na Kapt\u0131rd\u0131\u011f\u0131n\u0131z Kanepenizi Kurtarma Rehberi"},"content":{"rendered":"<p>\u00c7ok be\u011fenerek sipari\u015f etti\u011finiz kanepeniz evinize geldi. Ama bir gariplik var! \u00dczerinde kocaman bir denizayg\u0131r\u0131yla gelmi\u015f. Sak\u0131n pani\u011fe kap\u0131lmay\u0131n! Kanepenizi kurtarmak i\u00e7in arad\u0131\u011f\u0131n\u0131z her \u015fey bu rehberde! <\/p>\n","protected":false},"excerpt":{"rendered":"<p>\u00c7ok be\u011fenerek sipari\u015f etti\u011finiz kanepeniz evinize geldi. Ama bir gariplik var! \u00dczerinde kocaman bir denizayg\u0131r\u0131yla gelmi\u015f. Sak\u0131n pani\u011fe kap\u0131lmay\u0131n! Kanepenizi kurtarmak i\u00e7in arad\u0131\u011f\u0131n\u0131z her \u015fey bu<span class=\"excerpt-hellip\"> [\u2026]<\/span><\/p>\n","protected":false},"featured_media":0,"template":"","meta":{"_monsterinsights_skip_tracking":false,"_monsterinsights_sitenote_active":false,"_monsterinsights_sitenote_note":"","_monsterinsights_sitenote_category":0},"product_brand":[],"product_cat":[12274,12284],"product_tag":[],"class_list":{"0":"post-757576","1":"product","2":"type-product","3":"status-publish","5":"product_cat-cocuk-ve-genclik-kitaplari","6":"product_cat-hikayeler","7":"pa_cilt-ciltsiz","8":"pa_tur-kitap","9":"pa_yayinevi-dogan-cocuk","10":"pa_yazar-ozlem-fedai-korcak","12":"first","13":"instock","14":"sale","15":"shipping-taxable","16":"purchasable","17":"product-type-simple"},"_links":{"self":[{"href":"https:\/\/roveyayinevi.com.tr\/index.php\/wp-json\/wp\/v2\/product\/757576","targetHints":{"allow":["GET"]}}],"collection":[{"href":"https:\/\/roveyayinevi.com.tr\/index.php\/wp-json\/wp\/v2\/product"}],"about":[{"href":"https:\/\/roveyayinevi.com.tr\/index.php\/wp-json\/wp\/v2\/types\/product"}],"wp:attachment":[{"href":"https:\/\/roveyayinevi.com.tr\/index.php\/wp-json\/wp\/v2\/media?parent=757576"}],"wp:term":[{"taxonomy":"product_brand","embeddable":true,"href":"https:\/\/roveyayinevi.com.tr\/index.php\/wp-json\/wp\/v2\/product_brand?post=757576"},{"taxonomy":"product_cat","embeddable":true,"href":"https:\/\/roveyayinevi.com.tr\/index.php\/wp-json\/wp\/v2\/product_cat?post=757576"},{"taxonomy":"product_tag","embeddable":true,"href":"https:\/\/roveyayinevi.com.tr\/index.php\/wp-json\/wp\/v2\/product_tag?post=757576"}],"curies":[{"name":"wp","href":"https:\/\/api.w.org\/{rel}","templated":true}]}}