{"id":757574,"date":"2025-08-28T07:39:25","date_gmt":"2025-08-28T04:39:25","guid":{"rendered":"https:\/\/roveyayinevi.com.tr\/index.php\/urun\/kanatlarin-var-ruhunda\/"},"modified":"2026-04-16T03:10:43","modified_gmt":"2026-04-16T00:10:43","slug":"kanatlarin-var-ruhunda","status":"publish","type":"product","link":"https:\/\/roveyayinevi.com.tr\/index.php\/urun\/kanatlarin-var-ruhunda\/","title":{"rendered":"Kanatlar\u0131n var Ruhunda"},"content":{"rendered":"<p>kayg\u0131lar, korkular, kuruntular hep k\u2019yla ba\u015flar ard\u0131ndan y\u00fcr\u00fcr ve s\u00fcrekli sana bir \u015fey f\u0131s\u0131ldarlar nereye gitsen fare gibi pe\u015findedirler ve yoktur susacaklar\u0131 anneni arars\u0131n i\u00e7inde, sa\u00e7\u0131n\u0131 ok\u015fas\u0131n, ben buraday\u0131m desin tela\u015fla \u00e7arpan kalbinde, el yordam\u0131yla bir s\u00fck\u00fbnet arars\u0131n lokomotifleri vard\u0131r trenlerin ritmi \u015fa\u015fmaz, hayat k\u0131rm\u0131z\u0131da durmaz aaa! diye ba\u011f\u0131r\u0131rs\u0131n bazen, duyan\u0131n da olmaz \u00e7o\u011fu zaman rock\u2019n roll g\u00fcnlerini \u00f6zlersin, hi\u00e7bir \u015fey sana \u00e7arpam\u0131yordu \u0131s\u0131tmaya ihtiyac\u0131n var i\u00e7ini, ellerin hep so\u011fuk, tenin hep soluk niyet etmen yeter derler ama niyetini de hat\u0131rlamazs\u0131n   var olman\u0131n yok olmakla yak\u0131nl\u0131\u011f\u0131na \u015fa\u015fars\u0131n baz\u0131 g\u00fcnler a\u015fk istersin, me\u015fk istersin, g\u00fc\u00e7 ve ne\u015fe ve biraz da bo\u015f vermi\u015flik rollerin aras\u0131ndan en s\u0131k\u0131c\u0131s\u0131n\u0131 oynamaya karar vermi\u015fsindir   rahat edemedi\u011fin odalarda, rahat\u00e7a s\u00f6ylemedi\u011fin repliklerle uzun d\u00fc\u015f\u00fcnmeye de vaktin olmaz, bir ak\u015fam\u00fcst\u00fcne yay\u0131lamazs\u0131n hayat dedi\u011fin, hep kronometresi elinde, hep tepende\u2026 uyanma zaman\u0131n geldi demektir t\u00fcm bunlar oluyorsa! nas\u0131l fark etmedin s\u0131rt\u0131ndaki kocaman kollara benzer uzant\u0131lar\u0131? d\u00fc\u015fmeyeceksin, karanl\u0131klarda yan\u0131p, bo\u015fluklarda u\u00e7acaks\u0131n\u2026 anlad\u0131\u011f\u0131nda: \u2026 kanatlar\u0131n var ruhunda! <\/p>\n","protected":false},"excerpt":{"rendered":"<p>kayg\u0131lar, korkular, kuruntular hep k\u2019yla ba\u015flar ard\u0131ndan y\u00fcr\u00fcr ve s\u00fcrekli sana bir \u015fey f\u0131s\u0131ldarlar nereye gitsen fare gibi pe\u015findedirler ve yoktur susacaklar\u0131 anneni arars\u0131n i\u00e7inde, sa\u00e7\u0131n\u0131<span class=\"excerpt-hellip\"> [\u2026]<\/span><\/p>\n","protected":false},"featured_media":0,"template":"","meta":{"_monsterinsights_skip_tracking":false,"_monsterinsights_sitenote_active":false,"_monsterinsights_sitenote_note":"","_monsterinsights_sitenote_category":0},"product_brand":[],"product_cat":[12777,12291],"product_tag":[],"class_list":{"0":"post-757574","1":"product","2":"type-product","3":"status-publish","5":"product_cat-deneme","6":"product_cat-edebiyat","7":"pa_cilt-ciltsiz","8":"pa_tur-kitap","9":"pa_yayinevi-dogan-novus","10":"pa_yazar-nil-karaibrahimgil","12":"first","13":"instock","14":"sale","15":"shipping-taxable","16":"purchasable","17":"product-type-simple"},"_links":{"self":[{"href":"https:\/\/roveyayinevi.com.tr\/index.php\/wp-json\/wp\/v2\/product\/757574","targetHints":{"allow":["GET"]}}],"collection":[{"href":"https:\/\/roveyayinevi.com.tr\/index.php\/wp-json\/wp\/v2\/product"}],"about":[{"href":"https:\/\/roveyayinevi.com.tr\/index.php\/wp-json\/wp\/v2\/types\/product"}],"wp:attachment":[{"href":"https:\/\/roveyayinevi.com.tr\/index.php\/wp-json\/wp\/v2\/media?parent=757574"}],"wp:term":[{"taxonomy":"product_brand","embeddable":true,"href":"https:\/\/roveyayinevi.com.tr\/index.php\/wp-json\/wp\/v2\/product_brand?post=757574"},{"taxonomy":"product_cat","embeddable":true,"href":"https:\/\/roveyayinevi.com.tr\/index.php\/wp-json\/wp\/v2\/product_cat?post=757574"},{"taxonomy":"product_tag","embeddable":true,"href":"https:\/\/roveyayinevi.com.tr\/index.php\/wp-json\/wp\/v2\/product_tag?post=757574"}],"curies":[{"name":"wp","href":"https:\/\/api.w.org\/{rel}","templated":true}]}}