{"id":757573,"date":"2025-08-28T07:39:24","date_gmt":"2025-08-28T04:39:24","guid":{"rendered":"https:\/\/roveyayinevi.com.tr\/index.php\/urun\/atolyeden-akilli-fabrikaya\/"},"modified":"2025-11-21T10:02:35","modified_gmt":"2025-11-21T07:02:35","slug":"atolyeden-akilli-fabrikaya","status":"publish","type":"product","link":"https:\/\/roveyayinevi.com.tr\/index.php\/urun\/atolyeden-akilli-fabrikaya\/","title":{"rendered":"At\u00f6lyeden Ak\u0131ll\u0131 Fabrikaya"},"content":{"rendered":"<p>L\u00fctfi Apilio\u011fullar\u0131 yeni kitab\u0131 &#8220;At\u00f6lyeden Ak\u0131ll\u0131 Fabrikaya&#8221;da yeni paradigman\u0131n, i\u015fletmelerin m\u00fc\u015fterilerinin \u00f6zelle\u015ftirilmi\u015f taleplerini kar\u015f\u0131lamak i\u00e7in yenilik\u00e7i \u00fcr\u00fcnleri, h\u0131zl\u0131 ve d\u00fc\u015f\u00fck maliyette \u00fcretebilmelerinin \u00f6nemine dikkat \u00e7ekerek, kapsaml\u0131 bir m\u00fc\u015fteri deneyimiolu\u015fturup toplam etkiyi art\u0131rabilmek i\u00e7in bir dizi stratejinin uyumlu \u015fekilde bir arada kullan\u0131lmas\u0131n\u0131n \u00f6nemini vurguluyor. <\/p>\n","protected":false},"excerpt":{"rendered":"<p>L\u00fctfi Apilio\u011fullar\u0131 yeni kitab\u0131 &#8220;At\u00f6lyeden Ak\u0131ll\u0131 Fabrikaya&#8221;da yeni paradigman\u0131n, i\u015fletmelerin m\u00fc\u015fterilerinin \u00f6zelle\u015ftirilmi\u015f taleplerini kar\u015f\u0131lamak i\u00e7in yenilik\u00e7i \u00fcr\u00fcnleri, h\u0131zl\u0131 ve d\u00fc\u015f\u00fck maliyette \u00fcretebilmelerinin \u00f6nemine dikkat \u00e7ekerek, kapsaml\u0131<span class=\"excerpt-hellip\"> [\u2026]<\/span><\/p>\n","protected":false},"featured_media":0,"template":"","meta":{"_monsterinsights_skip_tracking":false,"_monsterinsights_sitenote_active":false,"_monsterinsights_sitenote_note":"","_monsterinsights_sitenote_category":0},"product_brand":[],"product_cat":[13043,17647],"product_tag":[],"class_list":{"0":"post-757573","1":"product","2":"type-product","3":"status-publish","5":"product_cat-ekonomi","6":"product_cat-is-dunyasi","7":"pa_cilt-ciltsiz","8":"pa_tur-kitap","9":"pa_yayinevi-aura-kitaplari","10":"pa_yazar-lutfi-apiliogullari","12":"first","13":"instock","14":"sale","15":"shipping-taxable","16":"purchasable","17":"product-type-simple"},"_links":{"self":[{"href":"https:\/\/roveyayinevi.com.tr\/index.php\/wp-json\/wp\/v2\/product\/757573","targetHints":{"allow":["GET"]}}],"collection":[{"href":"https:\/\/roveyayinevi.com.tr\/index.php\/wp-json\/wp\/v2\/product"}],"about":[{"href":"https:\/\/roveyayinevi.com.tr\/index.php\/wp-json\/wp\/v2\/types\/product"}],"wp:attachment":[{"href":"https:\/\/roveyayinevi.com.tr\/index.php\/wp-json\/wp\/v2\/media?parent=757573"}],"wp:term":[{"taxonomy":"product_brand","embeddable":true,"href":"https:\/\/roveyayinevi.com.tr\/index.php\/wp-json\/wp\/v2\/product_brand?post=757573"},{"taxonomy":"product_cat","embeddable":true,"href":"https:\/\/roveyayinevi.com.tr\/index.php\/wp-json\/wp\/v2\/product_cat?post=757573"},{"taxonomy":"product_tag","embeddable":true,"href":"https:\/\/roveyayinevi.com.tr\/index.php\/wp-json\/wp\/v2\/product_tag?post=757573"}],"curies":[{"name":"wp","href":"https:\/\/api.w.org\/{rel}","templated":true}]}}