{"id":757572,"date":"2025-08-28T07:39:22","date_gmt":"2025-08-28T04:39:22","guid":{"rendered":"https:\/\/roveyayinevi.com.tr\/index.php\/urun\/her-temas\/"},"modified":"2026-04-16T03:10:43","modified_gmt":"2026-04-16T00:10:43","slug":"her-temas","status":"publish","type":"product","link":"https:\/\/roveyayinevi.com.tr\/index.php\/urun\/her-temas\/","title":{"rendered":"Her Temas"},"content":{"rendered":"<p>\u0130nsanlar aras\u0131ndaki fiziksel veya d\u00fc\u015f\u00fcnsel her temas\u0131n zihindeki karma\u015f\u0131k \u00f6rg\u00fcde nas\u0131l iz b\u0131rakt\u0131\u011f\u0131n\u0131 ve duygular\u0131n hem biyolojik hem de evrimsel k\u00f6kenlerini klinik hik\u00e2yelerle ayd\u0131nlatan nefes kesici bir zihin yolculu\u011fu.\u00dcnl\u00fc klinik psikiyatr ve n\u00f6robilimci Karl Deisseroth hayat\u0131n\u0131 insan zihni hakk\u0131ndaki ger\u00e7eklerin pe\u015finde ko\u015farak ge\u00e7irdi. Beyne dair bildiklerini hastalar\u0131na duydu\u011fu derin empatiyle birle\u015ftiren Deisseroth, Her Temas&#8217;ta &#8220;bozukluklar\u0131m\u0131z sa\u011flam yanlar\u0131m\u0131z hakk\u0131nda ne s\u00f6yler?&#8221; sorusunun pe\u015fine tak\u0131larak ilgin\u00e7 z\u0131tl\u0131klar\u0131n izini s\u00fcr\u00fcyor.G\u00fcncel ara\u015ft\u0131rmalar ve birlikte \u00e7al\u0131\u015ft\u0131\u011f\u0131 hastalar\u0131na ait hik\u00e2yeler arac\u0131l\u0131\u011f\u0131yla kendi evrimsel tarihimiz ile g\u00fcndelik hayat\u0131m\u0131zdaki sanc\u0131l\u0131 anlar aras\u0131nda k\u00f6pr\u00fc kuruyor: Yeme bozuklu\u011fu ya\u015fayan gen\u00e7 bir kad\u0131n, beynin en ilkel d\u00fcrt\u00fcs\u00fc olan a\u00e7l\u0131\u011fa kar\u015f\u0131 zihnin nas\u0131l direnebildi\u011fini g\u00f6zler \u00f6n\u00fcne sererken depresyon ve demans y\u00fcz\u00fcnden sessizli\u011fe g\u00f6m\u00fclm\u00fc\u015f ya\u015fl\u0131 bir adam, insanlar\u0131n yaln\u0131zca mutlulu\u011fu de\u011fil, mutsuzlu\u011fu da hissedecek \u015fekilde nas\u0131l evrimle\u015fti\u011fini g\u00f6steriyor.Her Temas, do\u011fam\u0131zdan gelen ba\u011f kurma ve anlam bulma \u00f6zlemimizi zarafet dolu bir dille resmederek yaln\u0131zca beyne de\u011fil, t\u00fcm benli\u011fimize dair anlay\u0131\u015f\u0131m\u0131z\u0131 de\u011fi\u015ftiriyor.  &#8220;Deisseroth, heyecanland\u0131rmak ve ayd\u0131nlatmak gibi iki zor i\u015fi ayn\u0131 anda ba\u015far\u0131yor.&#8221; -GUARDIAN&#8221;Ger\u00e7ek ile kurgunun, hakikat ile hayal g\u00fcc\u00fcn\u00fcn, y\u0131k\u0131m ile arzunun bir kar\u0131\u015f\u0131m\u0131.&#8221; -SCIENCE&#8221;\u0130nsan beynine dair bilgilerimiz bir devrim s\u00fcrecinde ve Karl Deisseroth bu ilerlemede ba\u015f\u0131 \u00e7ekiyor. \u015eimdi maharetli bir yazar ve anlat\u0131c\u0131 da oldu\u011funu g\u00f6steriyor.&#8221; -NEIL SHUBIN, Canl\u0131l\u0131\u011f\u0131n Tarihi&#8217;nin yazar\u0131 <\/p>\n","protected":false},"excerpt":{"rendered":"<p>\u0130nsanlar aras\u0131ndaki fiziksel veya d\u00fc\u015f\u00fcnsel her temas\u0131n zihindeki karma\u015f\u0131k \u00f6rg\u00fcde nas\u0131l iz b\u0131rakt\u0131\u011f\u0131n\u0131 ve duygular\u0131n hem biyolojik hem de evrimsel k\u00f6kenlerini klinik hik\u00e2yelerle ayd\u0131nlatan nefes kesici<span class=\"excerpt-hellip\"> [\u2026]<\/span><\/p>\n","protected":false},"featured_media":0,"template":"","meta":{"_monsterinsights_skip_tracking":false,"_monsterinsights_sitenote_active":false,"_monsterinsights_sitenote_note":"","_monsterinsights_sitenote_category":0},"product_brand":[],"product_cat":[20502,12357],"product_tag":[],"class_list":{"0":"post-757572","1":"product","2":"type-product","3":"status-publish","5":"product_cat-basvuru-kitaplari-psikoloji","6":"product_cat-psikoloji","7":"pa_cilt-ciltsiz","8":"pa_tur-kitap","9":"pa_yayinevi-domingo-yayinevi","10":"pa_yazar-karl-deisseroth","12":"first","13":"instock","14":"sale","15":"shipping-taxable","16":"purchasable","17":"product-type-simple"},"_links":{"self":[{"href":"https:\/\/roveyayinevi.com.tr\/index.php\/wp-json\/wp\/v2\/product\/757572","targetHints":{"allow":["GET"]}}],"collection":[{"href":"https:\/\/roveyayinevi.com.tr\/index.php\/wp-json\/wp\/v2\/product"}],"about":[{"href":"https:\/\/roveyayinevi.com.tr\/index.php\/wp-json\/wp\/v2\/types\/product"}],"wp:attachment":[{"href":"https:\/\/roveyayinevi.com.tr\/index.php\/wp-json\/wp\/v2\/media?parent=757572"}],"wp:term":[{"taxonomy":"product_brand","embeddable":true,"href":"https:\/\/roveyayinevi.com.tr\/index.php\/wp-json\/wp\/v2\/product_brand?post=757572"},{"taxonomy":"product_cat","embeddable":true,"href":"https:\/\/roveyayinevi.com.tr\/index.php\/wp-json\/wp\/v2\/product_cat?post=757572"},{"taxonomy":"product_tag","embeddable":true,"href":"https:\/\/roveyayinevi.com.tr\/index.php\/wp-json\/wp\/v2\/product_tag?post=757572"}],"curies":[{"name":"wp","href":"https:\/\/api.w.org\/{rel}","templated":true}]}}