{"id":757567,"date":"2025-08-28T07:39:13","date_gmt":"2025-08-28T04:39:13","guid":{"rendered":"https:\/\/roveyayinevi.com.tr\/index.php\/urun\/neredeymis-bay-kopek-ciltli\/"},"modified":"2026-04-16T03:10:43","modified_gmt":"2026-04-16T00:10:43","slug":"neredeymis-bay-kopek-ciltli","status":"publish","type":"product","link":"https:\/\/roveyayinevi.com.tr\/index.php\/urun\/neredeymis-bay-kopek-ciltli\/","title":{"rendered":"Neredeymi\u015f Bay K\u00f6pek? (Ciltli)"},"content":{"rendered":"<p>D\u00fcnyan\u0131n en sevilen ve en \u00e7ok satan bebek kitaplar\u0131ndan, \u00f6d\u00fcll\u00fc Neredeymi\u015f? serisi \u015fimdi T\u00fcrk\u00e7e. Bu g\u00f6z al\u0131c\u0131 serinin her kitab\u0131nda, birbirinden farkl\u0131 karakterler, rengarenk \u00f6zel kesim ke\u00e7elerin ard\u0131na saklanm\u0131\u015f, minik okurlar\u0131n\u0131 bekliyor. P. Arrhenius&#8217;un sevimli \u00e7izimleri ile bezeli bu e\u011flenceli saklamba\u00e7 oyunu, 6 aydan 24 aya kadar minik okurlar\u0131 hem \u015fa\u015f\u0131rtacak hem de k\u0131k\u0131rdatacak. As\u0131l s\u00fcrpriz ise son sayfada gizli. Son sayfada \u00f6zel kesim ke\u00e7eyi kald\u0131rd\u0131klar\u0131nda kendilerini g\u00f6recekleri bir ayna ile kar\u015f\u0131la\u015facaklar. &#8220;\u0130\u015fte buradas\u0131n!&#8221; Neredeymi\u015f Bay K\u00f6pek?&#8217;te minik okurlar, evlerimizde ya\u015fayan hayvanlarla saklamba\u00e7 oynayacak, kediyi, fareyi, tav\u015fan\u0131 ve k\u00f6pe\u011fi bulacak ve kitab\u0131n sonundaki s\u00fcrpriz ile \u00e7ok e\u011flenecekler. Ebeveynler Neredeymi\u015f? serisine bay\u0131l\u0131yor \u00e7\u00fcnk\u00fc bu kitaplar g\u00fczel olduklar\u0131 kadar \u201cen heyecanl\u0131\u201d minik okurlara bile dayanacak kadar sa\u011flamlar. Minikler Neredeymi\u015f? serisine bay\u0131l\u0131yor \u00e7\u00fcnk\u00fc bu saklamba\u00e7 oyunu onlar\u0131 hem \u015fa\u015f\u0131rt\u0131yor hem de g\u00fcld\u00fcr\u00fcyor.   Sainsbury \u00c7ocuk Kitaplar\u0131 \u00d6d\u00fcl\u00fc    \u201cBu sa\u011flam karton kitab\u0131n ke\u00e7e perdeleri tam da miniklerin \u00e7eki\u015ftirmesi i\u00e7in yarat\u0131lm\u0131\u015f, bu sayede en k\u00fc\u00e7\u00fck \u00e7ocu\u011fu bile kitaplara al\u0131\u015ft\u0131rabilir ve e\u011flenceli aktiviteler yapabilirsiniz. Ingela Arrhenius\u2019un sevimli ve rengarenk \u00e7izimleri mini\u011finizin ilgisini hemen \u00e7ekecek cinsten. K\u00fc\u00e7\u00fcklerle harika an\u0131lar yaratmak i\u00e7in ideal.\u201d -BookTrust   <\/p>\n","protected":false},"excerpt":{"rendered":"<p>D\u00fcnyan\u0131n en sevilen ve en \u00e7ok satan bebek kitaplar\u0131ndan, \u00f6d\u00fcll\u00fc Neredeymi\u015f? serisi \u015fimdi T\u00fcrk\u00e7e. Bu g\u00f6z al\u0131c\u0131 serinin her kitab\u0131nda, birbirinden farkl\u0131 karakterler, rengarenk \u00f6zel kesim<span class=\"excerpt-hellip\"> [\u2026]<\/span><\/p>\n","protected":false},"featured_media":0,"template":"","meta":{"_monsterinsights_skip_tracking":false,"_monsterinsights_sitenote_active":false,"_monsterinsights_sitenote_note":"","_monsterinsights_sitenote_category":0},"product_brand":[],"product_cat":[12274,12518],"product_tag":[],"class_list":{"0":"post-757567","1":"product","2":"type-product","3":"status-publish","5":"product_cat-cocuk-ve-genclik-kitaplari","6":"product_cat-okul-oncesi-kitaplar","7":"pa_cilt-ciltli","8":"pa_tur-kitap","9":"pa_yayinevi-domingo-yayinevi","10":"pa_yazar-kolektif","12":"first","13":"instock","14":"sale","15":"shipping-taxable","16":"purchasable","17":"product-type-simple"},"_links":{"self":[{"href":"https:\/\/roveyayinevi.com.tr\/index.php\/wp-json\/wp\/v2\/product\/757567","targetHints":{"allow":["GET"]}}],"collection":[{"href":"https:\/\/roveyayinevi.com.tr\/index.php\/wp-json\/wp\/v2\/product"}],"about":[{"href":"https:\/\/roveyayinevi.com.tr\/index.php\/wp-json\/wp\/v2\/types\/product"}],"wp:attachment":[{"href":"https:\/\/roveyayinevi.com.tr\/index.php\/wp-json\/wp\/v2\/media?parent=757567"}],"wp:term":[{"taxonomy":"product_brand","embeddable":true,"href":"https:\/\/roveyayinevi.com.tr\/index.php\/wp-json\/wp\/v2\/product_brand?post=757567"},{"taxonomy":"product_cat","embeddable":true,"href":"https:\/\/roveyayinevi.com.tr\/index.php\/wp-json\/wp\/v2\/product_cat?post=757567"},{"taxonomy":"product_tag","embeddable":true,"href":"https:\/\/roveyayinevi.com.tr\/index.php\/wp-json\/wp\/v2\/product_tag?post=757567"}],"curies":[{"name":"wp","href":"https:\/\/api.w.org\/{rel}","templated":true}]}}