{"id":757564,"date":"2025-08-28T07:39:09","date_gmt":"2025-08-28T04:39:09","guid":{"rendered":"https:\/\/roveyayinevi.com.tr\/index.php\/urun\/crim-ailesi-fleksi\/"},"modified":"2026-04-16T03:10:43","modified_gmt":"2026-04-16T00:10:43","slug":"crim-ailesi-fleksi","status":"publish","type":"product","link":"https:\/\/roveyayinevi.com.tr\/index.php\/urun\/crim-ailesi-fleksi\/","title":{"rendered":"Crim Ailesi (Fleksi)"},"content":{"rendered":"<p>Lemony Snicket hayranlar\u0131n\u0131n \u00e7ok be\u011fenece\u011fiyepyeni bir ser\u00fcvene davetlisiniz!Addams Ailesi, \u00c7\u0131lg\u0131n H\u0131rs\u0131z filmiyle bulu\u015fuyor!    SU\u00c7, Y\u00dcZYILLARDIR CRIM A\u0130LES\u0130&#8217;N\u0130NDAMARLARINDA AKIYOR&#8230;     Imogen\u2019in \u201cCollins\u201d soyad\u0131yla Lilyworth Koleji&#8217;ne girdi\u011finin ikinci y\u0131l\u0131nda, tam da okul ba\u015fkan\u0131 se\u00e7ilecekken g\u00f6nderilen gizli bir mektupla t\u00fcm ger\u00e7ekler ortaya \u00e7\u0131kar; Imogen Collins esas\u0131nda, aile \u00fcyelerinin tamam\u0131n\u0131n az\u0131l\u0131 su\u00e7lulardan olu\u015ftu\u011fu bir \u201cCrim\u201ddir.  Bu y\u00fczden okuldan at\u0131lan Imogen, M\u00fcdire Han\u0131m&#8217;la bir anla\u015fma yapar; o s\u0131rada hapiste olan ailesinin masum oldu\u011funu ispatlayabilirse okula geri al\u0131nacakt\u0131r. Hi\u00e7 de kolay olmayan bir maceraya giri\u015fenImogen hem ailesiyle ilgili bilmedi\u011fi ger\u00e7ekleri \u00f6\u011frenecek hem de kendini yeniden ke\u015ffedecektir. \u00c7\u00fcnk\u00fc sadece ger\u00e7ekten yetenekli bir su\u00e7lu bu beceriksiz ailenin masumiyetini kan\u0131tlayabilir&#8230;<\/p>\n","protected":false},"excerpt":{"rendered":"<p>Lemony Snicket hayranlar\u0131n\u0131n \u00e7ok be\u011fenece\u011fiyepyeni bir ser\u00fcvene davetlisiniz!Addams Ailesi, \u00c7\u0131lg\u0131n H\u0131rs\u0131z filmiyle bulu\u015fuyor! SU\u00c7, Y\u00dcZYILLARDIR CRIM A\u0130LES\u0130&#8217;N\u0130NDAMARLARINDA AKIYOR&#8230; Imogen\u2019in \u201cCollins\u201d soyad\u0131yla Lilyworth Koleji&#8217;ne girdi\u011finin ikinci y\u0131l\u0131nda,<span class=\"excerpt-hellip\"> [\u2026]<\/span><\/p>\n","protected":false},"featured_media":0,"template":"","meta":{"_monsterinsights_skip_tracking":false,"_monsterinsights_sitenote_active":false,"_monsterinsights_sitenote_note":"","_monsterinsights_sitenote_category":0},"product_brand":[],"product_cat":[12274,12284],"product_tag":[],"class_list":{"0":"post-757564","1":"product","2":"type-product","3":"status-publish","5":"product_cat-cocuk-ve-genclik-kitaplari","6":"product_cat-hikayeler","7":"pa_cilt-ciltsiz","8":"pa_tur-kitap","9":"pa_yayinevi-epsilon-yayinlari","10":"pa_yazar-kate-davies","12":"first","13":"instock","14":"sale","15":"shipping-taxable","16":"purchasable","17":"product-type-simple"},"_links":{"self":[{"href":"https:\/\/roveyayinevi.com.tr\/index.php\/wp-json\/wp\/v2\/product\/757564","targetHints":{"allow":["GET"]}}],"collection":[{"href":"https:\/\/roveyayinevi.com.tr\/index.php\/wp-json\/wp\/v2\/product"}],"about":[{"href":"https:\/\/roveyayinevi.com.tr\/index.php\/wp-json\/wp\/v2\/types\/product"}],"wp:attachment":[{"href":"https:\/\/roveyayinevi.com.tr\/index.php\/wp-json\/wp\/v2\/media?parent=757564"}],"wp:term":[{"taxonomy":"product_brand","embeddable":true,"href":"https:\/\/roveyayinevi.com.tr\/index.php\/wp-json\/wp\/v2\/product_brand?post=757564"},{"taxonomy":"product_cat","embeddable":true,"href":"https:\/\/roveyayinevi.com.tr\/index.php\/wp-json\/wp\/v2\/product_cat?post=757564"},{"taxonomy":"product_tag","embeddable":true,"href":"https:\/\/roveyayinevi.com.tr\/index.php\/wp-json\/wp\/v2\/product_tag?post=757564"}],"curies":[{"name":"wp","href":"https:\/\/api.w.org\/{rel}","templated":true}]}}