{"id":757563,"date":"2025-08-28T07:39:08","date_gmt":"2025-08-28T04:39:08","guid":{"rendered":"https:\/\/roveyayinevi.com.tr\/index.php\/urun\/100-basyapitta-sanat\/"},"modified":"2026-04-16T03:10:43","modified_gmt":"2026-04-16T00:10:43","slug":"100-basyapitta-sanat","status":"publish","type":"product","link":"https:\/\/roveyayinevi.com.tr\/index.php\/urun\/100-basyapitta-sanat\/","title":{"rendered":"100 Ba\u015fyap\u0131tta Sanat"},"content":{"rendered":"<p>Michelangelo neden kendini Sistine \u015eapeli\u2019nin tavan\u0131n\u0131 s\u00fcslemek gibi karma\u015f\u0131k bir i\u015fe adad\u0131 ya da Rembrandt neden kendi resmini yapmakta bu kadar \u0131srarc\u0131yd\u0131? Terracotta Askerleri\u2019nin yarat\u0131l\u0131\u015f\u0131n\u0131n ard\u0131nda hangi esrarengiz hik\u00e2ye yat\u0131yor ve Andy Warhol\u2019a s\u0131radan \u00e7orba kutular\u0131n\u0131 ikonik sanat eserlerine d\u00f6n\u00fc\u015ft\u00fcrmesi i\u00e7in ilham veren \u015fey neydi? 100 Ba\u015fyap\u0131tta Sanat, bu gibi 100 b\u00fcy\u00fcleyici soruyu \u00e7evreleyen gizemleri a\u00e7\u0131\u011fa \u00e7\u0131kar\u0131yor, anla\u015f\u0131l\u0131r ve tatmin edici a\u00e7\u0131klamalar sunuyor. E\u011fer hayranl\u0131kla bakt\u0131\u011f\u0131n\u0131z sanat eserlerinin ne anlama geldi\u011fini merak ediyorsan\u0131z, i\u015fte rehberiniz. <\/p>\n","protected":false},"excerpt":{"rendered":"<p>Michelangelo neden kendini Sistine \u015eapeli\u2019nin tavan\u0131n\u0131 s\u00fcslemek gibi karma\u015f\u0131k bir i\u015fe adad\u0131 ya da Rembrandt neden kendi resmini yapmakta bu kadar \u0131srarc\u0131yd\u0131? Terracotta Askerleri\u2019nin yarat\u0131l\u0131\u015f\u0131n\u0131n ard\u0131nda<span class=\"excerpt-hellip\"> [\u2026]<\/span><\/p>\n","protected":false},"featured_media":0,"template":"","meta":{"_monsterinsights_skip_tracking":false,"_monsterinsights_sitenote_active":false,"_monsterinsights_sitenote_note":"","_monsterinsights_sitenote_category":0},"product_brand":[],"product_cat":[12408],"product_tag":[],"class_list":{"0":"post-757563","1":"product","2":"type-product","3":"status-publish","5":"product_cat-sanat","6":"pa_cilt-ciltsiz","7":"pa_tur-kitap","8":"pa_yayinevi-say-yayinlari","9":"pa_yazar-susie-hodge","11":"first","12":"instock","13":"sale","14":"shipping-taxable","15":"purchasable","16":"product-type-simple"},"_links":{"self":[{"href":"https:\/\/roveyayinevi.com.tr\/index.php\/wp-json\/wp\/v2\/product\/757563","targetHints":{"allow":["GET"]}}],"collection":[{"href":"https:\/\/roveyayinevi.com.tr\/index.php\/wp-json\/wp\/v2\/product"}],"about":[{"href":"https:\/\/roveyayinevi.com.tr\/index.php\/wp-json\/wp\/v2\/types\/product"}],"wp:attachment":[{"href":"https:\/\/roveyayinevi.com.tr\/index.php\/wp-json\/wp\/v2\/media?parent=757563"}],"wp:term":[{"taxonomy":"product_brand","embeddable":true,"href":"https:\/\/roveyayinevi.com.tr\/index.php\/wp-json\/wp\/v2\/product_brand?post=757563"},{"taxonomy":"product_cat","embeddable":true,"href":"https:\/\/roveyayinevi.com.tr\/index.php\/wp-json\/wp\/v2\/product_cat?post=757563"},{"taxonomy":"product_tag","embeddable":true,"href":"https:\/\/roveyayinevi.com.tr\/index.php\/wp-json\/wp\/v2\/product_tag?post=757563"}],"curies":[{"name":"wp","href":"https:\/\/api.w.org\/{rel}","templated":true}]}}