{"id":757561,"date":"2025-08-28T07:39:05","date_gmt":"2025-08-28T04:39:05","guid":{"rendered":"https:\/\/roveyayinevi.com.tr\/index.php\/urun\/sosyal-medya-materyalizm-ve-kompulsif-satin-alma-davranisi-etkilesimi\/"},"modified":"2026-04-16T03:10:43","modified_gmt":"2026-04-16T00:10:43","slug":"sosyal-medya-materyalizm-ve-kompulsif-satin-alma-davranisi-etkilesimi","status":"publish","type":"product","link":"https:\/\/roveyayinevi.com.tr\/index.php\/urun\/sosyal-medya-materyalizm-ve-kompulsif-satin-alma-davranisi-etkilesimi\/","title":{"rendered":"Sosyal Medya, Materyalizm Ve Kompulsif Sat\u0131n Alma Davran\u0131\u015f\u0131 Etkile\u015fimi"},"content":{"rendered":"<p>\u0130\u00e7indekiler            1. B\u00d6L\u00dcM: T\u00dcKET\u0130C\u0130 DAVRANI\u015eLARI          2. B\u00d6L\u00dcM: SOSYAL MEDYA          3. B\u00d6L\u00dcM: DAVRANI\u015eSAL N\u0130YET          4. B\u00d6L\u00dcM: MODEL\u0130N TEMEL KAVRAMLARI          5. B\u00d6L\u00dcM: Y\u00d6NTEM <\/p>\n","protected":false},"excerpt":{"rendered":"<p>\u0130\u00e7indekiler 1. B\u00d6L\u00dcM: T\u00dcKET\u0130C\u0130 DAVRANI\u015eLARI 2. B\u00d6L\u00dcM: SOSYAL MEDYA 3. B\u00d6L\u00dcM: DAVRANI\u015eSAL N\u0130YET 4. B\u00d6L\u00dcM: MODEL\u0130N TEMEL KAVRAMLARI 5. B\u00d6L\u00dcM: Y\u00d6NTEM<\/p>\n","protected":false},"featured_media":0,"template":"","meta":{"_monsterinsights_skip_tracking":false,"_monsterinsights_sitenote_active":false,"_monsterinsights_sitenote_note":"","_monsterinsights_sitenote_category":0},"product_brand":[],"product_cat":[13043],"product_tag":[],"class_list":{"0":"post-757561","1":"product","2":"type-product","3":"status-publish","5":"product_cat-ekonomi","6":"pa_cilt-ciltsiz","7":"pa_tur-kitap","8":"pa_yayinevi-gazi-kitabevi","9":"pa_yazar-hasan-aricilik","11":"first","12":"instock","13":"sale","14":"shipping-taxable","15":"purchasable","16":"product-type-simple"},"_links":{"self":[{"href":"https:\/\/roveyayinevi.com.tr\/index.php\/wp-json\/wp\/v2\/product\/757561","targetHints":{"allow":["GET"]}}],"collection":[{"href":"https:\/\/roveyayinevi.com.tr\/index.php\/wp-json\/wp\/v2\/product"}],"about":[{"href":"https:\/\/roveyayinevi.com.tr\/index.php\/wp-json\/wp\/v2\/types\/product"}],"wp:attachment":[{"href":"https:\/\/roveyayinevi.com.tr\/index.php\/wp-json\/wp\/v2\/media?parent=757561"}],"wp:term":[{"taxonomy":"product_brand","embeddable":true,"href":"https:\/\/roveyayinevi.com.tr\/index.php\/wp-json\/wp\/v2\/product_brand?post=757561"},{"taxonomy":"product_cat","embeddable":true,"href":"https:\/\/roveyayinevi.com.tr\/index.php\/wp-json\/wp\/v2\/product_cat?post=757561"},{"taxonomy":"product_tag","embeddable":true,"href":"https:\/\/roveyayinevi.com.tr\/index.php\/wp-json\/wp\/v2\/product_tag?post=757561"}],"curies":[{"name":"wp","href":"https:\/\/api.w.org\/{rel}","templated":true}]}}