{"id":757560,"date":"2025-08-28T07:39:04","date_gmt":"2025-08-28T04:39:04","guid":{"rendered":"https:\/\/roveyayinevi.com.tr\/index.php\/urun\/turkiyenin-ekonomik-sorunlari-ve-cozum-onerileri\/"},"modified":"2026-04-16T03:10:43","modified_gmt":"2026-04-16T00:10:43","slug":"turkiyenin-ekonomik-sorunlari-ve-cozum-onerileri","status":"publish","type":"product","link":"https:\/\/roveyayinevi.com.tr\/index.php\/urun\/turkiyenin-ekonomik-sorunlari-ve-cozum-onerileri\/","title":{"rendered":"T\u00fcrkiye&#8217;nin Ekonomik Sorunlar\u0131 Ve \u00c7\u00f6z\u00fcm \u00d6nerileri"},"content":{"rendered":"<p>\u0130\u00e7indekilerB\u00d6L\u00dcM 1: F\u0130NANSAL KR\u0130ZLER VE T\u00dcRK\u0130YE EKONOM\u0130S\u0130NE YANSIMASIB\u00d6L\u00dcM 2: T\u00dcRK\u0130YE\u2019DE \u0130\u015eS\u0130ZL\u0130K SORUNU VE \u00c7\u00d6Z\u00dcM \u00d6NER\u0130LER\u0130B\u00d6L\u00dcM 3: T\u00dcRK\u0130YE&#8217;DE \u0130\u015eG\u00dcC\u00dc D\u0130NAM\u0130KLER\u0130N\u0130N D\u00d6N\u00dc\u015e\u00dcM\u00dcNDE KADININDE\u011e\u0130\u015eEN ROL\u00dcB\u00d6L\u00dcM 4: T\u00dcRK\u0130YE EKONOM\u0130S\u0130NDE ENFLASYON VE \u00c7\u00d6Z\u00dcM \u00d6NER\u0130LER\u0130B\u00d6L\u00dcM 5: B\u00dcT\u00c7E A\u00c7IKLARININ Y\u00d6NET\u0130M\u0130NDE MAL\u0130 KURAL VE T\u00dcRK\u0130YE \u0130\u00c7\u0130NDE\u011eERLEND\u0130RMELERB\u00d6L\u00dcM 6: T\u00dcRK\u0130YE EKONOM\u0130S\u0130NDE CAR\u0130 \u0130\u015eLEMLER A\u00c7I\u011eI VE CAR\u0130 \u0130\u015eLEMLERA\u00c7I\u011eININ KAPATILMASINA Y\u00d6NEL\u0130K \u00c7\u00d6Z\u00dcM \u00d6NER\u0130LER\u0130B\u00d6L\u00dcM 7: T\u00dcRK\u0130YE\u2019YE Y\u00d6NEL\u0130K DO\u011eRUDAN YABANCI YATIRIMLARIN YETERS\u0130ZL\u0130\u011e\u0130 VE \u00c7\u00d6Z\u00dcM \u00d6NER\u0130LER\u0130 B\u00d6L\u00dcM 8: T\u00dcRK\u0130YE\u2019DE S\u00dcRD\u00dcR\u00dcLEB\u0130L\u0130R KALKINMAYI SA\u011eLAMANIN YOLLARI B\u00d6L\u00dcM 9: TARIM SEKT\u00d6R\u00dcN\u00dcN SORUNLARI VE T\u00dcRK\u0130YE\u2019DE UYGULANAN TARIM POL\u0130T\u0130KALARIB\u00d6L\u00dcM 10: T\u00dcRK\u0130YE\u2019N\u0130N BOR\u00c7LANMA YAPISINDA 2000 YILI SONRASINDAK\u0130 D\u00d6NEMDE YA\u015eANAN D\u00d6N\u00dc\u015e\u00dcMLER B\u00d6L\u00dcM 11: T\u00dcRK\u0130YE\u2019DE \u0130NSAN\u0130 GEL\u0130\u015eMEN\u0130N BOYUTLARI, SORUNLAR VE \u00c7\u00d6Z\u00dcM \u00d6NER\u0130LER\u0130<\/p>\n","protected":false},"excerpt":{"rendered":"<p>\u0130\u00e7indekilerB\u00d6L\u00dcM 1: F\u0130NANSAL KR\u0130ZLER VE T\u00dcRK\u0130YE EKONOM\u0130S\u0130NE YANSIMASIB\u00d6L\u00dcM 2: T\u00dcRK\u0130YE\u2019DE \u0130\u015eS\u0130ZL\u0130K SORUNU VE \u00c7\u00d6Z\u00dcM \u00d6NER\u0130LER\u0130B\u00d6L\u00dcM 3: T\u00dcRK\u0130YE&#8217;DE \u0130\u015eG\u00dcC\u00dc D\u0130NAM\u0130KLER\u0130N\u0130N D\u00d6N\u00dc\u015e\u00dcM\u00dcNDE KADININDE\u011e\u0130\u015eEN ROL\u00dcB\u00d6L\u00dcM 4: T\u00dcRK\u0130YE EKONOM\u0130S\u0130NDE ENFLASYON<span class=\"excerpt-hellip\"> [\u2026]<\/span><\/p>\n","protected":false},"featured_media":0,"template":"","meta":{"_monsterinsights_skip_tracking":false,"_monsterinsights_sitenote_active":false,"_monsterinsights_sitenote_note":"","_monsterinsights_sitenote_category":0},"product_brand":[],"product_cat":[13043],"product_tag":[],"class_list":{"0":"post-757560","1":"product","2":"type-product","3":"status-publish","5":"product_cat-ekonomi","6":"pa_cilt-ciltsiz","7":"pa_tur-kitap","8":"pa_yayinevi-gazi-kitabevi","9":"pa_yazar-kolektif","11":"first","12":"instock","13":"sale","14":"shipping-taxable","15":"purchasable","16":"product-type-simple"},"_links":{"self":[{"href":"https:\/\/roveyayinevi.com.tr\/index.php\/wp-json\/wp\/v2\/product\/757560","targetHints":{"allow":["GET"]}}],"collection":[{"href":"https:\/\/roveyayinevi.com.tr\/index.php\/wp-json\/wp\/v2\/product"}],"about":[{"href":"https:\/\/roveyayinevi.com.tr\/index.php\/wp-json\/wp\/v2\/types\/product"}],"wp:attachment":[{"href":"https:\/\/roveyayinevi.com.tr\/index.php\/wp-json\/wp\/v2\/media?parent=757560"}],"wp:term":[{"taxonomy":"product_brand","embeddable":true,"href":"https:\/\/roveyayinevi.com.tr\/index.php\/wp-json\/wp\/v2\/product_brand?post=757560"},{"taxonomy":"product_cat","embeddable":true,"href":"https:\/\/roveyayinevi.com.tr\/index.php\/wp-json\/wp\/v2\/product_cat?post=757560"},{"taxonomy":"product_tag","embeddable":true,"href":"https:\/\/roveyayinevi.com.tr\/index.php\/wp-json\/wp\/v2\/product_tag?post=757560"}],"curies":[{"name":"wp","href":"https:\/\/api.w.org\/{rel}","templated":true}]}}