{"id":757559,"date":"2025-08-28T07:39:03","date_gmt":"2025-08-28T04:39:03","guid":{"rendered":"https:\/\/roveyayinevi.com.tr\/index.php\/urun\/cinsiyeti-terk-etme\/"},"modified":"2026-04-16T03:10:43","modified_gmt":"2026-04-16T00:10:43","slug":"cinsiyeti-terk-etme","status":"publish","type":"product","link":"https:\/\/roveyayinevi.com.tr\/index.php\/urun\/cinsiyeti-terk-etme\/","title":{"rendered":"Cinsiyeti Terk Etme"},"content":{"rendered":"<p>\u00e7inde bulundu\u011fumuz \u00e7a\u011f \u00f6ncekilere hi\u00e7 benzemiyor, \u00e7\u00fcnk\u00fc \u00e7ocuklar\u0131m\u0131z, medya gu\u0308du\u0308mlu\u0308 bir du\u0308nyada yeti\u015ftirilen ilk nesil. Bu da hi\u00e7 olmad\u0131\u011f\u0131 kadar \u00e7ok d\u0131\u015f bask\u0131yla kar\u015f\u0131la\u015ft\u0131klar\u0131 anlam\u0131na geliyor. \u00c7ocuk b\u00fcy\u00fctmek bug\u00fcn Nobel \u00d6d\u00fcl\u00fc kazanmaktan daha zor ve daha k\u0131ymetli. \u00c7ocuklar\u0131m\u0131z yol g\u00f6sterme konusunda pop\u00fcler k\u00fclt\u00fcre gu\u0308veniyorlar. Youtube videolar\u0131, filmler, oyunlar, WhatsApp gruplar\u0131 ve di\u011fer kaynaklardan pompalanan su\u0308rekli bir mesaj ya\u011fmuruna maruz kal\u0131yorlar. Bu mesajlardan her biri onlara kim olmalar\u0131, nas\u0131l davranmalar\u0131, nas\u0131l giyinmeleri, hangi mu\u0308zi\u011fi sevmeleri, ka\u00e7 kilo olmalar\u0131 gerekti\u011fini s\u00f6ylu\u0308yor. \u201cCinsel kimlik karma\u015fas\u0131\u201d veya \u201ccinsiyetsizlik\u201d gibi \u00f6nemli bir psikososyal kaos giderek yayg\u0131nla\u015f\u0131yor. C\u0130NS\u0130YET\u0130 TERK ETME Davran\u0131\u015f ve sosyal bilimci Dr. \u015e\u00f6hret Karaduman, her evin, her ailenin, her bireyin kap\u0131s\u0131n\u0131 \u00e7alan sorunlar\u0131n arka plan\u0131n\u0131 anlamam\u0131z\u0131 ve \u00f6nlem almam\u0131z\u0131 sa\u011flayacak \u00f6nerilerini payla\u015f\u0131yor. Okuyaca\u011f\u0131n\u0131z her sayfa fark\u0131ndal\u0131\u011f\u0131n\u0131z\u0131 g\u00fc\u00e7lendirecek bir anahtar olacak. \u00c7ocuklar\u0131m\u0131z\u0131n psikolojik olgunlu\u011funu sa\u011flamak Medyay\u0131 sa\u011fl\u0131kl\u0131 ve bilin\u00e7li kullanmay\u0131 \u00f6\u011frenmek Akran etkisi ve sosyal bula\u015f\u0131c\u0131l\u0131k kar\u015f\u0131s\u0131nda yap\u0131labilecekler \u00c7ocu\u011funuza rol model olmak Fazla ilgi ve kolayl\u0131\u011f\u0131n bedelleri Limit koymak ve uygun s\u0131n\u0131rlar olu\u015fturmak Sa\u011fl\u0131kl\u0131 cinsel kimlikli \u00e7ocuklar yeti\u015ftirmek \u00c7ocukluktan yeti\u015fkinli\u011fe ge\u00e7i\u015fi kolayla\u015ft\u0131rmak Z ku\u015fa\u011f\u0131 ve Alfa ku\u015fa\u011f\u0131na \u00f6zg\u00fc tavsiyeler<\/p>\n","protected":false},"excerpt":{"rendered":"<p>\u00e7inde bulundu\u011fumuz \u00e7a\u011f \u00f6ncekilere hi\u00e7 benzemiyor, \u00e7\u00fcnk\u00fc \u00e7ocuklar\u0131m\u0131z, medya gu\u0308du\u0308mlu\u0308 bir du\u0308nyada yeti\u015ftirilen ilk nesil. Bu da hi\u00e7 olmad\u0131\u011f\u0131 kadar \u00e7ok d\u0131\u015f bask\u0131yla kar\u015f\u0131la\u015ft\u0131klar\u0131 anlam\u0131na geliyor.<span class=\"excerpt-hellip\"> [\u2026]<\/span><\/p>\n","protected":false},"featured_media":0,"template":"","meta":{"_monsterinsights_skip_tracking":false,"_monsterinsights_sitenote_active":false,"_monsterinsights_sitenote_note":"","_monsterinsights_sitenote_category":0},"product_brand":[],"product_cat":[12831,12324],"product_tag":[],"class_list":{"0":"post-757559","1":"product","2":"type-product","3":"status-publish","5":"product_cat-aile-ve-cocuk","6":"product_cat-sosyoloji","7":"pa_cilt-ciltsiz","8":"pa_tur-kitap","9":"pa_yayinevi-hayykitap","10":"pa_yazar-sohret-karaduman","12":"first","13":"instock","14":"sale","15":"shipping-taxable","16":"purchasable","17":"product-type-simple"},"_links":{"self":[{"href":"https:\/\/roveyayinevi.com.tr\/index.php\/wp-json\/wp\/v2\/product\/757559","targetHints":{"allow":["GET"]}}],"collection":[{"href":"https:\/\/roveyayinevi.com.tr\/index.php\/wp-json\/wp\/v2\/product"}],"about":[{"href":"https:\/\/roveyayinevi.com.tr\/index.php\/wp-json\/wp\/v2\/types\/product"}],"wp:attachment":[{"href":"https:\/\/roveyayinevi.com.tr\/index.php\/wp-json\/wp\/v2\/media?parent=757559"}],"wp:term":[{"taxonomy":"product_brand","embeddable":true,"href":"https:\/\/roveyayinevi.com.tr\/index.php\/wp-json\/wp\/v2\/product_brand?post=757559"},{"taxonomy":"product_cat","embeddable":true,"href":"https:\/\/roveyayinevi.com.tr\/index.php\/wp-json\/wp\/v2\/product_cat?post=757559"},{"taxonomy":"product_tag","embeddable":true,"href":"https:\/\/roveyayinevi.com.tr\/index.php\/wp-json\/wp\/v2\/product_tag?post=757559"}],"curies":[{"name":"wp","href":"https:\/\/api.w.org\/{rel}","templated":true}]}}