{"id":757558,"date":"2025-08-28T07:39:02","date_gmt":"2025-08-28T04:39:02","guid":{"rendered":"https:\/\/roveyayinevi.com.tr\/index.php\/urun\/cumhuriyetin-basin-sesi-yunus-nadi\/"},"modified":"2026-04-16T03:10:43","modified_gmt":"2026-04-16T00:10:43","slug":"cumhuriyetin-basin-sesi-yunus-nadi","status":"publish","type":"product","link":"https:\/\/roveyayinevi.com.tr\/index.php\/urun\/cumhuriyetin-basin-sesi-yunus-nadi\/","title":{"rendered":"Cumhuriyet&#8217;in Bas\u0131n Sesi Yunus Nadi"},"content":{"rendered":"<p>Bir masan\u0131n \u00fcst\u00fcnde ka\u011f\u0131t ve kaleme dal\u0131p giden uykusuz kalm\u0131\u015f bir \u00e7ift g\u00f6z gecenin karanl\u0131\u011f\u0131nda d\u00fc\u015fenceliydi. K\u00f6t\u00fc talihe b\u0131rak\u0131lm\u0131\u015f bir ulusun kurtar\u0131c\u0131s\u0131 ile g\u00f6r\u00fc\u015fecekti ertesi g\u00fcn. Heyecanl\u0131, gururlu ve ba\u011f\u0131ms\u0131zd\u0131 kalbi. Nas\u0131l olurda bir milleti anlat\u0131rd\u0131 kocaman bir d\u00fcnyaya. Uykusuna yenik d\u00fc\u015ft\u00fc Yunus Nadi yar\u0131n\u0131n\u0131 d\u00fc\u015f\u00fcn\u00fcrek g\u00f6r\u00fc\u015fmek i\u00e7in can att\u0131\u011f\u0131 atas\u0131na..                                          Ulusal bas\u0131n\u0131n sesiydi Yunus Nadi&#8230; Bir d\u00f6neme damgas\u0131n\u0131 vuracakt\u0131 Cumhuriyet ile g\u00fczel vatan\u0131na ses olacakt\u0131. Bizler tarihimizin en \u00f6nemli bas\u0131n seslerimizden Yunus Nadi Abal\u0131o\u011flu\u2019nu Solmaz Gizem G\u00fcven bu kaynak eserinde bilinmeyen y\u00f6nleriyle Cumhuriyet ser\u00fcvenine \u0131\u015f\u0131k tutuyor. <\/p>\n","protected":false},"excerpt":{"rendered":"<p>Bir masan\u0131n \u00fcst\u00fcnde ka\u011f\u0131t ve kaleme dal\u0131p giden uykusuz kalm\u0131\u015f bir \u00e7ift g\u00f6z gecenin karanl\u0131\u011f\u0131nda d\u00fc\u015fenceliydi. K\u00f6t\u00fc talihe b\u0131rak\u0131lm\u0131\u015f bir ulusun kurtar\u0131c\u0131s\u0131 ile g\u00f6r\u00fc\u015fecekti ertesi g\u00fcn.<span class=\"excerpt-hellip\"> [\u2026]<\/span><\/p>\n","protected":false},"featured_media":0,"template":"","meta":{"_monsterinsights_skip_tracking":false,"_monsterinsights_sitenote_active":false,"_monsterinsights_sitenote_note":"","_monsterinsights_sitenote_category":0},"product_brand":[],"product_cat":[12304],"product_tag":[],"class_list":{"0":"post-757558","1":"product","2":"type-product","3":"status-publish","5":"product_cat-tarih","6":"pa_cilt-ciltsiz","7":"pa_tur-kitap","8":"pa_yayinevi-defne-yayinevi","9":"pa_yazar-solmaz-gizem-guven","11":"first","12":"instock","13":"sale","14":"shipping-taxable","15":"purchasable","16":"product-type-simple"},"_links":{"self":[{"href":"https:\/\/roveyayinevi.com.tr\/index.php\/wp-json\/wp\/v2\/product\/757558","targetHints":{"allow":["GET"]}}],"collection":[{"href":"https:\/\/roveyayinevi.com.tr\/index.php\/wp-json\/wp\/v2\/product"}],"about":[{"href":"https:\/\/roveyayinevi.com.tr\/index.php\/wp-json\/wp\/v2\/types\/product"}],"wp:attachment":[{"href":"https:\/\/roveyayinevi.com.tr\/index.php\/wp-json\/wp\/v2\/media?parent=757558"}],"wp:term":[{"taxonomy":"product_brand","embeddable":true,"href":"https:\/\/roveyayinevi.com.tr\/index.php\/wp-json\/wp\/v2\/product_brand?post=757558"},{"taxonomy":"product_cat","embeddable":true,"href":"https:\/\/roveyayinevi.com.tr\/index.php\/wp-json\/wp\/v2\/product_cat?post=757558"},{"taxonomy":"product_tag","embeddable":true,"href":"https:\/\/roveyayinevi.com.tr\/index.php\/wp-json\/wp\/v2\/product_tag?post=757558"}],"curies":[{"name":"wp","href":"https:\/\/api.w.org\/{rel}","templated":true}]}}