{"id":757557,"date":"2025-08-28T07:39:01","date_gmt":"2025-08-28T04:39:01","guid":{"rendered":"https:\/\/roveyayinevi.com.tr\/index.php\/urun\/oz-duzenleme-stratejileri-biyolojik-geri-bildirim-ile-imgeleme-baglaminda-kaygi-ve-ozyeterlik-kavramlari\/"},"modified":"2026-04-16T03:10:43","modified_gmt":"2026-04-16T00:10:43","slug":"oz-duzenleme-stratejileri-biyolojik-geri-bildirim-ile-imgeleme-baglaminda-kaygi-ve-ozyeterlik-kavramlari","status":"publish","type":"product","link":"https:\/\/roveyayinevi.com.tr\/index.php\/urun\/oz-duzenleme-stratejileri-biyolojik-geri-bildirim-ile-imgeleme-baglaminda-kaygi-ve-ozyeterlik-kavramlari\/","title":{"rendered":"\u00d6z-D\u00fczenleme Stratejileri: Biyolojik Geri Bildirim \u0130le \u0130mgeleme Ba\u011flam\u0131nda Kayg\u0131 Ve \u00d6zyeterlik Kavramlar\u0131"},"content":{"rendered":"<p>\u0130\u00e7indekiler     \u00b7         \u00d6z D\u00fczenleme ve Biyolojik Geri Bildirim   \u00b7         Kayg\u0131   \u00b7         \u00d6z-Yeterlik <\/p>\n","protected":false},"excerpt":{"rendered":"<p>\u0130\u00e7indekiler \u00b7 \u00d6z D\u00fczenleme ve Biyolojik Geri Bildirim \u00b7 Kayg\u0131 \u00b7 \u00d6z-Yeterlik<\/p>\n","protected":false},"featured_media":0,"template":"","meta":{"_monsterinsights_skip_tracking":false,"_monsterinsights_sitenote_active":false,"_monsterinsights_sitenote_note":"","_monsterinsights_sitenote_category":0},"product_brand":[],"product_cat":[12573,12566],"product_tag":[],"class_list":{"0":"post-757557","1":"product","2":"type-product","3":"status-publish","5":"product_cat-akademik-kitaplar","6":"product_cat-egitim","7":"pa_cilt-ciltsiz","8":"pa_tur-kitap","9":"pa_yayinevi-gazi-kitabevi","10":"pa_yazar-yunus-emre-yarayan","12":"first","13":"instock","14":"sale","15":"shipping-taxable","16":"purchasable","17":"product-type-simple"},"_links":{"self":[{"href":"https:\/\/roveyayinevi.com.tr\/index.php\/wp-json\/wp\/v2\/product\/757557","targetHints":{"allow":["GET"]}}],"collection":[{"href":"https:\/\/roveyayinevi.com.tr\/index.php\/wp-json\/wp\/v2\/product"}],"about":[{"href":"https:\/\/roveyayinevi.com.tr\/index.php\/wp-json\/wp\/v2\/types\/product"}],"wp:attachment":[{"href":"https:\/\/roveyayinevi.com.tr\/index.php\/wp-json\/wp\/v2\/media?parent=757557"}],"wp:term":[{"taxonomy":"product_brand","embeddable":true,"href":"https:\/\/roveyayinevi.com.tr\/index.php\/wp-json\/wp\/v2\/product_brand?post=757557"},{"taxonomy":"product_cat","embeddable":true,"href":"https:\/\/roveyayinevi.com.tr\/index.php\/wp-json\/wp\/v2\/product_cat?post=757557"},{"taxonomy":"product_tag","embeddable":true,"href":"https:\/\/roveyayinevi.com.tr\/index.php\/wp-json\/wp\/v2\/product_tag?post=757557"}],"curies":[{"name":"wp","href":"https:\/\/api.w.org\/{rel}","templated":true}]}}