{"id":757556,"date":"2025-08-28T07:39:00","date_gmt":"2025-08-28T04:39:00","guid":{"rendered":"https:\/\/roveyayinevi.com.tr\/index.php\/urun\/dijital-para-ve-merkez-bankalari-dijital-para-uygulamalari\/"},"modified":"2026-04-16T03:10:43","modified_gmt":"2026-04-16T00:10:43","slug":"dijital-para-ve-merkez-bankalari-dijital-para-uygulamalari","status":"publish","type":"product","link":"https:\/\/roveyayinevi.com.tr\/index.php\/urun\/dijital-para-ve-merkez-bankalari-dijital-para-uygulamalari\/","title":{"rendered":"Dijital Para Ve Merkez Bankalar\u0131 Dijital Para Uygulamalar\u0131"},"content":{"rendered":"<p>\u0130\u00e7indekiler     \u00b7         B\u0130R\u0130NC\u0130 B\u00d6L\u00dcM: PARANIN TANIMI VE TAR\u0130H\u0130   \u00b7         \u0130K\u0130NC\u0130 B\u00d6L\u00dcM: PARA POL\u0130T\u0130KASINA KAVRAMSAL YAKLA\u015eIM   \u00b7         \u00dc\u00c7\u00dcNC\u00dc B\u00d6L\u00dcM: PARANIN D\u0130J\u0130TALLE\u015eMES\u0130: ELEKTRON\u0130K PARA   \u00b7         D\u00d6RD\u00dcNC\u00dc B\u00d6L\u00dcM: KLAS\u0130K BANKACILIK ANLAYI\u015eININ EVR\u0130M\u0130: D\u0130J\u0130TAL BANKACILIK   \u00b7         BE\u015e\u0130NC\u0130 B\u00d6L\u00dcM: D\u0130J\u0130TAL PARA UYGULAMALARI   \u00b7         ALTINCI B\u00d6L\u00dcM: MERKEZ BANKASI D\u0130J\u0130TAL PARA UYGULAMALARININ BANKACILIK SEKT\u00d6R\u00dcNE ETK\u0130LER\u0130       \u00b7         YED\u0130NC\u0130 B\u00d6L\u00dcM: D\u0130J\u0130TAL PARA VE MERKEZ BANKALARININ D\u0130J\u0130TAL PARA UYGULAMALARI   \u00b7         SEK\u0130Z\u0130NC\u0130 B\u00d6L\u00dcM: D\u0130J\u0130TAL PARANIN EKONOM\u0130K ETK\u0130LER\u0130   \u00b7         DOKUZUNCU B\u00d6L\u00dcM: COVID-19\u2019UN KAMU BANKALARINA ETK\u0130LER\u0130   \u00b7         ONUNCU B\u00d6L\u00dcM: T\u00dcRK\u0130YE\u2019DE BANKACILIK SEKT\u00d6R\u00dc VE BANKACILIK SEKT\u00d6R\u00dcNDEK\u0130 G\u00dcNCEL GEL\u0130\u015eMELER   \u00b7         ON B\u0130R\u0130NC\u0130 B\u00d6L\u00dcM: COVID-19\u2019UN \u00d6ZEL SEKT\u00d6R BANKALARINA ETK\u0130LER\u0130          <\/p>\n","protected":false},"excerpt":{"rendered":"<p>\u0130\u00e7indekiler \u00b7 B\u0130R\u0130NC\u0130 B\u00d6L\u00dcM: PARANIN TANIMI VE TAR\u0130H\u0130 \u00b7 \u0130K\u0130NC\u0130 B\u00d6L\u00dcM: PARA POL\u0130T\u0130KASINA KAVRAMSAL YAKLA\u015eIM \u00b7 \u00dc\u00c7\u00dcNC\u00dc B\u00d6L\u00dcM: PARANIN D\u0130J\u0130TALLE\u015eMES\u0130: ELEKTRON\u0130K PARA \u00b7 D\u00d6RD\u00dcNC\u00dc B\u00d6L\u00dcM: KLAS\u0130K<span class=\"excerpt-hellip\"> [\u2026]<\/span><\/p>\n","protected":false},"featured_media":0,"template":"","meta":{"_monsterinsights_skip_tracking":false,"_monsterinsights_sitenote_active":false,"_monsterinsights_sitenote_note":"","_monsterinsights_sitenote_category":0},"product_brand":[],"product_cat":[12573,12566],"product_tag":[],"class_list":{"0":"post-757556","1":"product","2":"type-product","3":"status-publish","5":"product_cat-akademik-kitaplar","6":"product_cat-egitim","7":"pa_cilt-ciltsiz","8":"pa_tur-kitap","9":"pa_yayinevi-gazi-kitabevi","10":"pa_yazar-kolektif","12":"first","13":"instock","14":"sale","15":"shipping-taxable","16":"purchasable","17":"product-type-simple"},"_links":{"self":[{"href":"https:\/\/roveyayinevi.com.tr\/index.php\/wp-json\/wp\/v2\/product\/757556","targetHints":{"allow":["GET"]}}],"collection":[{"href":"https:\/\/roveyayinevi.com.tr\/index.php\/wp-json\/wp\/v2\/product"}],"about":[{"href":"https:\/\/roveyayinevi.com.tr\/index.php\/wp-json\/wp\/v2\/types\/product"}],"wp:attachment":[{"href":"https:\/\/roveyayinevi.com.tr\/index.php\/wp-json\/wp\/v2\/media?parent=757556"}],"wp:term":[{"taxonomy":"product_brand","embeddable":true,"href":"https:\/\/roveyayinevi.com.tr\/index.php\/wp-json\/wp\/v2\/product_brand?post=757556"},{"taxonomy":"product_cat","embeddable":true,"href":"https:\/\/roveyayinevi.com.tr\/index.php\/wp-json\/wp\/v2\/product_cat?post=757556"},{"taxonomy":"product_tag","embeddable":true,"href":"https:\/\/roveyayinevi.com.tr\/index.php\/wp-json\/wp\/v2\/product_tag?post=757556"}],"curies":[{"name":"wp","href":"https:\/\/api.w.org\/{rel}","templated":true}]}}