{"id":757555,"date":"2025-08-28T07:38:59","date_gmt":"2025-08-28T04:38:59","guid":{"rendered":"https:\/\/roveyayinevi.com.tr\/index.php\/urun\/universitelerin-stratejik-yonetiminde-misyon-farklilasmasi-ve-uni-dokap-uyesi-universiteler-ornegi\/"},"modified":"2026-04-16T03:10:43","modified_gmt":"2026-04-16T00:10:43","slug":"universitelerin-stratejik-yonetiminde-misyon-farklilasmasi-ve-uni-dokap-uyesi-universiteler-ornegi","status":"publish","type":"product","link":"https:\/\/roveyayinevi.com.tr\/index.php\/urun\/universitelerin-stratejik-yonetiminde-misyon-farklilasmasi-ve-uni-dokap-uyesi-universiteler-ornegi\/","title":{"rendered":"\u00dcniversitelerin Stratejik Y\u00f6netiminde Misyon Farkl\u0131la\u015fmas\u0131 Ve \u00dcni-Dokap \u00dcyesi \u00dcniversiteler \u00d6rne\u011fi"},"content":{"rendered":"<p>\u0130\u00e7indekiler     B\u0130R\u0130NC\u0130 B\u00d6L\u00dcM \u00dcN\u0130VERS\u0130TELERDE STRATEJ\u0130K Y\u00d6NET\u0130M\u0130N GEREKL\u0130L\u0130\u011e\u0130, KAL\u0130TE G\u00dcVENCES\u0130 VE M\u0130SYON FARKLILA\u015eMASININ \u00d6NEM\u0130   \u0130K\u0130NC\u0130 B\u00d6L\u00dcM \u00dcN\u0130VERS\u0130TELERDE ULUSLARARASILA\u015eMA   \u00dc\u00c7\u00dcNC\u00dc B\u00d6L\u00dcM \u00dcN\u0130VERS\u0130TELER\u0130N REKABET\u0130 VE \u00dcN\u0130VERS\u0130TELERDE AKADEM\u0130K PERFORMANS   D\u00d6RD\u00dcNC\u00dc B\u00d6L\u00dcM \u00dcN\u0130VERS\u0130TELERDE TOPLUMSAL SORUMLULUK, YEN\u0130L\u0130K\u00c7\u0130 VE G\u0130R\u0130\u015e\u0130MC\u0130 \u00dcN\u0130VERS\u0130TE ANLAYI\u015eI           BE\u015e\u0130NC\u0130 B\u00d6L\u00dcM \u00dcN\u0130VERS\u0130TELERDE \u0130HT\u0130SASLA\u015eMA VE M\u0130SYON FARKLILA\u015eMASI     ALTINCI B\u00d6L\u00dcM \u00dcN\u0130-DOKAP \u00dcYES\u0130 \u00dcN\u0130VERS\u0130TELERDE M\u0130SYON FARKLILA\u015eMASI <\/p>\n","protected":false},"excerpt":{"rendered":"<p>\u0130\u00e7indekiler B\u0130R\u0130NC\u0130 B\u00d6L\u00dcM \u00dcN\u0130VERS\u0130TELERDE STRATEJ\u0130K Y\u00d6NET\u0130M\u0130N GEREKL\u0130L\u0130\u011e\u0130, KAL\u0130TE G\u00dcVENCES\u0130 VE M\u0130SYON FARKLILA\u015eMASININ \u00d6NEM\u0130 \u0130K\u0130NC\u0130 B\u00d6L\u00dcM \u00dcN\u0130VERS\u0130TELERDE ULUSLARARASILA\u015eMA \u00dc\u00c7\u00dcNC\u00dc B\u00d6L\u00dcM \u00dcN\u0130VERS\u0130TELER\u0130N REKABET\u0130 VE \u00dcN\u0130VERS\u0130TELERDE AKADEM\u0130K PERFORMANS D\u00d6RD\u00dcNC\u00dc<span class=\"excerpt-hellip\"> [\u2026]<\/span><\/p>\n","protected":false},"featured_media":0,"template":"","meta":{"_monsterinsights_skip_tracking":false,"_monsterinsights_sitenote_active":false,"_monsterinsights_sitenote_note":"","_monsterinsights_sitenote_category":0},"product_brand":[],"product_cat":[13005,40995],"product_tag":[],"class_list":{"0":"post-757555","1":"product","2":"type-product","3":"status-publish","5":"product_cat-bilim-muhendislik","6":"product_cat-sosyal-bilimler","7":"pa_cilt-ciltsiz","8":"pa_tur-kitap","9":"pa_yayinevi-gazi-kitabevi","10":"pa_yazar-pasa-bozkurt","12":"first","13":"instock","14":"sale","15":"shipping-taxable","16":"purchasable","17":"product-type-simple"},"_links":{"self":[{"href":"https:\/\/roveyayinevi.com.tr\/index.php\/wp-json\/wp\/v2\/product\/757555","targetHints":{"allow":["GET"]}}],"collection":[{"href":"https:\/\/roveyayinevi.com.tr\/index.php\/wp-json\/wp\/v2\/product"}],"about":[{"href":"https:\/\/roveyayinevi.com.tr\/index.php\/wp-json\/wp\/v2\/types\/product"}],"wp:attachment":[{"href":"https:\/\/roveyayinevi.com.tr\/index.php\/wp-json\/wp\/v2\/media?parent=757555"}],"wp:term":[{"taxonomy":"product_brand","embeddable":true,"href":"https:\/\/roveyayinevi.com.tr\/index.php\/wp-json\/wp\/v2\/product_brand?post=757555"},{"taxonomy":"product_cat","embeddable":true,"href":"https:\/\/roveyayinevi.com.tr\/index.php\/wp-json\/wp\/v2\/product_cat?post=757555"},{"taxonomy":"product_tag","embeddable":true,"href":"https:\/\/roveyayinevi.com.tr\/index.php\/wp-json\/wp\/v2\/product_tag?post=757555"}],"curies":[{"name":"wp","href":"https:\/\/api.w.org\/{rel}","templated":true}]}}