{"id":757551,"date":"2025-08-28T07:38:53","date_gmt":"2025-08-28T04:38:53","guid":{"rendered":"https:\/\/roveyayinevi.com.tr\/index.php\/urun\/golge-savasci\/"},"modified":"2026-04-16T03:10:43","modified_gmt":"2026-04-16T00:10:43","slug":"golge-savasci","status":"publish","type":"product","link":"https:\/\/roveyayinevi.com.tr\/index.php\/urun\/golge-savasci\/","title":{"rendered":"G\u00f6lge Sava\u015f\u00e7\u0131"},"content":{"rendered":"<p>Belki de hep hayal etti\u011fi gibi bir \u00f6zelli\u011fi yoktu. Bu d\u00fc\u015f\u00fcnce epey can\u0131n\u0131 s\u0131km\u0131\u015ft\u0131. Bamba\u015fka bir gezegende, bamba\u015fka bir t\u00fcrle irtibata ge\u00e7ebilmi\u015fti. Sanki sadece bunlar yetmezmi\u015f gibi bir de \u00f6zel g\u00fc\u00e7 istiyordu. Hakikaten d\u00fc\u015f\u00fcnd\u00fc\u011f\u00fcnden de fazla idrak mekanizmas\u0131n\u0131 bozmu\u015f olmal\u0131yd\u0131. Bir an kendi kendine ben kimim, neredeyim, ne yap\u0131yorum diye sorgulamaya ba\u015flad\u0131. Ba\u015fka \u015fehir, ba\u015fka \u00fclke de\u011fil, bamba\u015fka bir gezegendeydi. Ve i\u015fin daha tuhaf taraf\u0131, bu gezegende do\u011fmu\u015f biriydi. En az\u0131ndan \u00f6yle s\u00f6yl\u00fcyorlard\u0131\u2026<\/p>\n","protected":false},"excerpt":{"rendered":"<p>Belki de hep hayal etti\u011fi gibi bir \u00f6zelli\u011fi yoktu. Bu d\u00fc\u015f\u00fcnce epey can\u0131n\u0131 s\u0131km\u0131\u015ft\u0131. Bamba\u015fka bir gezegende, bamba\u015fka bir t\u00fcrle irtibata ge\u00e7ebilmi\u015fti. Sanki sadece bunlar yetmezmi\u015f<span class=\"excerpt-hellip\"> [\u2026]<\/span><\/p>\n","protected":false},"featured_media":0,"template":"","meta":{"_monsterinsights_skip_tracking":false,"_monsterinsights_sitenote_active":false,"_monsterinsights_sitenote_note":"","_monsterinsights_sitenote_category":0},"product_brand":[],"product_cat":[12291,14777],"product_tag":[],"class_list":{"0":"post-757551","1":"product","2":"type-product","3":"status-publish","5":"product_cat-edebiyat","6":"product_cat-fantastik","7":"pa_cilt-ciltsiz","8":"pa_tur-kitap","9":"pa_yayinevi-perseus","10":"pa_yazar-khoyu-quave","12":"first","13":"instock","14":"sale","15":"shipping-taxable","16":"purchasable","17":"product-type-simple"},"_links":{"self":[{"href":"https:\/\/roveyayinevi.com.tr\/index.php\/wp-json\/wp\/v2\/product\/757551","targetHints":{"allow":["GET"]}}],"collection":[{"href":"https:\/\/roveyayinevi.com.tr\/index.php\/wp-json\/wp\/v2\/product"}],"about":[{"href":"https:\/\/roveyayinevi.com.tr\/index.php\/wp-json\/wp\/v2\/types\/product"}],"wp:attachment":[{"href":"https:\/\/roveyayinevi.com.tr\/index.php\/wp-json\/wp\/v2\/media?parent=757551"}],"wp:term":[{"taxonomy":"product_brand","embeddable":true,"href":"https:\/\/roveyayinevi.com.tr\/index.php\/wp-json\/wp\/v2\/product_brand?post=757551"},{"taxonomy":"product_cat","embeddable":true,"href":"https:\/\/roveyayinevi.com.tr\/index.php\/wp-json\/wp\/v2\/product_cat?post=757551"},{"taxonomy":"product_tag","embeddable":true,"href":"https:\/\/roveyayinevi.com.tr\/index.php\/wp-json\/wp\/v2\/product_tag?post=757551"}],"curies":[{"name":"wp","href":"https:\/\/api.w.org\/{rel}","templated":true}]}}