{"id":757550,"date":"2025-08-28T07:38:51","date_gmt":"2025-08-28T04:38:51","guid":{"rendered":"https:\/\/roveyayinevi.com.tr\/index.php\/urun\/duzen\/"},"modified":"2026-04-13T03:17:32","modified_gmt":"2026-04-13T00:17:32","slug":"duzen","status":"publish","type":"product","link":"https:\/\/roveyayinevi.com.tr\/index.php\/urun\/duzen\/","title":{"rendered":"D\u00fczen"},"content":{"rendered":"<p>Ka\u00e7\u0131r\u0131ld\u0131klar\u0131n\u0131 d\u00fc\u015f\u00fcnen \u00e7ocuklar\u0131n gizemli ge\u00e7mi\u015fleri ve onlar\u0131 bekleyen s\u0131r dolu gelecek\u2026   T\u00fcrkan, yeni ve gizemli hayat\u0131na ba\u015flarken, T\u00fcrklerin hatta d\u00fcnyan\u0131n ilk gizli te\u015fkilat\u0131n\u0131n i\u00e7erisinde oldu\u011funu elbette bilemezdi. Ama orada yeti\u015fecek bir Saka olacakt\u0131. O Saka olurken, sizler, T\u00fcrklerin kurdu\u011fu bu zamana kadar duyup bilmedi\u011finiz bir yap\u0131n\u0131n d\u00fcnya \u00e7ap\u0131nda te\u015fkilatlan\u0131\u015f\u0131n\u0131, elemanlar\u0131n\u0131 nas\u0131l se\u00e7tiklerini, nas\u0131l e\u011fittiklerini, hangi y\u00f6ntem, teknik ve kadim s\u0131rlarla bunun yapt\u0131\u011f\u0131n\u0131, kurulu\u015f ve varl\u0131\u011f\u0131n\u0131 s\u00fcrd\u00fcrme ama\u00e7lar\u0131n\u0131 anlama \u015fans\u0131 bulacaks\u0131n\u0131z. Okumak \u00fczere oldu\u011funuz bu kitap d\u00fcn, bug\u00fcn ve yar\u0131nla ilgili alg\u0131lar\u0131n\u0131zda de\u011fi\u015fim yaratacak. Okuyaca\u011f\u0131n\u0131z baz\u0131 olaylar\u0131n ve olu\u015f \u015fekillerinin daha \u00f6nce hi\u00e7 hayal edilmedi\u011fine, anlat\u0131lmad\u0131\u011f\u0131na ve yaz\u0131lmad\u0131\u011f\u0131na \u015fahit olacaks\u0131n\u0131z\u2026<\/p>\n","protected":false},"excerpt":{"rendered":"<p>Ka\u00e7\u0131r\u0131ld\u0131klar\u0131n\u0131 d\u00fc\u015f\u00fcnen \u00e7ocuklar\u0131n gizemli ge\u00e7mi\u015fleri ve onlar\u0131 bekleyen s\u0131r dolu gelecek\u2026 T\u00fcrkan, yeni ve gizemli hayat\u0131na ba\u015flarken, T\u00fcrklerin hatta d\u00fcnyan\u0131n ilk gizli te\u015fkilat\u0131n\u0131n i\u00e7erisinde oldu\u011funu elbette<span class=\"excerpt-hellip\"> [\u2026]<\/span><\/p>\n","protected":false},"featured_media":0,"template":"","meta":{"_monsterinsights_skip_tracking":false,"_monsterinsights_sitenote_active":false,"_monsterinsights_sitenote_note":"","_monsterinsights_sitenote_category":0},"product_brand":[],"product_cat":[12291,12711],"product_tag":[],"class_list":{"0":"post-757550","1":"product","2":"type-product","3":"status-publish","5":"product_cat-edebiyat","6":"product_cat-roman-oyku","7":"pa_cilt-ciltsiz","8":"pa_tur-kitap","9":"pa_yayinevi-perseus","10":"pa_yazar-mustafa-dilsiz","12":"first","13":"instock","14":"sale","15":"shipping-taxable","16":"purchasable","17":"product-type-simple"},"_links":{"self":[{"href":"https:\/\/roveyayinevi.com.tr\/index.php\/wp-json\/wp\/v2\/product\/757550","targetHints":{"allow":["GET"]}}],"collection":[{"href":"https:\/\/roveyayinevi.com.tr\/index.php\/wp-json\/wp\/v2\/product"}],"about":[{"href":"https:\/\/roveyayinevi.com.tr\/index.php\/wp-json\/wp\/v2\/types\/product"}],"wp:attachment":[{"href":"https:\/\/roveyayinevi.com.tr\/index.php\/wp-json\/wp\/v2\/media?parent=757550"}],"wp:term":[{"taxonomy":"product_brand","embeddable":true,"href":"https:\/\/roveyayinevi.com.tr\/index.php\/wp-json\/wp\/v2\/product_brand?post=757550"},{"taxonomy":"product_cat","embeddable":true,"href":"https:\/\/roveyayinevi.com.tr\/index.php\/wp-json\/wp\/v2\/product_cat?post=757550"},{"taxonomy":"product_tag","embeddable":true,"href":"https:\/\/roveyayinevi.com.tr\/index.php\/wp-json\/wp\/v2\/product_tag?post=757550"}],"curies":[{"name":"wp","href":"https:\/\/api.w.org\/{rel}","templated":true}]}}