{"id":757549,"date":"2025-08-28T07:38:50","date_gmt":"2025-08-28T04:38:50","guid":{"rendered":"https:\/\/roveyayinevi.com.tr\/index.php\/urun\/insan-ve-mizan\/"},"modified":"2026-04-08T03:18:57","modified_gmt":"2026-04-08T00:18:57","slug":"insan-ve-mizan","status":"publish","type":"product","link":"https:\/\/roveyayinevi.com.tr\/index.php\/urun\/insan-ve-mizan\/","title":{"rendered":"\u0130nsan ve Mizan"},"content":{"rendered":"<p>\u201cVe mizan\u0131 (dengeyi) O koydu. Sak\u0131n dengeyi bozmay\u0131n\u0131z.\u201d (Rahman Suresi, 7-8) \u0130nsano\u011flu, bir taraftan kendi eliyle olu\u015fturdu\u011fu ve \u201cteknoloji\u201d ad\u0131n\u0131 verdi\u011fi yapay bir hayat\u0131n i\u00e7inde bo\u011fulurken bir taraftan da Yarat\u0131c\u0131\u2019n\u0131n kendisine sundu\u011fu tabi\u00ee hayat\u0131 kaybediyor. Oysa as\u0131l ve sa\u011fl\u0131kl\u0131 olan hayat, ad\u0131 \u00fczerinde tabi\u00ee (do\u011fal) olan hayat&#8230; Yapay hayat ise insan\u0131n yalpalamas\u0131n\u0131n sebebi, f\u0131trattan (dengeden) uzakla\u015fmas\u0131n\u0131n arac\u0131d\u0131r. Bunun i\u00e7indir ki Allah\u2019\u0131n yaratt\u0131\u011f\u0131 d\u00fcnya ile insan\u0131n elinden \u00e7\u0131kan d\u00fcnya aras\u0131ndaki uyum ve denge yitirilmemelidir. Denge \u00fczere bir ya\u015fama dair \u00f6neriler ve denge bilinci \u00fczerine bir sohbete haz\u0131r m\u0131s\u0131n\u0131z? <\/p>\n","protected":false},"excerpt":{"rendered":"<p>\u201cVe mizan\u0131 (dengeyi) O koydu. Sak\u0131n dengeyi bozmay\u0131n\u0131z.\u201d (Rahman Suresi, 7-8) \u0130nsano\u011flu, bir taraftan kendi eliyle olu\u015fturdu\u011fu ve \u201cteknoloji\u201d ad\u0131n\u0131 verdi\u011fi yapay bir hayat\u0131n i\u00e7inde bo\u011fulurken<span class=\"excerpt-hellip\"> [\u2026]<\/span><\/p>\n","protected":false},"featured_media":0,"template":"","meta":{"_monsterinsights_skip_tracking":false,"_monsterinsights_sitenote_active":false,"_monsterinsights_sitenote_note":"","_monsterinsights_sitenote_category":0},"product_brand":[],"product_cat":[12364,12376],"product_tag":[],"class_list":{"0":"post-757549","1":"product","2":"type-product","3":"status-publish","5":"product_cat-genel-konular","6":"product_cat-kisisel-gelisim","7":"pa_cilt-ciltsiz","8":"pa_tur-kitap","9":"pa_yayinevi-cinaralti-yayinlari","10":"pa_yazar-abdulkerim-eviz","12":"first","13":"instock","14":"sale","15":"shipping-taxable","16":"purchasable","17":"product-type-simple"},"_links":{"self":[{"href":"https:\/\/roveyayinevi.com.tr\/index.php\/wp-json\/wp\/v2\/product\/757549","targetHints":{"allow":["GET"]}}],"collection":[{"href":"https:\/\/roveyayinevi.com.tr\/index.php\/wp-json\/wp\/v2\/product"}],"about":[{"href":"https:\/\/roveyayinevi.com.tr\/index.php\/wp-json\/wp\/v2\/types\/product"}],"wp:attachment":[{"href":"https:\/\/roveyayinevi.com.tr\/index.php\/wp-json\/wp\/v2\/media?parent=757549"}],"wp:term":[{"taxonomy":"product_brand","embeddable":true,"href":"https:\/\/roveyayinevi.com.tr\/index.php\/wp-json\/wp\/v2\/product_brand?post=757549"},{"taxonomy":"product_cat","embeddable":true,"href":"https:\/\/roveyayinevi.com.tr\/index.php\/wp-json\/wp\/v2\/product_cat?post=757549"},{"taxonomy":"product_tag","embeddable":true,"href":"https:\/\/roveyayinevi.com.tr\/index.php\/wp-json\/wp\/v2\/product_tag?post=757549"}],"curies":[{"name":"wp","href":"https:\/\/api.w.org\/{rel}","templated":true}]}}