{"id":757548,"date":"2025-08-28T07:38:49","date_gmt":"2025-08-28T04:38:49","guid":{"rendered":"https:\/\/roveyayinevi.com.tr\/index.php\/urun\/kabul-ettim-emaneti\/"},"modified":"2026-04-11T03:19:41","modified_gmt":"2026-04-11T00:19:41","slug":"kabul-ettim-emaneti","status":"publish","type":"product","link":"https:\/\/roveyayinevi.com.tr\/index.php\/urun\/kabul-ettim-emaneti\/","title":{"rendered":"Kabul Ettim Emaneti"},"content":{"rendered":"<p>\u0130nsan hayat\u0131nda d\u00fczenli ve huzurlu bir evlilik kadar iyi, d\u00fczensiz ve huzursuz bir evlilik kadar da k\u00f6t\u00fc bir \u015fey yoktur. Ne ondaki huzuru hi\u00e7bir \u015fey doldurabilir ne de ondaki huzursuzlu\u011fu hi\u00e7bir \u015fey giderebilir. Evlilik hayat\u0131nda rahatl\u0131k parayla sat\u0131n al\u0131nabilir ama ondaki huzur parayla sat\u0131n al\u0131namaz.  Evlilik; e\u015flerin kar\u015f\u0131l\u0131kl\u0131 olarak, \u201cHayat\u0131na girmeyi, ona ortak olmay\u0131 kabul ettim.\u201d demeleri ve bunu kar\u015f\u0131l\u0131kl\u0131 olarak onaylamalar\u0131d\u0131r. E\u015flerin birbirine, \u201cSen bana, ben sana; biz birbirimize emanetiz. Art\u0131k sen-ben yok, \u2018biz\u2019 var\u0131z ve birbirimize emanet hassasiyetiyle davranaca\u011f\u0131z.\u201d vaadiyle bir yolculu\u011fa \u00e7\u0131kmalar\u0131d\u0131r. Peki, siz emanetinizi kabul ettiniz mi? <\/p>\n","protected":false},"excerpt":{"rendered":"<p>\u0130nsan hayat\u0131nda d\u00fczenli ve huzurlu bir evlilik kadar iyi, d\u00fczensiz ve huzursuz bir evlilik kadar da k\u00f6t\u00fc bir \u015fey yoktur. Ne ondaki huzuru hi\u00e7bir \u015fey doldurabilir<span class=\"excerpt-hellip\"> [\u2026]<\/span><\/p>\n","protected":false},"featured_media":0,"template":"","meta":{"_monsterinsights_skip_tracking":false,"_monsterinsights_sitenote_active":false,"_monsterinsights_sitenote_note":"","_monsterinsights_sitenote_category":0},"product_brand":[],"product_cat":[12364,12376],"product_tag":[],"class_list":{"0":"post-757548","1":"product","2":"type-product","3":"status-publish","5":"product_cat-genel-konular","6":"product_cat-kisisel-gelisim","7":"pa_cilt-ciltsiz","8":"pa_tur-kitap","9":"pa_yayinevi-cinaralti-yayinlari","10":"pa_yazar-abdulkerim-eviz","12":"first","13":"instock","14":"sale","15":"shipping-taxable","16":"purchasable","17":"product-type-simple"},"_links":{"self":[{"href":"https:\/\/roveyayinevi.com.tr\/index.php\/wp-json\/wp\/v2\/product\/757548","targetHints":{"allow":["GET"]}}],"collection":[{"href":"https:\/\/roveyayinevi.com.tr\/index.php\/wp-json\/wp\/v2\/product"}],"about":[{"href":"https:\/\/roveyayinevi.com.tr\/index.php\/wp-json\/wp\/v2\/types\/product"}],"wp:attachment":[{"href":"https:\/\/roveyayinevi.com.tr\/index.php\/wp-json\/wp\/v2\/media?parent=757548"}],"wp:term":[{"taxonomy":"product_brand","embeddable":true,"href":"https:\/\/roveyayinevi.com.tr\/index.php\/wp-json\/wp\/v2\/product_brand?post=757548"},{"taxonomy":"product_cat","embeddable":true,"href":"https:\/\/roveyayinevi.com.tr\/index.php\/wp-json\/wp\/v2\/product_cat?post=757548"},{"taxonomy":"product_tag","embeddable":true,"href":"https:\/\/roveyayinevi.com.tr\/index.php\/wp-json\/wp\/v2\/product_tag?post=757548"}],"curies":[{"name":"wp","href":"https:\/\/api.w.org\/{rel}","templated":true}]}}