{"id":757547,"date":"2025-08-28T07:38:48","date_gmt":"2025-08-28T04:38:48","guid":{"rendered":"https:\/\/roveyayinevi.com.tr\/index.php\/urun\/annelik-ibadettir\/"},"modified":"2026-04-16T03:10:43","modified_gmt":"2026-04-16T00:10:43","slug":"annelik-ibadettir","status":"publish","type":"product","link":"https:\/\/roveyayinevi.com.tr\/index.php\/urun\/annelik-ibadettir\/","title":{"rendered":"Annelik \u0130badettir"},"content":{"rendered":"<p>Sizi cennete kavu\u015fturacak ve kendileri de cennetle bulu\u015facak evlatlar yeti\u015ftirmeniz hususunda motivasyonunuzu diri tutma gayesiyle yaz\u0131lan bu kitap, \u201cHakk yolunda, hakk\u0131yla ebeveynlik yapabilme\u2026\u201d duas\u0131yla kaleme al\u0131nm\u0131\u015ft\u0131r. Ayr\u0131ca sayfalar aras\u0131nda; k\u00fclt\u00fcr\u00fcm\u00fczdeki pedagojik \u00f6\u011fretilerin, \u0130sl\u00e2m \u00e2limlerinin nasihatlerinin ve yazar\u0131n annelik tecr\u00fcbelerinin de izleri oldu\u011funa \u015fahitlik edeceksiniz. Tefekk\u00fcr, tevekk\u00fcl ve te\u015fekk\u00fcre davet niteli\u011finde olan bu kitap, annelik yolundaki kayg\u0131lar\u0131n\u0131z\u0131 azaltarak \u00e7ocu\u011fumuzla ge\u00e7irece\u011fimiz her bir an\u0131n ibadet oldu\u011funu bizlere f\u0131s\u0131ldamaktad\u0131r. <\/p>\n","protected":false},"excerpt":{"rendered":"<p>Sizi cennete kavu\u015fturacak ve kendileri de cennetle bulu\u015facak evlatlar yeti\u015ftirmeniz hususunda motivasyonunuzu diri tutma gayesiyle yaz\u0131lan bu kitap, \u201cHakk yolunda, hakk\u0131yla ebeveynlik yapabilme\u2026\u201d duas\u0131yla kaleme al\u0131nm\u0131\u015ft\u0131r.<span class=\"excerpt-hellip\"> [\u2026]<\/span><\/p>\n","protected":false},"featured_media":0,"template":"","meta":{"_monsterinsights_skip_tracking":false,"_monsterinsights_sitenote_active":false,"_monsterinsights_sitenote_note":"","_monsterinsights_sitenote_category":0},"product_brand":[],"product_cat":[12364,12376],"product_tag":[],"class_list":{"0":"post-757547","1":"product","2":"type-product","3":"status-publish","5":"product_cat-genel-konular","6":"product_cat-kisisel-gelisim","7":"pa_cilt-ciltsiz","8":"pa_tur-kitap","9":"pa_yayinevi-cinaralti-yayinlari","10":"pa_yazar-buse-aybuke-erdogan","12":"first","13":"instock","14":"sale","15":"shipping-taxable","16":"purchasable","17":"product-type-simple"},"_links":{"self":[{"href":"https:\/\/roveyayinevi.com.tr\/index.php\/wp-json\/wp\/v2\/product\/757547","targetHints":{"allow":["GET"]}}],"collection":[{"href":"https:\/\/roveyayinevi.com.tr\/index.php\/wp-json\/wp\/v2\/product"}],"about":[{"href":"https:\/\/roveyayinevi.com.tr\/index.php\/wp-json\/wp\/v2\/types\/product"}],"wp:attachment":[{"href":"https:\/\/roveyayinevi.com.tr\/index.php\/wp-json\/wp\/v2\/media?parent=757547"}],"wp:term":[{"taxonomy":"product_brand","embeddable":true,"href":"https:\/\/roveyayinevi.com.tr\/index.php\/wp-json\/wp\/v2\/product_brand?post=757547"},{"taxonomy":"product_cat","embeddable":true,"href":"https:\/\/roveyayinevi.com.tr\/index.php\/wp-json\/wp\/v2\/product_cat?post=757547"},{"taxonomy":"product_tag","embeddable":true,"href":"https:\/\/roveyayinevi.com.tr\/index.php\/wp-json\/wp\/v2\/product_tag?post=757547"}],"curies":[{"name":"wp","href":"https:\/\/api.w.org\/{rel}","templated":true}]}}