{"id":757543,"date":"2025-08-28T07:38:42","date_gmt":"2025-08-28T04:38:42","guid":{"rendered":"https:\/\/roveyayinevi.com.tr\/index.php\/urun\/baskalarina-kosarken-kendine-gec-kalma\/"},"modified":"2025-09-19T15:07:48","modified_gmt":"2025-09-19T12:07:48","slug":"baskalarina-kosarken-kendine-gec-kalma","status":"publish","type":"product","link":"https:\/\/roveyayinevi.com.tr\/index.php\/urun\/baskalarina-kosarken-kendine-gec-kalma\/","title":{"rendered":"Ba\u015fkalar\u0131na Ko\u015farken Kendine Ge\u00e7 Kalma!"},"content":{"rendered":"<p>Neden insanlara \u201cHay\u0131r!\u201d diyemiyorum? Neden her \u015feyi hep benden bekliyorlar? Neden hep verici bir insan\u0131m? G\u00fcn\u00fcn sonunda neden hep ben mutsuz oluyorum? Neden kendime ge\u00e7 kald\u0131m? Neden \u201cAh ke\u015fke!\u201dlerle ya\u015f\u0131yorum? Bug\u00fcne neden gelemiyorum? \u0130nsanlar ger\u00e7ekten hep mi k\u00f6t\u00fc? Kendimi formatlay\u0131p yeniden in\u015fa edebilir miyim? Daha kaliteli huzurlu bir ya\u015fam\u0131n anahtar\u0131 nelerdir? Kendim olmak bana neler kazand\u0131r\u0131r? \u00d6mr\u00fcm\u00fcz her \u015feyi bizzat ya\u015fay\u0131p tecr\u00fcbe edecek kadar uzun de\u011fil. Ba\u015fkalar\u0131n\u0131n tecr\u00fcbeleri ise yolumuzu k\u0131salt\u0131r ve ya\u015fam fark\u0131ndal\u0131\u011f\u0131m\u0131z\u0131 art\u0131rarak huzur ve mutlulu\u011fumuza katk\u0131 sunar. Bu kitap, binlerce hayat hik\u00e2yesine tan\u0131kl\u0131k eden yazar\u0131n tecr\u00fcbelerinin bir \u00fcr\u00fcn\u00fcd\u00fcr. <\/p>\n","protected":false},"excerpt":{"rendered":"<p>Neden insanlara \u201cHay\u0131r!\u201d diyemiyorum? Neden her \u015feyi hep benden bekliyorlar? Neden hep verici bir insan\u0131m? G\u00fcn\u00fcn sonunda neden hep ben mutsuz oluyorum? Neden kendime ge\u00e7 kald\u0131m?<span class=\"excerpt-hellip\"> [\u2026]<\/span><\/p>\n","protected":false},"featured_media":0,"template":"","meta":{"_monsterinsights_skip_tracking":false,"_monsterinsights_sitenote_active":false,"_monsterinsights_sitenote_note":"","_monsterinsights_sitenote_category":0},"product_brand":[],"product_cat":[12357],"product_tag":[],"class_list":{"0":"post-757543","1":"product","2":"type-product","3":"status-publish","5":"product_cat-psikoloji","6":"pa_cilt-ciltsiz","7":"pa_tur-kitap","8":"pa_yayinevi-cinaralti-yayinlari","9":"pa_yazar-nihat-kaya","11":"first","12":"instock","13":"sale","14":"shipping-taxable","15":"purchasable","16":"product-type-simple"},"_links":{"self":[{"href":"https:\/\/roveyayinevi.com.tr\/index.php\/wp-json\/wp\/v2\/product\/757543","targetHints":{"allow":["GET"]}}],"collection":[{"href":"https:\/\/roveyayinevi.com.tr\/index.php\/wp-json\/wp\/v2\/product"}],"about":[{"href":"https:\/\/roveyayinevi.com.tr\/index.php\/wp-json\/wp\/v2\/types\/product"}],"wp:attachment":[{"href":"https:\/\/roveyayinevi.com.tr\/index.php\/wp-json\/wp\/v2\/media?parent=757543"}],"wp:term":[{"taxonomy":"product_brand","embeddable":true,"href":"https:\/\/roveyayinevi.com.tr\/index.php\/wp-json\/wp\/v2\/product_brand?post=757543"},{"taxonomy":"product_cat","embeddable":true,"href":"https:\/\/roveyayinevi.com.tr\/index.php\/wp-json\/wp\/v2\/product_cat?post=757543"},{"taxonomy":"product_tag","embeddable":true,"href":"https:\/\/roveyayinevi.com.tr\/index.php\/wp-json\/wp\/v2\/product_tag?post=757543"}],"curies":[{"name":"wp","href":"https:\/\/api.w.org\/{rel}","templated":true}]}}