{"id":757540,"date":"2025-08-28T07:38:38","date_gmt":"2025-08-28T04:38:38","guid":{"rendered":"https:\/\/roveyayinevi.com.tr\/index.php\/urun\/gelecek-sizin\/"},"modified":"2026-04-05T03:13:08","modified_gmt":"2026-04-05T00:13:08","slug":"gelecek-sizin","status":"publish","type":"product","link":"https:\/\/roveyayinevi.com.tr\/index.php\/urun\/gelecek-sizin\/","title":{"rendered":"Gelecek Sizin"},"content":{"rendered":"<p>\u201cHepimiz, bir noktada, ge\u00e7mi\u015fi g\u00f6rebilme avantaj\u0131na sahip olmay\u0131 dilemi\u015fizdir ya da \u201cKe\u015fke \u015fimdi bildiklerimi o zaman da bilseydim.\u2019\u2019 diye d\u00fc\u015f\u00fcnm\u00fc\u015f\u00fczd\u00fcr. \u015eu anda zamanda geriye yolculuk yapabildi\u011finizi ve kendinizle konu\u015fabildi\u011finizi hayal edin. Ne gibi tavsiyelerde bulunurdunuz? Hayat\u0131n\u0131zda kimlerin olmas\u0131 ve kimlerden ka\u00e7\u0131nman\u0131z gerekti\u011fi, hangi kariyer hamlelerini yapman\u0131z ve yeteneklerinizi nas\u0131l geli\u015ftirmeniz gerekti\u011fi konusunda net bilgiler verece\u011finize \u015f\u00fcphe yok. Eminim kiminle evlenece\u011finiz, kiminle ya\u015fayaca\u011f\u0131n\u0131z ve nereden ev alaca\u011f\u0131n\u0131z konusunda bile s\u00f6yleyecek bir \u015feyleriniz olurdu.\u201d Peki ya gelecek? Anne Jirsch\u2019in etkileyeci ve dikkat \u00e7ekici metodu olan Gelecek Ya\u015fam \u0130lerlemesi (FLP) ile art\u0131k o da m\u00fcmk\u00fcn! FLP, be\u015f veya on y\u0131l sonra nerede olaca\u011f\u0131n\u0131z\u0131 ve bu bilgiyi bug\u00fcnk\u00fc sorunlar\u0131n\u0131z\u0131 ve ikilemlerinizi \u00e7\u00f6zmek i\u00e7in nas\u0131l kullanaca\u011f\u0131n\u0131z\u0131 g\u00f6rmenizi sa\u011fl\u0131yor. Anne Jirsch, i\u00e7ten ve olumlu bir tarzla FLP&#8217;nin deneyimlerini payla\u015f\u0131rken, bu kolay uygulanabilir teknikle insanlar\u0131n ya\u015fad\u0131\u011f\u0131 ola\u011fan\u00fcst\u00fc d\u00f6n\u00fc\u015f\u00fcmleri anlatan vakalar\u0131 a\u00e7\u0131\u011fa \u00e7\u0131kar\u0131yor. GELECEK S\u0130Z\u0130N,  i\u00e7g\u00fcd\u00fclerinizi nas\u0131l kullanaca\u011f\u0131n\u0131z\u0131 ve kaderinizi nas\u0131l \u015fekillendirece\u011finizi g\u00f6stererek, size kendi i\u00e7 bilgeli\u011finizi ke\u015ffetme f\u0131rsat\u0131 sunuyor.<\/p>\n","protected":false},"excerpt":{"rendered":"<p>\u201cHepimiz, bir noktada, ge\u00e7mi\u015fi g\u00f6rebilme avantaj\u0131na sahip olmay\u0131 dilemi\u015fizdir ya da \u201cKe\u015fke \u015fimdi bildiklerimi o zaman da bilseydim.\u2019\u2019 diye d\u00fc\u015f\u00fcnm\u00fc\u015f\u00fczd\u00fcr. \u015eu anda zamanda geriye yolculuk yapabildi\u011finizi<span class=\"excerpt-hellip\"> [\u2026]<\/span><\/p>\n","protected":false},"featured_media":0,"template":"","meta":{"_monsterinsights_skip_tracking":false,"_monsterinsights_sitenote_active":false,"_monsterinsights_sitenote_note":"","_monsterinsights_sitenote_category":0},"product_brand":[],"product_cat":[12364,12376],"product_tag":[],"class_list":{"0":"post-757540","1":"product","2":"type-product","3":"status-publish","5":"product_cat-genel-konular","6":"product_cat-kisisel-gelisim","7":"pa_cilt-ciltsiz","8":"pa_tur-kitap","9":"pa_yayinevi-sola-unitas","10":"pa_yazar-anne-jirsch-monica-cafferky","12":"first","13":"instock","14":"sale","15":"shipping-taxable","16":"purchasable","17":"product-type-simple"},"_links":{"self":[{"href":"https:\/\/roveyayinevi.com.tr\/index.php\/wp-json\/wp\/v2\/product\/757540","targetHints":{"allow":["GET"]}}],"collection":[{"href":"https:\/\/roveyayinevi.com.tr\/index.php\/wp-json\/wp\/v2\/product"}],"about":[{"href":"https:\/\/roveyayinevi.com.tr\/index.php\/wp-json\/wp\/v2\/types\/product"}],"wp:attachment":[{"href":"https:\/\/roveyayinevi.com.tr\/index.php\/wp-json\/wp\/v2\/media?parent=757540"}],"wp:term":[{"taxonomy":"product_brand","embeddable":true,"href":"https:\/\/roveyayinevi.com.tr\/index.php\/wp-json\/wp\/v2\/product_brand?post=757540"},{"taxonomy":"product_cat","embeddable":true,"href":"https:\/\/roveyayinevi.com.tr\/index.php\/wp-json\/wp\/v2\/product_cat?post=757540"},{"taxonomy":"product_tag","embeddable":true,"href":"https:\/\/roveyayinevi.com.tr\/index.php\/wp-json\/wp\/v2\/product_tag?post=757540"}],"curies":[{"name":"wp","href":"https:\/\/api.w.org\/{rel}","templated":true}]}}