{"id":757537,"date":"2025-08-28T07:38:35","date_gmt":"2025-08-28T04:38:35","guid":{"rendered":"https:\/\/roveyayinevi.com.tr\/index.php\/urun\/bekledik-de-gelmedin\/"},"modified":"2026-04-16T03:10:42","modified_gmt":"2026-04-16T00:10:42","slug":"bekledik-de-gelmedin","status":"publish","type":"product","link":"https:\/\/roveyayinevi.com.tr\/index.php\/urun\/bekledik-de-gelmedin\/","title":{"rendered":"Bekledik de Gelmedin"},"content":{"rendered":"<p>Bir do\u011fal afet b\u00f6lgesi olan \u00fclkemizde ya\u015fanan olaylardan bir sonu\u00e7 \u00e7\u0131kar\u0131lmaz, olanlar ve ac\u0131lar \u00e7ok \u00e7abuk unutulur. Ne yaz\u0131k ki \u201cBal\u0131k haf\u0131zal\u0131y\u0131zd\u0131r.\u201d.  Son ba\u011flamda, ba\u015far\u0131 varsa sahiplenilir, ba\u015far\u0131s\u0131zl\u0131k var ise bir yerlere \u00e7ok g\u00fczel havale edilir.       Bizleri fazlas\u0131yla yaralayan ve \u00e7ok \u00fczen son 6 \u015eubat 2023\u2019de meydana gelen depremde ya\u015fanan koordinasyon s\u0131k\u0131nt\u0131s\u0131 ve bir\u00e7ok b\u00f6lgeye yard\u0131mlar\u0131n gecikmesi, AFAD ve TSK\u2019nin sorgulanmas\u0131na neden oldu. Bilindi\u011fi \u00fczere 1999 G\u00f6lc\u00fck depreminde, TSK t\u00fcm kaynak ve imkanlar\u0131n\u0131 seferber etmi\u015f, deprem b\u00f6lgesinde tam 34 bin asker g\u00f6rev yapm\u0131\u015ft\u0131. 6 \u015eubat 2023\u2019de ya\u015fanan son depremde ise sadece 3 bin asker! Peki nereden kaynakl\u0131yor bu fark?&#8230; TSK, i\u00e7imizi burkan, bizleri ac\u0131ya sevk eden son 6 \u015eubat 2023 depreminde, t\u00fcm kuvvet, unsur ve kabiliyetleriyle hasretle beklendi de ama nedense bir t\u00fcrl\u00fc gelemedi\u2026        \u0130\u015fte bu kitap, bu sorunu masaya yat\u0131r\u0131yor ve bir\u00e7ok a\u00e7\u0131dan konuyu irdeleyerek bir \u00e7\u00f6z\u00fcm \u00f6nerisi sunuyor\u2026       \u0130yi okumalar diliyoruz\u2026                                              <\/p>\n","protected":false},"excerpt":{"rendered":"<p>Bir do\u011fal afet b\u00f6lgesi olan \u00fclkemizde ya\u015fanan olaylardan bir sonu\u00e7 \u00e7\u0131kar\u0131lmaz, olanlar ve ac\u0131lar \u00e7ok \u00e7abuk unutulur. Ne yaz\u0131k ki \u201cBal\u0131k haf\u0131zal\u0131y\u0131zd\u0131r.\u201d. Son ba\u011flamda, ba\u015far\u0131 varsa<span class=\"excerpt-hellip\"> [\u2026]<\/span><\/p>\n","protected":false},"featured_media":0,"template":"","meta":{"_monsterinsights_skip_tracking":false,"_monsterinsights_sitenote_active":false,"_monsterinsights_sitenote_note":"","_monsterinsights_sitenote_category":0},"product_brand":[],"product_cat":[13590,12337],"product_tag":[],"class_list":{"0":"post-757537","1":"product","2":"type-product","3":"status-publish","5":"product_cat-arastirma-inceleme-politika-siyaset","6":"product_cat-politika-siyaset","7":"pa_cilt-ciltsiz","8":"pa_tur-kitap","9":"pa_yayinevi-galeati-yayincilik","10":"pa_yazar-cumhur-utku","12":"first","13":"instock","14":"sale","15":"shipping-taxable","16":"purchasable","17":"product-type-simple"},"_links":{"self":[{"href":"https:\/\/roveyayinevi.com.tr\/index.php\/wp-json\/wp\/v2\/product\/757537","targetHints":{"allow":["GET"]}}],"collection":[{"href":"https:\/\/roveyayinevi.com.tr\/index.php\/wp-json\/wp\/v2\/product"}],"about":[{"href":"https:\/\/roveyayinevi.com.tr\/index.php\/wp-json\/wp\/v2\/types\/product"}],"wp:attachment":[{"href":"https:\/\/roveyayinevi.com.tr\/index.php\/wp-json\/wp\/v2\/media?parent=757537"}],"wp:term":[{"taxonomy":"product_brand","embeddable":true,"href":"https:\/\/roveyayinevi.com.tr\/index.php\/wp-json\/wp\/v2\/product_brand?post=757537"},{"taxonomy":"product_cat","embeddable":true,"href":"https:\/\/roveyayinevi.com.tr\/index.php\/wp-json\/wp\/v2\/product_cat?post=757537"},{"taxonomy":"product_tag","embeddable":true,"href":"https:\/\/roveyayinevi.com.tr\/index.php\/wp-json\/wp\/v2\/product_tag?post=757537"}],"curies":[{"name":"wp","href":"https:\/\/api.w.org\/{rel}","templated":true}]}}