{"id":757535,"date":"2025-08-28T07:38:31","date_gmt":"2025-08-28T04:38:31","guid":{"rendered":"https:\/\/roveyayinevi.com.tr\/index.php\/urun\/cocuk-klasikleri-seti-10-kitap-8-yas-ve-uzeri\/"},"modified":"2025-11-21T10:02:07","modified_gmt":"2025-11-21T07:02:07","slug":"cocuk-klasikleri-seti-10-kitap-8-yas-ve-uzeri","status":"publish","type":"product","link":"https:\/\/roveyayinevi.com.tr\/index.php\/urun\/cocuk-klasikleri-seti-10-kitap-8-yas-ve-uzeri\/","title":{"rendered":"\u00c7ocuk Klasikleri Seti &#8211;  10 Kitap  (8 Ya\u015f ve \u00dczeri)"},"content":{"rendered":"<p>\u00c7ocuk Klasikleri Seti &#8211;  10  Kitap  (8 Ya\u015f ve \u00dczeri)   \u00b7         Robinson Crusoe \u00b7         Pollyanna \u00b7         Dr. Jekyll Bay Hyde \u00b7         Ar\u0131 Maya \u00b7         Monte Cristo Kontu \u00b7         David Copperfield \u00b7         Lord Jim \u00b7         Heidi \u00b7         Don Ki\u015fot \u00b7         Grimm Masallar\u0131 <\/p>\n","protected":false},"excerpt":{"rendered":"<p>\u00c7ocuk Klasikleri Seti &#8211; 10 Kitap (8 Ya\u015f ve \u00dczeri) \u00b7 Robinson Crusoe \u00b7 Pollyanna \u00b7 Dr. Jekyll Bay Hyde \u00b7 Ar\u0131 Maya \u00b7 Monte Cristo<span class=\"excerpt-hellip\"> [\u2026]<\/span><\/p>\n","protected":false},"featured_media":0,"template":"","meta":{"_monsterinsights_skip_tracking":false,"_monsterinsights_sitenote_active":false,"_monsterinsights_sitenote_note":"","_monsterinsights_sitenote_category":0},"product_brand":[],"product_cat":[12274,12284],"product_tag":[],"class_list":{"0":"post-757535","1":"product","2":"type-product","3":"status-publish","5":"product_cat-cocuk-ve-genclik-kitaplari","6":"product_cat-hikayeler","7":"pa_cilt-ciltsiz","8":"pa_tur-kitap","9":"pa_yayinevi-peta-kitap","10":"pa_yazar-kolektif","12":"first","13":"instock","14":"sale","15":"shipping-taxable","16":"purchasable","17":"product-type-simple"},"_links":{"self":[{"href":"https:\/\/roveyayinevi.com.tr\/index.php\/wp-json\/wp\/v2\/product\/757535","targetHints":{"allow":["GET"]}}],"collection":[{"href":"https:\/\/roveyayinevi.com.tr\/index.php\/wp-json\/wp\/v2\/product"}],"about":[{"href":"https:\/\/roveyayinevi.com.tr\/index.php\/wp-json\/wp\/v2\/types\/product"}],"wp:attachment":[{"href":"https:\/\/roveyayinevi.com.tr\/index.php\/wp-json\/wp\/v2\/media?parent=757535"}],"wp:term":[{"taxonomy":"product_brand","embeddable":true,"href":"https:\/\/roveyayinevi.com.tr\/index.php\/wp-json\/wp\/v2\/product_brand?post=757535"},{"taxonomy":"product_cat","embeddable":true,"href":"https:\/\/roveyayinevi.com.tr\/index.php\/wp-json\/wp\/v2\/product_cat?post=757535"},{"taxonomy":"product_tag","embeddable":true,"href":"https:\/\/roveyayinevi.com.tr\/index.php\/wp-json\/wp\/v2\/product_tag?post=757535"}],"curies":[{"name":"wp","href":"https:\/\/api.w.org\/{rel}","templated":true}]}}