{"id":757530,"date":"2025-08-28T07:38:24","date_gmt":"2025-08-28T04:38:24","guid":{"rendered":"https:\/\/roveyayinevi.com.tr\/index.php\/urun\/bay-bir-tuhaflik-var\/"},"modified":"2026-04-16T03:10:42","modified_gmt":"2026-04-16T00:10:42","slug":"bay-bir-tuhaflik-var","status":"publish","type":"product","link":"https:\/\/roveyayinevi.com.tr\/index.php\/urun\/bay-bir-tuhaflik-var\/","title":{"rendered":"Bay Bir Tuhafl\u0131k Var"},"content":{"rendered":"<p>Okuma Yolculu\u011funu Se\u00e7!   \u00d6yk\u00fcy\u00fc, s\u00f6zc\u00fckleri hi\u00e7 de\u011fi\u015ftirmeden \u201ctuhaf\u201d haliyle mi okumak istersin? Yoksa renkli s\u00f6zc\u00fckleri, alternatif s\u00f6zc\u00fcklerle de\u011fi\u015ftirerek okumak m\u0131? Se\u00e7im senin! Resimlerin aras\u0131nda ba\u015fka ba\u015fka tuhafl\u0131klar ke\u015ffedilmek \u00fczere seni bekliyor!<\/p>\n","protected":false},"excerpt":{"rendered":"<p>Okuma Yolculu\u011funu Se\u00e7! \u00d6yk\u00fcy\u00fc, s\u00f6zc\u00fckleri hi\u00e7 de\u011fi\u015ftirmeden \u201ctuhaf\u201d haliyle mi okumak istersin? Yoksa renkli s\u00f6zc\u00fckleri, alternatif s\u00f6zc\u00fcklerle de\u011fi\u015ftirerek okumak m\u0131? Se\u00e7im senin! Resimlerin aras\u0131nda ba\u015fka ba\u015fka<span class=\"excerpt-hellip\"> [\u2026]<\/span><\/p>\n","protected":false},"featured_media":0,"template":"","meta":{"_monsterinsights_skip_tracking":false,"_monsterinsights_sitenote_active":false,"_monsterinsights_sitenote_note":"","_monsterinsights_sitenote_category":0},"product_brand":[],"product_cat":[12274,12284],"product_tag":[],"class_list":{"0":"post-757530","1":"product","2":"type-product","3":"status-publish","5":"product_cat-cocuk-ve-genclik-kitaplari","6":"product_cat-hikayeler","7":"pa_cilt-ciltsiz","8":"pa_tur-kitap","9":"pa_yayinevi-masalperest-ozel-urun","10":"pa_yazar-sema-gunaydin-cinar","12":"first","13":"instock","14":"sale","15":"shipping-taxable","16":"purchasable","17":"product-type-simple"},"_links":{"self":[{"href":"https:\/\/roveyayinevi.com.tr\/index.php\/wp-json\/wp\/v2\/product\/757530","targetHints":{"allow":["GET"]}}],"collection":[{"href":"https:\/\/roveyayinevi.com.tr\/index.php\/wp-json\/wp\/v2\/product"}],"about":[{"href":"https:\/\/roveyayinevi.com.tr\/index.php\/wp-json\/wp\/v2\/types\/product"}],"wp:attachment":[{"href":"https:\/\/roveyayinevi.com.tr\/index.php\/wp-json\/wp\/v2\/media?parent=757530"}],"wp:term":[{"taxonomy":"product_brand","embeddable":true,"href":"https:\/\/roveyayinevi.com.tr\/index.php\/wp-json\/wp\/v2\/product_brand?post=757530"},{"taxonomy":"product_cat","embeddable":true,"href":"https:\/\/roveyayinevi.com.tr\/index.php\/wp-json\/wp\/v2\/product_cat?post=757530"},{"taxonomy":"product_tag","embeddable":true,"href":"https:\/\/roveyayinevi.com.tr\/index.php\/wp-json\/wp\/v2\/product_tag?post=757530"}],"curies":[{"name":"wp","href":"https:\/\/api.w.org\/{rel}","templated":true}]}}