{"id":757528,"date":"2025-08-28T07:38:21","date_gmt":"2025-08-28T04:38:21","guid":{"rendered":"https:\/\/roveyayinevi.com.tr\/index.php\/urun\/sonsuzlukta-sikilmayacagim\/"},"modified":"2026-04-16T03:10:42","modified_gmt":"2026-04-16T00:10:42","slug":"sonsuzlukta-sikilmayacagim","status":"publish","type":"product","link":"https:\/\/roveyayinevi.com.tr\/index.php\/urun\/sonsuzlukta-sikilmayacagim\/","title":{"rendered":"Sonsuzlukta S\u0131k\u0131lmayaca\u011f\u0131m"},"content":{"rendered":"<p>Roma tarihinin en \u00f6nemli uzmanlar\u0131ndan kabul edilen Paul Veyne, Sonsuzlukta S\u0131k\u0131lmayaca\u011f\u0131m adl\u0131 biyografik eserinde hayat\u0131n\u0131n kah mutlu kah \u00fcz\u00fcc\u00fc, kah rahat kah zor anlar\u0131n\u0131 t\u00fcm \u00e7\u0131plakl\u0131\u011f\u0131yla anlat\u0131yor; yirminci y\u00fczy\u0131l\u0131n siyasi ve sosyal hayat\u0131ndan kesitler sunuyor; ya\u015fam ve ya\u015faman\u0131n t\u00fcm y\u00f6nleri \u00fczerine d\u00fc\u015f\u00fcncelerini payla\u015f\u0131yor.   Veyne, okuru antik\u00e7a\u011f tutkusunun nas\u0131l ba\u015flad\u0131\u011f\u0131ndan kariyerinin t\u00fcm basamaklar\u0131na uzanan, Kom\u00fcnist Parti \u00fcyeli\u011finden \u00fc\u00e7 kez ya\u015fad\u0131\u011f\u0131 evlilik hayat\u0131na kadar anlatan bir yolculu\u011fa \u00e7\u0131kar\u0131yor. Ayn\u0131 zamanda e\u015flerine, o\u011fluna, R\u00e9ne Char ve Michel Foucault gibi sevdi\u011fi ki\u015filere bir a\u015fk mektubu yaz\u0131yor adeta. Entelekt\u00fcel a\u00e7l\u0131k duyan, kalbinde yer ald\u0131\u011f\u0131 akademik d\u00fcnyadan bir \u015fekilde kendini soyutlamay\u0131 ba\u015farabilmi\u015f, Ventoux Da\u011f\u0131n\u0131n eteklerinde \u00e7\u0131lg\u0131n kalabal\u0131ktan uzakta ya\u015fayan Veyne, ge\u00e7mi\u015f an\u0131lar\u0131n\u0131 mesafe ve ironiyle ele al\u0131yor, asla s\u0131k\u0131lmayaca\u011f\u0131n\u0131 iddia etti\u011fi sonsuzlu\u011fu sab\u0131rla bekledi\u011fini s\u00f6yl\u00fcyor. <\/p>\n","protected":false},"excerpt":{"rendered":"<p>Roma tarihinin en \u00f6nemli uzmanlar\u0131ndan kabul edilen Paul Veyne, Sonsuzlukta S\u0131k\u0131lmayaca\u011f\u0131m adl\u0131 biyografik eserinde hayat\u0131n\u0131n kah mutlu kah \u00fcz\u00fcc\u00fc, kah rahat kah zor anlar\u0131n\u0131 t\u00fcm \u00e7\u0131plakl\u0131\u011f\u0131yla<span class=\"excerpt-hellip\"> [\u2026]<\/span><\/p>\n","protected":false},"featured_media":0,"template":"","meta":{"_monsterinsights_skip_tracking":false,"_monsterinsights_sitenote_active":false,"_monsterinsights_sitenote_note":"","_monsterinsights_sitenote_category":0},"product_brand":[],"product_cat":[14009,12291],"product_tag":[],"class_list":{"0":"post-757528","1":"product","2":"type-product","3":"status-publish","5":"product_cat-biyografi-otobiyografi-edebiyat","6":"product_cat-edebiyat","7":"pa_cilt-ciltsiz","8":"pa_tur-kitap","9":"pa_yayinevi-alfa-yayinlari","10":"pa_yazar-paul-veyne","12":"first","13":"instock","14":"sale","15":"shipping-taxable","16":"purchasable","17":"product-type-simple"},"_links":{"self":[{"href":"https:\/\/roveyayinevi.com.tr\/index.php\/wp-json\/wp\/v2\/product\/757528","targetHints":{"allow":["GET"]}}],"collection":[{"href":"https:\/\/roveyayinevi.com.tr\/index.php\/wp-json\/wp\/v2\/product"}],"about":[{"href":"https:\/\/roveyayinevi.com.tr\/index.php\/wp-json\/wp\/v2\/types\/product"}],"wp:attachment":[{"href":"https:\/\/roveyayinevi.com.tr\/index.php\/wp-json\/wp\/v2\/media?parent=757528"}],"wp:term":[{"taxonomy":"product_brand","embeddable":true,"href":"https:\/\/roveyayinevi.com.tr\/index.php\/wp-json\/wp\/v2\/product_brand?post=757528"},{"taxonomy":"product_cat","embeddable":true,"href":"https:\/\/roveyayinevi.com.tr\/index.php\/wp-json\/wp\/v2\/product_cat?post=757528"},{"taxonomy":"product_tag","embeddable":true,"href":"https:\/\/roveyayinevi.com.tr\/index.php\/wp-json\/wp\/v2\/product_tag?post=757528"}],"curies":[{"name":"wp","href":"https:\/\/api.w.org\/{rel}","templated":true}]}}