{"id":757527,"date":"2025-08-28T07:38:19","date_gmt":"2025-08-28T04:38:19","guid":{"rendered":"https:\/\/roveyayinevi.com.tr\/index.php\/urun\/guzel-kokulu-cicekler-zarafetle-acar-cilt-1\/"},"modified":"2026-04-16T03:10:42","modified_gmt":"2026-04-16T00:10:42","slug":"guzel-kokulu-cicekler-zarafetle-acar-cilt-1","status":"publish","type":"product","link":"https:\/\/roveyayinevi.com.tr\/index.php\/urun\/guzel-kokulu-cicekler-zarafetle-acar-cilt-1\/","title":{"rendered":"G\u00fczel Kokulu \u00c7i\u00e7ekler Zarafetle A\u00e7ar Cilt 1"},"content":{"rendered":"<p>Bir mahalledeki birbirine kom\u015fu iki lise binas\u0131\u2026. Aptallar\u0131n topland\u0131\u011f\u0131 alt seviye bir okul olan \u00c7idori Lisesi ve iyi e\u011fitimli gen\u00e7 k\u0131zlara y\u00f6nelik, sayg\u0131n bir okul olan Kikyo K\u0131z Lisesi.  \u00c7idori Lisesi&#8217;nin g\u00fc\u00e7l\u00fc ve sessiz ikinci s\u0131n\u0131f \u00f6\u011frencisi Rintaro Tsumugi, ailesinin pastanesinde annesine yard\u0131m etti\u011fi bir g\u00fcn m\u00fc\u015fteri olarak pastaneye gelen Kaoruko Waguri ile tan\u0131\u015f\u0131r. Rintaro ve Kaoruko birlikte vakit ge\u00e7irmeye ba\u015flarlar ancak Kaoruko, \u00c7idori&#8217;de okuyan \u00f6\u011frencilerin ho\u015f kar\u015f\u0131lanmad\u0131\u011f\u0131 Kikyo Lisesi \u00f6\u011frencisidir! &#8220;Bu, birbirine \u00e7ok yak\u0131n ama bir o kadar da uzak iki insan\u0131n hik\u00e2yesi!&#8221; <\/p>\n","protected":false},"excerpt":{"rendered":"<p>Bir mahalledeki birbirine kom\u015fu iki lise binas\u0131\u2026. Aptallar\u0131n topland\u0131\u011f\u0131 alt seviye bir okul olan \u00c7idori Lisesi ve iyi e\u011fitimli gen\u00e7 k\u0131zlara y\u00f6nelik, sayg\u0131n bir okul olan<span class=\"excerpt-hellip\"> [\u2026]<\/span><\/p>\n","protected":false},"featured_media":0,"template":"","meta":{"_monsterinsights_skip_tracking":false,"_monsterinsights_sitenote_active":false,"_monsterinsights_sitenote_note":"","_monsterinsights_sitenote_category":0},"product_brand":[],"product_cat":[12416,12291],"product_tag":[],"class_list":{"0":"post-757527","1":"product","2":"type-product","3":"status-publish","5":"product_cat-cizgi-roman","6":"product_cat-edebiyat","7":"pa_cilt-ciltsiz","8":"pa_tur-kitap","9":"pa_yayinevi-akil-celen-kitaplar","10":"pa_yazar-saka-mikami","12":"first","13":"instock","14":"sale","15":"shipping-taxable","16":"purchasable","17":"product-type-simple"},"_links":{"self":[{"href":"https:\/\/roveyayinevi.com.tr\/index.php\/wp-json\/wp\/v2\/product\/757527","targetHints":{"allow":["GET"]}}],"collection":[{"href":"https:\/\/roveyayinevi.com.tr\/index.php\/wp-json\/wp\/v2\/product"}],"about":[{"href":"https:\/\/roveyayinevi.com.tr\/index.php\/wp-json\/wp\/v2\/types\/product"}],"wp:attachment":[{"href":"https:\/\/roveyayinevi.com.tr\/index.php\/wp-json\/wp\/v2\/media?parent=757527"}],"wp:term":[{"taxonomy":"product_brand","embeddable":true,"href":"https:\/\/roveyayinevi.com.tr\/index.php\/wp-json\/wp\/v2\/product_brand?post=757527"},{"taxonomy":"product_cat","embeddable":true,"href":"https:\/\/roveyayinevi.com.tr\/index.php\/wp-json\/wp\/v2\/product_cat?post=757527"},{"taxonomy":"product_tag","embeddable":true,"href":"https:\/\/roveyayinevi.com.tr\/index.php\/wp-json\/wp\/v2\/product_tag?post=757527"}],"curies":[{"name":"wp","href":"https:\/\/api.w.org\/{rel}","templated":true}]}}