{"id":757526,"date":"2025-08-28T07:38:18","date_gmt":"2025-08-28T04:38:18","guid":{"rendered":"https:\/\/roveyayinevi.com.tr\/index.php\/urun\/genclerle-yolculuk\/"},"modified":"2025-09-29T05:29:21","modified_gmt":"2025-09-29T02:29:21","slug":"genclerle-yolculuk","status":"publish","type":"product","link":"https:\/\/roveyayinevi.com.tr\/index.php\/urun\/genclerle-yolculuk\/","title":{"rendered":"Gen\u00e7lerle Yolculuk"},"content":{"rendered":"<p>Yol, y\u00fcr\u00fcnmeye de\u011fer oland\u0131r. Yol, gerekti\u011finde u\u011fruna \u00f6l\u00fcm\u00fc g\u00f6ze alaca\u011f\u0131n \u015feydir. Yol, sevdad\u0131r, davad\u0131r, \u00fclk\u00fcd\u00fcr. Yolun zahmeti hedefin k\u0131ymetini ortaya koyar. Yolcu, yola iman edendir. Akl\u0131n\u0131 ve kalbini yola koyand\u0131r. Yolun zahmetine teslim olmayan, g\u00f6\u011f\u00fcs gerendir. Yol, u\u011fruna can\u0131n\u0131 ve mal\u0131n\u0131 ortaya koydu\u011fundur. Yolcu; vazge\u00e7endir, yolu yolda kar\u015f\u0131la\u015ft\u0131\u011f\u0131 nimetlere feda etmeyendir. *Yolda\u015f, yolcunun yolunu yol bilendir. Yolcuyu, can\u0131ndan ve mal\u0131ndan aziz g\u00f6rendir. Yolda\u015f; yolcuya kalkand\u0131r, omuzdur, el ayakt\u0131r. G\u00f6z\u00fcd\u00fcr, kula\u011f\u0131d\u0131r yolcunun. An gelir s\u0131\u011f\u0131nakt\u0131r, yurttur, yuvad\u0131r. Yolda\u015f, hasbidir, g\u00fcven unsurudur, yolcuyu yar\u0131 yolda b\u0131rakmayand\u0131r. Yolda\u015f; yolcunun s\u0131rr\u0131d\u0131r, derdiyle dertlenendir. Ac\u0131s\u0131n\u0131 ac\u0131, sevincini sevin\u00e7 bilendir. Gen\u00e7 arkada\u015f, hayat\u0131n\u0131n kolayla\u015fmas\u0131n\u0131 ve g\u00fczelle\u015fmesini istiyorsan yolunu ve yolda\u015f\u0131n\u0131 do\u011fru se\u00e7melisin. Unutma, yolunu ve yolda\u015f\u0131n\u0131 do\u011fru se\u00e7ememi\u015f insanlar\u0131n h\u00fcz\u00fcnl\u00fc hikayeleriyle doludur hayat!.. <\/p>\n","protected":false},"excerpt":{"rendered":"<p>Yol, y\u00fcr\u00fcnmeye de\u011fer oland\u0131r. Yol, gerekti\u011finde u\u011fruna \u00f6l\u00fcm\u00fc g\u00f6ze alaca\u011f\u0131n \u015feydir. Yol, sevdad\u0131r, davad\u0131r, \u00fclk\u00fcd\u00fcr. Yolun zahmeti hedefin k\u0131ymetini ortaya koyar. Yolcu, yola iman edendir. Akl\u0131n\u0131<span class=\"excerpt-hellip\"> [\u2026]<\/span><\/p>\n","protected":false},"featured_media":0,"template":"","meta":{"_monsterinsights_skip_tracking":false,"_monsterinsights_sitenote_active":false,"_monsterinsights_sitenote_note":"","_monsterinsights_sitenote_category":0},"product_brand":[],"product_cat":[52477],"product_tag":[],"class_list":{"0":"post-757526","1":"product","2":"type-product","3":"status-publish","5":"product_cat-arastirma","6":"pa_cilt-ciltsiz","7":"pa_tur-kitap","8":"pa_yayinevi-gulnar-yayinlari","9":"pa_yazar-ismet-erdal","11":"first","12":"instock","13":"sale","14":"shipping-taxable","15":"purchasable","16":"product-type-simple"},"_links":{"self":[{"href":"https:\/\/roveyayinevi.com.tr\/index.php\/wp-json\/wp\/v2\/product\/757526","targetHints":{"allow":["GET"]}}],"collection":[{"href":"https:\/\/roveyayinevi.com.tr\/index.php\/wp-json\/wp\/v2\/product"}],"about":[{"href":"https:\/\/roveyayinevi.com.tr\/index.php\/wp-json\/wp\/v2\/types\/product"}],"wp:attachment":[{"href":"https:\/\/roveyayinevi.com.tr\/index.php\/wp-json\/wp\/v2\/media?parent=757526"}],"wp:term":[{"taxonomy":"product_brand","embeddable":true,"href":"https:\/\/roveyayinevi.com.tr\/index.php\/wp-json\/wp\/v2\/product_brand?post=757526"},{"taxonomy":"product_cat","embeddable":true,"href":"https:\/\/roveyayinevi.com.tr\/index.php\/wp-json\/wp\/v2\/product_cat?post=757526"},{"taxonomy":"product_tag","embeddable":true,"href":"https:\/\/roveyayinevi.com.tr\/index.php\/wp-json\/wp\/v2\/product_tag?post=757526"}],"curies":[{"name":"wp","href":"https:\/\/api.w.org\/{rel}","templated":true}]}}