{"id":757521,"date":"2025-08-28T07:38:11","date_gmt":"2025-08-28T04:38:11","guid":{"rendered":"https:\/\/roveyayinevi.com.tr\/index.php\/urun\/goc-ve-belediyeler\/"},"modified":"2026-04-16T03:10:42","modified_gmt":"2026-04-16T00:10:42","slug":"goc-ve-belediyeler","status":"publish","type":"product","link":"https:\/\/roveyayinevi.com.tr\/index.php\/urun\/goc-ve-belediyeler\/","title":{"rendered":"G\u00f6\u00e7 ve Belediyeler"},"content":{"rendered":"<p>Erc\u00fcment Akdeniz\u2019in G\u00f6\u00e7 ve Belediyeler kitab\u0131 \u00fczerinde y\u00fckseldi\u011fi persektif bak\u0131m\u0131ndan liberal g\u00f6\u00e7 y\u00f6netimi politikalar\u0131n\u0131 mahk\u00fbm etmekle kalm\u0131yor, k\u00f6kl\u00fc bir \u00e7\u00f6z\u00fcm\u00fcn siyasal toplumsal d\u00fczenin de\u011fi\u015fmesiyle m\u00fcmk\u00fcn oldu\u011funu en ba\u015ftan vurguluyor. \u00c7\u00f6z\u00fcm bekleyen acil sorunlara dair acil \u00e7\u00f6z\u00fcm \u00f6nerilerini detayl\u0131 olarak s\u0131ralayan Akdeniz, s\u00f6z konusu g\u00fcncel talep ve \u00f6nermelerin sadece yerelleri de\u011fil merkezi iktidar\u0131 da ilgilendiren kapsaml\u0131 bir m\u00fccadelenin konusu oldu\u011funu kitab\u0131n hemen her sat\u0131r\u0131nda okuyucuya hat\u0131rlatan bir tarzla ele al\u0131yor.   Kitab\u0131n cevap arad\u0131\u011f\u0131 baz\u0131 sorular: \u00b7       G\u00f6\u00e7 konusunda belediyeler nas\u0131l bir s\u0131nav veriyor? \u0130dari, mali, hukuki yap\u0131daki sorunlar nelerdir? D\u00fcnya Belediyeler Birli\u011fi T\u00fcrkiye belediyelerine nas\u0131l bir rol bi\u00e7iyor? \u00b7       G\u00f6\u00e7 konusunda iktidar ve muhalefet perspektiflerinin kapsaml\u0131 bir de\u011ferlendirmesini yaparken nelere dikkat edilmelidir? \u00b7       G\u00f6\u00e7men emek\u00e7ilerle neredeyse \u00f6zde\u015fle\u015fen i\u015f cinayetlerinde yerel y\u00f6netimlerin rol\u00fc nedir? \u00b7       Entegrasyon mu bir arada ya\u015fam m\u0131? \u00b7       \u0130ktidar\u2026 Muhalefet\u2026 Hangi belediye ne dedi, ne yapt\u0131? \u00b7       Yeni tehlike: neo fa\u015fizm. A\u015f\u0131r\u0131 sa\u011f\u0131n panzehiri ne olabilir? \u00b7       G\u00f6\u00e7menler se\u00e7imlerde nas\u0131l ara\u00e7salla\u015ft\u0131r\u0131l\u0131yor? Bunu engellemenin bir yolu var m\u0131? \u00b7       Yoksul yurtta\u015flar ve g\u00f6\u00e7menler ma\u011fdur; \u201cpayda\u015flar\u201d ise memnun: RESLOG nedir? ve \u015fehirleri kim i\u00e7in ve nas\u0131l g\u00f6\u00e7men deposuna \u00e7evirmektedir? \u00b7       \u00d6nyarg\u0131 duvarlar\u0131n\u0131 yerelden y\u0131kmak: Irk\u00e7\u0131l\u0131\u011fa ve ayr\u0131mc\u0131l\u0131\u011fa kar\u015f\u0131 ortak m\u00fccadelenin olanaklar\u0131. \u00b7       AKP\u2019nin sosyal yard\u0131m rejimi ile sosyal haklar m\u00fccadelesinin bir ba\u015fka kar\u015f\u0131la\u015fma alan\u0131 olarak iktidar\u0131n g\u00f6\u00e7 politikalar\u0131 neyi ama\u00e7l\u0131yor? \u00b7       G\u00f6\u00e7 politikalar\u0131nda olumlu \u00f6rnekler var m\u0131? \u00b7       Ne yapmal\u0131, ne yapmamal\u0131?  \u201cBu kitap \u201cyerel y\u00f6netim\u201d kavram\u0131n\u0131n hegemonik tezah\u00fcrlerini alt \u00fcst ederek, bir arada ya\u015fam\u0131n ihtimallerine dair akademik ve politik \u00e7al\u0131\u015fmalara b\u00fcy\u00fck bir katk\u0131 sunuyor\u201d DR. S\u0130BEL KARADA\u011e \u201cErc\u00fcment Akdeniz, bu \u00e7al\u0131\u015fmas\u0131yla g\u00f6\u00e7menler \u00fczerinden y\u00fcr\u00fct\u00fclmekte olan kent ve yerel y\u00f6netim politikalar\u0131n\u0131n ne t\u00fcrden \u201cyeni\u201d sorunlara neden oldu\u011funu ve bu s\u00fcrecin uluslararas\u0131 ili\u015fkilerini ortaya koyuyor\u201d  PROF. DR. ONUR HAMZAO\u011eLU   \u201cG\u00f6\u00e7 ve iltica s\u00fcre\u00e7lerine dair derin saha bilgisiyle \u00f6nc\u00fc \u00e7al\u0131\u015fmalara imza atan Erc\u00fcment Akdeniz, yerel y\u00f6netim politikalar\u0131na ili\u015fkin kapsaml\u0131 bir tablo ve farkl\u0131 bir perspektif ortaya koyuyor\u201d PROF. DR. CENK SARA\u00c7O\u011eLU    Kitab\u0131n, yakla\u015fan yerel se\u00e7imler \u00f6ncesinde g\u00fcncelli\u011fini yitirmeyen bir tart\u0131\u015fma konusu olan g\u00f6\u00e7 konusunda okurlara toplumcu bir perspektif sunan \u00f6nemli bir k\u0131lavuz olaca\u011f\u0131n\u0131 umuyoruz. <\/p>\n","protected":false},"excerpt":{"rendered":"<p>Erc\u00fcment Akdeniz\u2019in G\u00f6\u00e7 ve Belediyeler kitab\u0131 \u00fczerinde y\u00fckseldi\u011fi persektif bak\u0131m\u0131ndan liberal g\u00f6\u00e7 y\u00f6netimi politikalar\u0131n\u0131 mahk\u00fbm etmekle kalm\u0131yor, k\u00f6kl\u00fc bir \u00e7\u00f6z\u00fcm\u00fcn siyasal toplumsal d\u00fczenin de\u011fi\u015fmesiyle m\u00fcmk\u00fcn oldu\u011funu<span class=\"excerpt-hellip\"> [\u2026]<\/span><\/p>\n","protected":false},"featured_media":0,"template":"","meta":{"_monsterinsights_skip_tracking":false,"_monsterinsights_sitenote_active":false,"_monsterinsights_sitenote_note":"","_monsterinsights_sitenote_category":0},"product_brand":[],"product_cat":[52477],"product_tag":[],"class_list":{"0":"post-757521","1":"product","2":"type-product","3":"status-publish","5":"product_cat-arastirma","6":"pa_cilt-ciltsiz","7":"pa_tur-kitap","8":"pa_yayinevi-tekin-yayinevi","9":"pa_yazar-ercument-akdeniz","11":"first","12":"instock","13":"sale","14":"shipping-taxable","15":"purchasable","16":"product-type-simple"},"_links":{"self":[{"href":"https:\/\/roveyayinevi.com.tr\/index.php\/wp-json\/wp\/v2\/product\/757521","targetHints":{"allow":["GET"]}}],"collection":[{"href":"https:\/\/roveyayinevi.com.tr\/index.php\/wp-json\/wp\/v2\/product"}],"about":[{"href":"https:\/\/roveyayinevi.com.tr\/index.php\/wp-json\/wp\/v2\/types\/product"}],"wp:attachment":[{"href":"https:\/\/roveyayinevi.com.tr\/index.php\/wp-json\/wp\/v2\/media?parent=757521"}],"wp:term":[{"taxonomy":"product_brand","embeddable":true,"href":"https:\/\/roveyayinevi.com.tr\/index.php\/wp-json\/wp\/v2\/product_brand?post=757521"},{"taxonomy":"product_cat","embeddable":true,"href":"https:\/\/roveyayinevi.com.tr\/index.php\/wp-json\/wp\/v2\/product_cat?post=757521"},{"taxonomy":"product_tag","embeddable":true,"href":"https:\/\/roveyayinevi.com.tr\/index.php\/wp-json\/wp\/v2\/product_tag?post=757521"}],"curies":[{"name":"wp","href":"https:\/\/api.w.org\/{rel}","templated":true}]}}