{"id":757517,"date":"2025-08-28T07:38:04","date_gmt":"2025-08-28T04:38:04","guid":{"rendered":"https:\/\/roveyayinevi.com.tr\/index.php\/urun\/gercege-uyanis\/"},"modified":"2026-04-16T03:10:42","modified_gmt":"2026-04-16T00:10:42","slug":"gercege-uyanis","status":"publish","type":"product","link":"https:\/\/roveyayinevi.com.tr\/index.php\/urun\/gercege-uyanis\/","title":{"rendered":"Ger\u00e7e\u011fe Uyan\u0131\u015f"},"content":{"rendered":"<p>Triea-51 adl\u0131 gezegende devam etmekte olan iklimsel felaketi kontrol alt\u0131na almak i\u00e7in yap\u0131lan deneyler, insanl\u0131\u011f\u0131n sonsuz bir uykuya dalmas\u0131na yol a\u00e7acak t\u00fcrden bir kelebek etkisine sebep olmu\u015ftu. Art\u0131k bo\u015f bir kabuktan ibaret olan insanlar, saykodelik bir r\u00fcya d\u00f6ng\u00fcs\u00fcne hapsedilmi\u015fti. \u0130\u00e7inde bulunduklar\u0131 durumdan bihaber insanl\u0131\u011f\u0131n kaderiyse \u00fc\u00e7 ki\u015fiye ba\u011fl\u0131yd\u0131: Ceyda, Agnes ve Scott. Bu \u00fc\u00e7l\u00fc, kimsenin tan\u0131k olamayaca\u011f\u0131 g\u00fc\u00e7lerle sava\u015f\u0131p D\u00fcnya\u2019y\u0131 kurtarabilecek mi?   G\u00f6rkem Uyan\u0131k, sizi r\u00fcya ile ger\u00e7eklik aras\u0131nda s\u00fcr\u00fckleyici bir roman\u0131n i\u00e7ine davet ediyor.<\/p>\n","protected":false},"excerpt":{"rendered":"<p>Triea-51 adl\u0131 gezegende devam etmekte olan iklimsel felaketi kontrol alt\u0131na almak i\u00e7in yap\u0131lan deneyler, insanl\u0131\u011f\u0131n sonsuz bir uykuya dalmas\u0131na yol a\u00e7acak t\u00fcrden bir kelebek etkisine sebep<span class=\"excerpt-hellip\"> [\u2026]<\/span><\/p>\n","protected":false},"featured_media":0,"template":"","meta":{"_monsterinsights_skip_tracking":false,"_monsterinsights_sitenote_active":false,"_monsterinsights_sitenote_note":"","_monsterinsights_sitenote_category":0},"product_brand":[],"product_cat":[12540,12291],"product_tag":[],"class_list":{"0":"post-757517","1":"product","2":"type-product","3":"status-publish","5":"product_cat-bilim-kurgu","6":"product_cat-edebiyat","7":"pa_cilt-ciltsiz","8":"pa_tur-kitap","9":"pa_yayinevi-luna-yayinlari","10":"pa_yazar-gorkem-uyanik","12":"first","13":"instock","14":"sale","15":"shipping-taxable","16":"purchasable","17":"product-type-simple"},"_links":{"self":[{"href":"https:\/\/roveyayinevi.com.tr\/index.php\/wp-json\/wp\/v2\/product\/757517","targetHints":{"allow":["GET"]}}],"collection":[{"href":"https:\/\/roveyayinevi.com.tr\/index.php\/wp-json\/wp\/v2\/product"}],"about":[{"href":"https:\/\/roveyayinevi.com.tr\/index.php\/wp-json\/wp\/v2\/types\/product"}],"wp:attachment":[{"href":"https:\/\/roveyayinevi.com.tr\/index.php\/wp-json\/wp\/v2\/media?parent=757517"}],"wp:term":[{"taxonomy":"product_brand","embeddable":true,"href":"https:\/\/roveyayinevi.com.tr\/index.php\/wp-json\/wp\/v2\/product_brand?post=757517"},{"taxonomy":"product_cat","embeddable":true,"href":"https:\/\/roveyayinevi.com.tr\/index.php\/wp-json\/wp\/v2\/product_cat?post=757517"},{"taxonomy":"product_tag","embeddable":true,"href":"https:\/\/roveyayinevi.com.tr\/index.php\/wp-json\/wp\/v2\/product_tag?post=757517"}],"curies":[{"name":"wp","href":"https:\/\/api.w.org\/{rel}","templated":true}]}}