{"id":757516,"date":"2025-08-28T07:38:03","date_gmt":"2025-08-28T04:38:03","guid":{"rendered":"https:\/\/roveyayinevi.com.tr\/index.php\/urun\/kaya-gibi-agir-yaprak-gibi-hafif\/"},"modified":"2026-04-16T03:10:42","modified_gmt":"2026-04-16T00:10:42","slug":"kaya-gibi-agir-yaprak-gibi-hafif","status":"publish","type":"product","link":"https:\/\/roveyayinevi.com.tr\/index.php\/urun\/kaya-gibi-agir-yaprak-gibi-hafif\/","title":{"rendered":"Kaya Gibi A\u011f\u0131r, Yaprak Gibi Hafif"},"content":{"rendered":"<p>\u2013 Yapraklar gibi hafif \u015feyleri d\u00fc\u015f\u00fcn\u00fcyorum. Ba\u015fka neler hafiftir? \u2013 Ku\u015f t\u00fcyleri, puf \u00e7i\u00e7ekleri, kelebekler, kar\u0131ncalar\u2026 \u2013 Hafif \u015feyler daha kolay bozuluyor sanki, ne dersin?   Felsefeci ve e\u011fitmen \u00d6zge \u00d6zdemir\u2019in \u00c7ocuklar i\u00e7in Felsefe (P4C) y\u00f6nteminden ilham alarak yazd\u0131\u011f\u0131 K\u00fc\u00e7\u00fck D\u00fc\u015f\u00fcn\u00fcrler Serisi, okul\u00f6ncesi e\u011fitimi program\u0131nda yer alan kavramlara odaklan\u0131yor. Bu kitapta kahramanlar\u0131m\u0131z, \u201cA\u011f\u0131r ve hafif nedir?\u201d diye soruyor. Do\u011fadaki nesnelere bakarak a\u011f\u0131r olan ayn\u0131 zamanda b\u00fcy\u00fck ve dayan\u0131kl\u0131 olan m\u0131d\u0131r diye d\u00fc\u015f\u00fcn\u00fcyor ve bizi de bu felsefi soru\u015fturman\u0131n i\u00e7ine al\u0131yorlar. <\/p>\n","protected":false},"excerpt":{"rendered":"<p>\u2013 Yapraklar gibi hafif \u015feyleri d\u00fc\u015f\u00fcn\u00fcyorum. Ba\u015fka neler hafiftir? \u2013 Ku\u015f t\u00fcyleri, puf \u00e7i\u00e7ekleri, kelebekler, kar\u0131ncalar\u2026 \u2013 Hafif \u015feyler daha kolay bozuluyor sanki, ne dersin? Felsefeci<span class=\"excerpt-hellip\"> [\u2026]<\/span><\/p>\n","protected":false},"featured_media":0,"template":"","meta":{"_monsterinsights_skip_tracking":false,"_monsterinsights_sitenote_active":false,"_monsterinsights_sitenote_note":"","_monsterinsights_sitenote_category":0},"product_brand":[],"product_cat":[12274,12518],"product_tag":[],"class_list":{"0":"post-757516","1":"product","2":"type-product","3":"status-publish","5":"product_cat-cocuk-ve-genclik-kitaplari","6":"product_cat-okul-oncesi-kitaplar","7":"pa_cilt-ciltsiz","8":"pa_tur-kitap","9":"pa_yayinevi-redhouse-kidz-yayinlari","10":"pa_yazar-ozge-ozdemir","12":"first","13":"instock","14":"sale","15":"shipping-taxable","16":"purchasable","17":"product-type-simple"},"_links":{"self":[{"href":"https:\/\/roveyayinevi.com.tr\/index.php\/wp-json\/wp\/v2\/product\/757516","targetHints":{"allow":["GET"]}}],"collection":[{"href":"https:\/\/roveyayinevi.com.tr\/index.php\/wp-json\/wp\/v2\/product"}],"about":[{"href":"https:\/\/roveyayinevi.com.tr\/index.php\/wp-json\/wp\/v2\/types\/product"}],"wp:attachment":[{"href":"https:\/\/roveyayinevi.com.tr\/index.php\/wp-json\/wp\/v2\/media?parent=757516"}],"wp:term":[{"taxonomy":"product_brand","embeddable":true,"href":"https:\/\/roveyayinevi.com.tr\/index.php\/wp-json\/wp\/v2\/product_brand?post=757516"},{"taxonomy":"product_cat","embeddable":true,"href":"https:\/\/roveyayinevi.com.tr\/index.php\/wp-json\/wp\/v2\/product_cat?post=757516"},{"taxonomy":"product_tag","embeddable":true,"href":"https:\/\/roveyayinevi.com.tr\/index.php\/wp-json\/wp\/v2\/product_tag?post=757516"}],"curies":[{"name":"wp","href":"https:\/\/api.w.org\/{rel}","templated":true}]}}