{"id":757515,"date":"2025-08-28T07:38:01","date_gmt":"2025-08-28T04:38:01","guid":{"rendered":"https:\/\/roveyayinevi.com.tr\/index.php\/urun\/cok-saydim-az-olctum\/"},"modified":"2026-04-16T03:10:42","modified_gmt":"2026-04-16T00:10:42","slug":"cok-saydim-az-olctum","status":"publish","type":"product","link":"https:\/\/roveyayinevi.com.tr\/index.php\/urun\/cok-saydim-az-olctum\/","title":{"rendered":"\u00c7ok Sayd\u0131m, Az \u00d6l\u00e7t\u00fcm"},"content":{"rendered":"<p>\u2013  D\u00f6rd\u00fcnc\u00fc harfle birlikte, \u201c\u00c7ok harf \u00f6\u011frendim,\u201d demeye ba\u015flad\u0131n, \u00f6yle mi? \u2013  Evet, \u00fc\u00e7ten sonra gelen her say\u0131 zaten \u00e7ok oluyor.   Felsefeci ve e\u011fitmen \u00d6zge \u00d6zdemir\u2019in \u00c7ocuklar i\u00e7in Felsefe (P4C) y\u00f6nteminden ilham alarak yazd\u0131\u011f\u0131 K\u00fc\u00e7\u00fck D\u00fc\u015f\u00fcn\u00fcrler Serisi, okul\u00f6ncesi e\u011fitimi program\u0131nda yer alan kavramlara odaklan\u0131yor. Bu kitapta kahramanlar\u0131m\u0131z, \u201cAz ve \u00e7ok nedir?\u201d diye soruyor. Bir \u015feyin az ya da \u00e7ok oldu\u011funa nas\u0131l karar verdiklerini konu\u015furken saymak ve \u00f6l\u00e7mek aras\u0131ndaki ayr\u0131m\u0131 fark ediyorlar. <\/p>\n","protected":false},"excerpt":{"rendered":"<p>\u2013 D\u00f6rd\u00fcnc\u00fc harfle birlikte, \u201c\u00c7ok harf \u00f6\u011frendim,\u201d demeye ba\u015flad\u0131n, \u00f6yle mi? \u2013 Evet, \u00fc\u00e7ten sonra gelen her say\u0131 zaten \u00e7ok oluyor. Felsefeci ve e\u011fitmen \u00d6zge \u00d6zdemir\u2019in<span class=\"excerpt-hellip\"> [\u2026]<\/span><\/p>\n","protected":false},"featured_media":0,"template":"","meta":{"_monsterinsights_skip_tracking":false,"_monsterinsights_sitenote_active":false,"_monsterinsights_sitenote_note":"","_monsterinsights_sitenote_category":0},"product_brand":[],"product_cat":[12274,12518],"product_tag":[],"class_list":{"0":"post-757515","1":"product","2":"type-product","3":"status-publish","5":"product_cat-cocuk-ve-genclik-kitaplari","6":"product_cat-okul-oncesi-kitaplar","7":"pa_cilt-ciltsiz","8":"pa_tur-kitap","9":"pa_yayinevi-redhouse-kidz-yayinlari","10":"pa_yazar-ozge-ozdemir","12":"first","13":"instock","14":"sale","15":"shipping-taxable","16":"purchasable","17":"product-type-simple"},"_links":{"self":[{"href":"https:\/\/roveyayinevi.com.tr\/index.php\/wp-json\/wp\/v2\/product\/757515","targetHints":{"allow":["GET"]}}],"collection":[{"href":"https:\/\/roveyayinevi.com.tr\/index.php\/wp-json\/wp\/v2\/product"}],"about":[{"href":"https:\/\/roveyayinevi.com.tr\/index.php\/wp-json\/wp\/v2\/types\/product"}],"wp:attachment":[{"href":"https:\/\/roveyayinevi.com.tr\/index.php\/wp-json\/wp\/v2\/media?parent=757515"}],"wp:term":[{"taxonomy":"product_brand","embeddable":true,"href":"https:\/\/roveyayinevi.com.tr\/index.php\/wp-json\/wp\/v2\/product_brand?post=757515"},{"taxonomy":"product_cat","embeddable":true,"href":"https:\/\/roveyayinevi.com.tr\/index.php\/wp-json\/wp\/v2\/product_cat?post=757515"},{"taxonomy":"product_tag","embeddable":true,"href":"https:\/\/roveyayinevi.com.tr\/index.php\/wp-json\/wp\/v2\/product_tag?post=757515"}],"curies":[{"name":"wp","href":"https:\/\/api.w.org\/{rel}","templated":true}]}}