{"id":757514,"date":"2025-08-28T07:37:59","date_gmt":"2025-08-28T04:37:59","guid":{"rendered":"https:\/\/roveyayinevi.com.tr\/index.php\/urun\/durmayalim-duseriz-2\/"},"modified":"2026-04-16T03:10:42","modified_gmt":"2026-04-16T00:10:42","slug":"durmayalim-duseriz-2","status":"publish","type":"product","link":"https:\/\/roveyayinevi.com.tr\/index.php\/urun\/durmayalim-duseriz-2\/","title":{"rendered":"Durmayal\u0131m D\u00fc\u015feriz"},"content":{"rendered":"<p>Ya\u011fmurlu bir g\u00fcn\u00fcn sabah\u0131nda Yoku\u015fpa\u015fal\u0131lar ac\u0131 bir \u00e7\u0131\u011fl\u0131kla uyand\u0131: \u201cAsumaaan! Neredesiiin? Yer yar\u0131ld\u0131 da i\u00e7ine mi girdin Asuman!\u201d Oysa mahallede tek kaybolan Asuman de\u011fildi. Art arda hi\u00e7 akla gelmeyecek \u015feyler de kaybolacakt\u0131, mesela Bakkal Osman\u2019\u0131n d\u00fckk\u00e2n\u0131n\u0131n kap\u0131s\u0131.  Yoku\u015fpa\u015fa sakinleri bu gizemi \u00e7\u00f6zmek i\u00e7in ilk kez bir araya topland\u0131lar: Kaybolanlar\u0131 nas\u0131l geri getirebilirlerdi?   \u00c7ocuk edebiyat\u0131n\u0131n sevilen yazar\u0131 Burcu Akta\u015f&#8217;\u0131n birbirinden ilgin\u00e7 karakterlerle anlatt\u0131\u011f\u0131 bu heyecanl\u0131 ke\u015fif hik\u00e2yesini \u00e7ok seveceksiniz. <\/p>\n","protected":false},"excerpt":{"rendered":"<p>Ya\u011fmurlu bir g\u00fcn\u00fcn sabah\u0131nda Yoku\u015fpa\u015fal\u0131lar ac\u0131 bir \u00e7\u0131\u011fl\u0131kla uyand\u0131: \u201cAsumaaan! Neredesiiin? Yer yar\u0131ld\u0131 da i\u00e7ine mi girdin Asuman!\u201d Oysa mahallede tek kaybolan Asuman de\u011fildi. Art arda<span class=\"excerpt-hellip\"> [\u2026]<\/span><\/p>\n","protected":false},"featured_media":0,"template":"","meta":{"_monsterinsights_skip_tracking":false,"_monsterinsights_sitenote_active":false,"_monsterinsights_sitenote_note":"","_monsterinsights_sitenote_category":0},"product_brand":[],"product_cat":[12274,12284],"product_tag":[],"class_list":{"0":"post-757514","1":"product","2":"type-product","3":"status-publish","5":"product_cat-cocuk-ve-genclik-kitaplari","6":"product_cat-hikayeler","7":"pa_cilt-ciltsiz","8":"pa_tur-kitap","9":"pa_yayinevi-redhouse-kidz-yayinlari","10":"pa_yazar-burcu-aktas","12":"first","13":"instock","14":"sale","15":"shipping-taxable","16":"purchasable","17":"product-type-simple"},"_links":{"self":[{"href":"https:\/\/roveyayinevi.com.tr\/index.php\/wp-json\/wp\/v2\/product\/757514","targetHints":{"allow":["GET"]}}],"collection":[{"href":"https:\/\/roveyayinevi.com.tr\/index.php\/wp-json\/wp\/v2\/product"}],"about":[{"href":"https:\/\/roveyayinevi.com.tr\/index.php\/wp-json\/wp\/v2\/types\/product"}],"wp:attachment":[{"href":"https:\/\/roveyayinevi.com.tr\/index.php\/wp-json\/wp\/v2\/media?parent=757514"}],"wp:term":[{"taxonomy":"product_brand","embeddable":true,"href":"https:\/\/roveyayinevi.com.tr\/index.php\/wp-json\/wp\/v2\/product_brand?post=757514"},{"taxonomy":"product_cat","embeddable":true,"href":"https:\/\/roveyayinevi.com.tr\/index.php\/wp-json\/wp\/v2\/product_cat?post=757514"},{"taxonomy":"product_tag","embeddable":true,"href":"https:\/\/roveyayinevi.com.tr\/index.php\/wp-json\/wp\/v2\/product_tag?post=757514"}],"curies":[{"name":"wp","href":"https:\/\/api.w.org\/{rel}","templated":true}]}}