{"id":757512,"date":"2025-08-28T07:37:56","date_gmt":"2025-08-28T04:37:56","guid":{"rendered":"https:\/\/roveyayinevi.com.tr\/index.php\/urun\/ahmed-yesevi-ve-siirlerle-menkibeleri\/"},"modified":"2026-04-16T03:10:42","modified_gmt":"2026-04-16T00:10:42","slug":"ahmed-yesevi-ve-siirlerle-menkibeleri","status":"publish","type":"product","link":"https:\/\/roveyayinevi.com.tr\/index.php\/urun\/ahmed-yesevi-ve-siirlerle-menkibeleri\/","title":{"rendered":"Ahmed Yesevi ve \u015eiirlerle Menk\u0131beleri"},"content":{"rendered":"<p>Hoca Ahmed Yesev\u00ee\u2019nin Menk\u0131belerini \u00f6l\u00fcm\u00fcnde \u00f6nceki menk\u0131beleri ve \u00f6l\u00fcm\u00fcnden sonraki menk\u0131beleri olarak iki ba\u015fl\u0131k alt\u0131nda incelenmektedir.Bu menk\u0131beler halk\u0131n muhayyilesinde \u015fekillenen haliyle s\u00f6ylene s\u00f6ylene pek \u00e7ok kitapta yaz\u0131la yaz\u0131la, As\u0131rlardan beri g\u00fcn\u00fcm\u00fcze kadar gelmi\u015ftir.\u0130\u015fte biz bu menk\u0131beleri \u00e7e\u015fitli kaynaklardan tespit edebildiklerimizi nesir halinden \u015fiire adapte ederek okuyucular\u0131m\u0131za toplu halde sunmay\u0131 hedefledik. Akl\u0131m\u0131z erdi\u011fince, g\u00fcc\u00fcm\u00fcz yetti\u011fince bu eseri meydana getirdik.<\/p>\n","protected":false},"excerpt":{"rendered":"<p>Hoca Ahmed Yesev\u00ee\u2019nin Menk\u0131belerini \u00f6l\u00fcm\u00fcnde \u00f6nceki menk\u0131beleri ve \u00f6l\u00fcm\u00fcnden sonraki menk\u0131beleri olarak iki ba\u015fl\u0131k alt\u0131nda incelenmektedir.Bu menk\u0131beler halk\u0131n muhayyilesinde \u015fekillenen haliyle s\u00f6ylene s\u00f6ylene pek \u00e7ok kitapta<span class=\"excerpt-hellip\"> [\u2026]<\/span><\/p>\n","protected":false},"featured_media":0,"template":"","meta":{"_monsterinsights_skip_tracking":false,"_monsterinsights_sitenote_active":false,"_monsterinsights_sitenote_note":"","_monsterinsights_sitenote_category":0},"product_brand":[],"product_cat":[12291,12509],"product_tag":[],"class_list":{"0":"post-757512","1":"product","2":"type-product","3":"status-publish","5":"product_cat-edebiyat","6":"product_cat-siir","7":"pa_cilt-ciltsiz","8":"pa_tur-kitap","9":"pa_yayinevi-efsun-yayincilik","10":"pa_yazar-ibrahim-sagir","12":"first","13":"instock","14":"sale","15":"shipping-taxable","16":"purchasable","17":"product-type-simple"},"_links":{"self":[{"href":"https:\/\/roveyayinevi.com.tr\/index.php\/wp-json\/wp\/v2\/product\/757512","targetHints":{"allow":["GET"]}}],"collection":[{"href":"https:\/\/roveyayinevi.com.tr\/index.php\/wp-json\/wp\/v2\/product"}],"about":[{"href":"https:\/\/roveyayinevi.com.tr\/index.php\/wp-json\/wp\/v2\/types\/product"}],"wp:attachment":[{"href":"https:\/\/roveyayinevi.com.tr\/index.php\/wp-json\/wp\/v2\/media?parent=757512"}],"wp:term":[{"taxonomy":"product_brand","embeddable":true,"href":"https:\/\/roveyayinevi.com.tr\/index.php\/wp-json\/wp\/v2\/product_brand?post=757512"},{"taxonomy":"product_cat","embeddable":true,"href":"https:\/\/roveyayinevi.com.tr\/index.php\/wp-json\/wp\/v2\/product_cat?post=757512"},{"taxonomy":"product_tag","embeddable":true,"href":"https:\/\/roveyayinevi.com.tr\/index.php\/wp-json\/wp\/v2\/product_tag?post=757512"}],"curies":[{"name":"wp","href":"https:\/\/api.w.org\/{rel}","templated":true}]}}