{"id":757511,"date":"2025-08-28T07:37:54","date_gmt":"2025-08-28T04:37:54","guid":{"rendered":"https:\/\/roveyayinevi.com.tr\/index.php\/urun\/macbeth-8\/"},"modified":"2026-04-16T03:10:42","modified_gmt":"2026-04-16T00:10:42","slug":"macbeth-8","status":"publish","type":"product","link":"https:\/\/roveyayinevi.com.tr\/index.php\/urun\/macbeth-8\/","title":{"rendered":"Macbeth"},"content":{"rendered":"<p>Bir \u00e7ay\u0131rda kar\u015f\u0131la\u015ft\u0131\u011f\u0131 \u00fc\u00e7 tuhaf k\u0131z karde\u015fin kehanetlerine saplant\u0131l\u0131 \u015fekilde inanan Macbeth\u2019in g\u00f6z\u00fcn\u00fc karanl\u0131k bir iktidar h\u0131rs\u0131 b\u00fcr\u00fcr. Kar\u0131s\u0131n\u0131n hastal\u0131kl\u0131 k\u0131\u015fk\u0131rtmalar\u0131n\u0131n da iyice besledi\u011fi bu h\u0131rs, Macbeth\u2019e en k\u00f6t\u00fc k\u00e2buslar\u0131nda bile g\u00f6remeyece\u011fi \u015feyler yapt\u0131r\u0131r. Yeni kral ve krali\u00e7e karanl\u0131k ge\u00e7mi\u015flerinin hat\u0131ras\u0131yla g\u00fcnden g\u00fcne paranoyakla\u015f\u0131rken, elde edilen g\u00fcc\u00fcn bedeli de her g\u00fcn y\u00fckselir. Tuhaf olansa, Shakespeare\u2019in di\u011fer k\u00f6t\u00fclerine k\u0131yasla Macbeth\u2019in yapt\u0131klar\u0131ndan her an pi\u015fmanl\u0131k ve korku duyuyor olu\u015fudur. Shakespeare\u2019in 1606 y\u0131l\u0131nda kaleme ald\u0131\u011f\u0131 d\u00fc\u015f\u00fcn\u00fclen Macbeth, yazar\u0131n trajedileri aras\u0131nda en k\u0131sa, ancak en \u00e7arp\u0131c\u0131 olan\u0131d\u0131r. Di\u011fer oyunlar\u0131nda yapt\u0131\u011f\u0131ndan farkl\u0131 olarak Shakespeare\u2019in daha \u00e7ok iki karaktere, Macbeth ve Lady Macbeth\u2019e yo\u011funla\u015ft\u0131\u011f\u0131 oyun iktidar h\u0131rs\u0131, manip\u00fclasyon, a\u00e7g\u00f6zl\u00fcl\u00fck, ahlak, iyilik ve k\u00f6t\u00fcl\u00fck kavramlar\u0131na odaklan\u0131r.<\/p>\n","protected":false},"excerpt":{"rendered":"<p>Bir \u00e7ay\u0131rda kar\u015f\u0131la\u015ft\u0131\u011f\u0131 \u00fc\u00e7 tuhaf k\u0131z karde\u015fin kehanetlerine saplant\u0131l\u0131 \u015fekilde inanan Macbeth\u2019in g\u00f6z\u00fcn\u00fc karanl\u0131k bir iktidar h\u0131rs\u0131 b\u00fcr\u00fcr. Kar\u0131s\u0131n\u0131n hastal\u0131kl\u0131 k\u0131\u015fk\u0131rtmalar\u0131n\u0131n da iyice besledi\u011fi bu h\u0131rs,<span class=\"excerpt-hellip\"> [\u2026]<\/span><\/p>\n","protected":false},"featured_media":0,"template":"","meta":{"_monsterinsights_skip_tracking":false,"_monsterinsights_sitenote_active":false,"_monsterinsights_sitenote_note":"","_monsterinsights_sitenote_category":0},"product_brand":[],"product_cat":[12291,14272],"product_tag":[],"class_list":{"0":"post-757511","1":"product","2":"type-product","3":"status-publish","5":"product_cat-edebiyat","6":"product_cat-tiyatro","7":"pa_cilt-ciltsiz","8":"pa_tur-kitap","9":"pa_yayinevi-can-yayinlari","10":"pa_yazar-william-shakespeare","12":"first","13":"instock","14":"sale","15":"shipping-taxable","16":"purchasable","17":"product-type-simple"},"_links":{"self":[{"href":"https:\/\/roveyayinevi.com.tr\/index.php\/wp-json\/wp\/v2\/product\/757511","targetHints":{"allow":["GET"]}}],"collection":[{"href":"https:\/\/roveyayinevi.com.tr\/index.php\/wp-json\/wp\/v2\/product"}],"about":[{"href":"https:\/\/roveyayinevi.com.tr\/index.php\/wp-json\/wp\/v2\/types\/product"}],"wp:attachment":[{"href":"https:\/\/roveyayinevi.com.tr\/index.php\/wp-json\/wp\/v2\/media?parent=757511"}],"wp:term":[{"taxonomy":"product_brand","embeddable":true,"href":"https:\/\/roveyayinevi.com.tr\/index.php\/wp-json\/wp\/v2\/product_brand?post=757511"},{"taxonomy":"product_cat","embeddable":true,"href":"https:\/\/roveyayinevi.com.tr\/index.php\/wp-json\/wp\/v2\/product_cat?post=757511"},{"taxonomy":"product_tag","embeddable":true,"href":"https:\/\/roveyayinevi.com.tr\/index.php\/wp-json\/wp\/v2\/product_tag?post=757511"}],"curies":[{"name":"wp","href":"https:\/\/api.w.org\/{rel}","templated":true}]}}