{"id":757509,"date":"2025-08-28T07:37:51","date_gmt":"2025-08-28T04:37:51","guid":{"rendered":"https:\/\/roveyayinevi.com.tr\/index.php\/urun\/korku-16\/"},"modified":"2026-04-16T03:10:42","modified_gmt":"2026-04-16T00:10:42","slug":"korku-16","status":"publish","type":"product","link":"https:\/\/roveyayinevi.com.tr\/index.php\/urun\/korku-16\/","title":{"rendered":"Korku"},"content":{"rendered":"<p>Burjuva ahlak\u0131n\u0131n gereklerini \u00fcst\u00fcnk\u00f6r\u00fc yerine getiren otuz ya\u015f\u0131ndaki, evli ve iki \u00e7ocuk annesi Irene Wagner, sekiz y\u0131ll\u0131k evlili\u011findeki tekd\u00fczelikten bunal\u0131p kocas\u0131n\u0131 gen\u00e7 bir piyanistle aldatmaya ba\u015flar fakat yakalanma korkusu en az yasak arzusu kadar b\u00fcy\u00fckt\u00fcr. Ne zaman sevgilisinin evinden \u00e7\u0131ksa, bu korku onun i\u00e7ini yiyip bitirmektedir. G\u00fcn\u00fcn birinde, bir kad\u0131n taraf\u0131ndan fark edilip \u015fantaja maruz kal\u0131nca, \u00fcstelik kocas\u0131 da bu durumdan \u015f\u00fcphelenmeye ba\u015flay\u0131nca, bireysel tutku ile toplumsal normlar aras\u0131ndaki \u00e7at\u0131\u015fma, korku ve su\u00e7luluk duygusuyla ezilen kad\u0131n azap verici bir kabusa s\u00fcr\u00fcklenir ve hayat\u0131 b\u00fcsb\u00fct\u00fcn raydan \u00e7\u0131kar. Ba\u015fta Roberto Rossellini olmak \u00fczere bir\u00e7ok y\u00f6netmen taraf\u0131ndan beyazperdeye uyarlanan Korku, Stefan Zweig\u2019\u0131n her zamanki gibi insan ruhunun derinliklerini b\u00fcy\u00fck bir ustal\u0131kla soru\u015fturdu\u011fu, nefes kesici bir uzun \u00f6yk\u00fc. <\/p>\n","protected":false},"excerpt":{"rendered":"<p>Burjuva ahlak\u0131n\u0131n gereklerini \u00fcst\u00fcnk\u00f6r\u00fc yerine getiren otuz ya\u015f\u0131ndaki, evli ve iki \u00e7ocuk annesi Irene Wagner, sekiz y\u0131ll\u0131k evlili\u011findeki tekd\u00fczelikten bunal\u0131p kocas\u0131n\u0131 gen\u00e7 bir piyanistle aldatmaya ba\u015flar<span class=\"excerpt-hellip\"> [\u2026]<\/span><\/p>\n","protected":false},"featured_media":0,"template":"","meta":{"_monsterinsights_skip_tracking":false,"_monsterinsights_sitenote_active":false,"_monsterinsights_sitenote_note":"","_monsterinsights_sitenote_category":0},"product_brand":[],"product_cat":[12291,12711],"product_tag":[],"class_list":{"0":"post-757509","1":"product","2":"type-product","3":"status-publish","5":"product_cat-edebiyat","6":"product_cat-roman-oyku","7":"pa_cilt-ciltsiz","8":"pa_tur-kitap","9":"pa_yayinevi-can-yayinlari","10":"pa_yazar-stefan-zweig","12":"first","13":"instock","14":"sale","15":"shipping-taxable","16":"purchasable","17":"product-type-simple"},"_links":{"self":[{"href":"https:\/\/roveyayinevi.com.tr\/index.php\/wp-json\/wp\/v2\/product\/757509","targetHints":{"allow":["GET"]}}],"collection":[{"href":"https:\/\/roveyayinevi.com.tr\/index.php\/wp-json\/wp\/v2\/product"}],"about":[{"href":"https:\/\/roveyayinevi.com.tr\/index.php\/wp-json\/wp\/v2\/types\/product"}],"wp:attachment":[{"href":"https:\/\/roveyayinevi.com.tr\/index.php\/wp-json\/wp\/v2\/media?parent=757509"}],"wp:term":[{"taxonomy":"product_brand","embeddable":true,"href":"https:\/\/roveyayinevi.com.tr\/index.php\/wp-json\/wp\/v2\/product_brand?post=757509"},{"taxonomy":"product_cat","embeddable":true,"href":"https:\/\/roveyayinevi.com.tr\/index.php\/wp-json\/wp\/v2\/product_cat?post=757509"},{"taxonomy":"product_tag","embeddable":true,"href":"https:\/\/roveyayinevi.com.tr\/index.php\/wp-json\/wp\/v2\/product_tag?post=757509"}],"curies":[{"name":"wp","href":"https:\/\/api.w.org\/{rel}","templated":true}]}}